{"id":3675,"date":"2024-02-27T11:41:55","date_gmt":"2024-02-27T14:41:55","guid":{"rendered":"http:\/\/hidrotecni-k.com.ar\/site\/?post_type=product&#038;p=3675"},"modified":"2024-02-27T11:41:56","modified_gmt":"2024-02-27T14:41:56","slug":"mak-mini-para-piletas-de-lona-x-1lt","status":"publish","type":"product","link":"https:\/\/hidrotecni-k.com.ar\/site\/producto\/mak-mini-para-piletas-de-lona-x-1lt\/","title":{"rendered":"Mak Mini para piletas de lona x 1lt"},"content":{"rendered":"<p>Es un alguicida que mantiene el agua, siendo excelente para la protecci\u00f3n de la salud de ni\u00f1os y beb\u00e9s en ba\u00f1os en peque\u00f1as piscinas de lona o pl\u00e1stico.<br \/>\nPuede utilizarse puro o diluido.<br \/>\nDosificaci\u00f3n: 1\/4 cada 5000 litros de agua.<\/p>\n","protected":false},"excerpt":{"rendered":"<p>Es un alguicida que mantiene el agua, siendo excelente para la protecci\u00f3n de la salud de ni\u00f1os y beb\u00e9s en ba\u00f1os en peque\u00f1as piscinas de lona o pl\u00e1stico.<\/p>\n","protected":false},"featured_media":3676,"comment_status":"open","ping_status":"closed","template":"","meta":[],"product_brand":[],"product_cat":[93,176,105],"product_tag":[],"class_list":{"0":"post-3675","1":"product","2":"type-product","3":"status-publish","4":"has-post-thumbnail","6":"product_cat-piscinas-filtros","7":"product_cat-productos-mantenimiento-piscinas","8":"product_cat-productos-quimicos-piscinas","10":"first","11":"instock","12":"shipping-taxable","13":"product-type-simple"},"_links":{"self":[{"href":"https:\/\/hidrotecni-k.com.ar\/site\/wp-json\/wp\/v2\/product\/3675","targetHints":{"allow":["GET"]}}],"collection":[{"href":"https:\/\/hidrotecni-k.com.ar\/site\/wp-json\/wp\/v2\/product"}],"about":[{"href":"https:\/\/hidrotecni-k.com.ar\/site\/wp-json\/wp\/v2\/types\/product"}],"replies":[{"embeddable":true,"href":"https:\/\/hidrotecni-k.com.ar\/site\/wp-json\/wp\/v2\/comments?post=3675"}],"wp:featuredmedia":[{"embeddable":true,"href":"https:\/\/hidrotecni-k.com.ar\/site\/wp-json\/wp\/v2\/media\/3676"}],"wp:attachment":[{"href":"https:\/\/hidrotecni-k.com.ar\/site\/wp-json\/wp\/v2\/media?parent=3675"}],"wp:term":[{"taxonomy":"product_brand","embeddable":true,"href":"https:\/\/hidrotecni-k.com.ar\/site\/wp-json\/wp\/v2\/product_brand?post=3675"},{"taxonomy":"product_cat","embeddable":true,"href":"https:\/\/hidrotecni-k.com.ar\/site\/wp-json\/wp\/v2\/product_cat?post=3675"},{"taxonomy":"product_tag","embeddable":true,"href":"https:\/\/hidrotecni-k.com.ar\/site\/wp-json\/wp\/v2\/product_tag?post=3675"}],"curies":[{"name":"wp","href":"https:\/\/api.w.org\/{rel}","templated":true}]}}