{"id":3672,"date":"2024-02-27T10:47:47","date_gmt":"2024-02-27T13:47:47","guid":{"rendered":"http:\/\/hidrotecni-k.com.ar\/site\/?post_type=product&#038;p=3672"},"modified":"2024-02-27T10:47:47","modified_gmt":"2024-02-27T13:47:47","slug":"kit-para-pileta-de-lona-nataclor","status":"publish","type":"product","link":"https:\/\/hidrotecni-k.com.ar\/site\/producto\/kit-para-pileta-de-lona-nataclor\/","title":{"rendered":"Kit para pileta de lona Nataclor"},"content":{"rendered":"<p>El kit est\u00e1 compuesto por una boya para pastillas de 50gr y un pote de 5 pastillas de cloro multifunci\u00f3n, que mantienen el agua de la piscina limpia y cristalina, gracias a su acci\u00f3n antimicrobiana, clarificadora y con una proporci\u00f3n de alguicida l\u00edquido.<br \/>\nEs recomendable para piscinas de lona ya que no decolora el fondo  y al colocarse dentro de la boya queda flotando en la superficie prolongando el mantenimiento de la misma.<\/p>\n<p>Dosificaci\u00f3n: cada 5.000 litros: 1 pastilla.<\/p>\n","protected":false},"excerpt":{"rendered":"<p>El kit est\u00e1 compuesto por una boya para pastillas de 50gr y un pote de 5 pastillas de cloro multifunci\u00f3n, que mantienen el agua de la piscina limpia y cristalina, gracias a su acci\u00f3n antimicrobiana, clarificadora y con una proporci\u00f3n de alguicida l\u00edquido.<\/p>\n","protected":false},"featured_media":3673,"comment_status":"open","ping_status":"closed","template":"","meta":[],"product_brand":[],"product_cat":[93,176,105],"product_tag":[],"class_list":{"0":"post-3672","1":"product","2":"type-product","3":"status-publish","4":"has-post-thumbnail","6":"product_cat-piscinas-filtros","7":"product_cat-productos-mantenimiento-piscinas","8":"product_cat-productos-quimicos-piscinas","10":"first","11":"instock","12":"shipping-taxable","13":"product-type-simple"},"_links":{"self":[{"href":"https:\/\/hidrotecni-k.com.ar\/site\/wp-json\/wp\/v2\/product\/3672","targetHints":{"allow":["GET"]}}],"collection":[{"href":"https:\/\/hidrotecni-k.com.ar\/site\/wp-json\/wp\/v2\/product"}],"about":[{"href":"https:\/\/hidrotecni-k.com.ar\/site\/wp-json\/wp\/v2\/types\/product"}],"replies":[{"embeddable":true,"href":"https:\/\/hidrotecni-k.com.ar\/site\/wp-json\/wp\/v2\/comments?post=3672"}],"wp:featuredmedia":[{"embeddable":true,"href":"https:\/\/hidrotecni-k.com.ar\/site\/wp-json\/wp\/v2\/media\/3673"}],"wp:attachment":[{"href":"https:\/\/hidrotecni-k.com.ar\/site\/wp-json\/wp\/v2\/media?parent=3672"}],"wp:term":[{"taxonomy":"product_brand","embeddable":true,"href":"https:\/\/hidrotecni-k.com.ar\/site\/wp-json\/wp\/v2\/product_brand?post=3672"},{"taxonomy":"product_cat","embeddable":true,"href":"https:\/\/hidrotecni-k.com.ar\/site\/wp-json\/wp\/v2\/product_cat?post=3672"},{"taxonomy":"product_tag","embeddable":true,"href":"https:\/\/hidrotecni-k.com.ar\/site\/wp-json\/wp\/v2\/product_tag?post=3672"}],"curies":[{"name":"wp","href":"https:\/\/api.w.org\/{rel}","templated":true}]}}