{"id":3670,"date":"2024-02-27T10:31:24","date_gmt":"2024-02-27T13:31:24","guid":{"rendered":"http:\/\/hidrotecni-k.com.ar\/site\/?post_type=product&#038;p=3670"},"modified":"2024-02-27T10:32:24","modified_gmt":"2024-02-27T13:32:24","slug":"fungicida-nataclor-x-1lt","status":"publish","type":"product","link":"https:\/\/hidrotecni-k.com.ar\/site\/producto\/fungicida-nataclor-x-1lt\/","title":{"rendered":"Fungicida Nataclor x 1lt"},"content":{"rendered":"<p>Previene la formaci\u00f3n y combate la presencia de algas negras (hongos negros), siendo eficaz tambi\u00e9n para todo tipo de algas.<br \/>\nSe puede utilizar en todo tipo de piscina. Para su uso se se recomienda cepillar las manchas antes de la aplicaci\u00f3n y continuar el cepillado diariamente como m\u00ednimo dos d\u00edas despu\u00e9s de la aplicaci\u00f3n.<br \/>\nDosificaci\u00f3n: cada 50.000 litros: 1 litro por semana. ante una fuerte presencia de hongos negros, cepillar las manchas en paredes y piso. filtrar el agua, y aplicar la misma dosis.<\/p>\n","protected":false},"excerpt":{"rendered":"<p>Previene la formaci\u00f3n y combate la presencia de algas negras (hongos negros), siendo eficaz tambi\u00e9n para todo tipo de algas.<br \/>\nApto para todo tipo de piscina.<\/p>\n","protected":false},"featured_media":3671,"comment_status":"open","ping_status":"closed","template":"","meta":[],"product_brand":[],"product_cat":[93,176,105],"product_tag":[],"class_list":{"0":"post-3670","1":"product","2":"type-product","3":"status-publish","4":"has-post-thumbnail","6":"product_cat-piscinas-filtros","7":"product_cat-productos-mantenimiento-piscinas","8":"product_cat-productos-quimicos-piscinas","10":"first","11":"instock","12":"shipping-taxable","13":"product-type-simple"},"_links":{"self":[{"href":"https:\/\/hidrotecni-k.com.ar\/site\/wp-json\/wp\/v2\/product\/3670","targetHints":{"allow":["GET"]}}],"collection":[{"href":"https:\/\/hidrotecni-k.com.ar\/site\/wp-json\/wp\/v2\/product"}],"about":[{"href":"https:\/\/hidrotecni-k.com.ar\/site\/wp-json\/wp\/v2\/types\/product"}],"replies":[{"embeddable":true,"href":"https:\/\/hidrotecni-k.com.ar\/site\/wp-json\/wp\/v2\/comments?post=3670"}],"wp:featuredmedia":[{"embeddable":true,"href":"https:\/\/hidrotecni-k.com.ar\/site\/wp-json\/wp\/v2\/media\/3671"}],"wp:attachment":[{"href":"https:\/\/hidrotecni-k.com.ar\/site\/wp-json\/wp\/v2\/media?parent=3670"}],"wp:term":[{"taxonomy":"product_brand","embeddable":true,"href":"https:\/\/hidrotecni-k.com.ar\/site\/wp-json\/wp\/v2\/product_brand?post=3670"},{"taxonomy":"product_cat","embeddable":true,"href":"https:\/\/hidrotecni-k.com.ar\/site\/wp-json\/wp\/v2\/product_cat?post=3670"},{"taxonomy":"product_tag","embeddable":true,"href":"https:\/\/hidrotecni-k.com.ar\/site\/wp-json\/wp\/v2\/product_tag?post=3670"}],"curies":[{"name":"wp","href":"https:\/\/api.w.org\/{rel}","templated":true}]}}