{"id":3664,"date":"2024-02-19T16:41:46","date_gmt":"2024-02-19T19:41:46","guid":{"rendered":"http:\/\/hidrotecni-k.com.ar\/site\/?post_type=product&#038;p=3664"},"modified":"2024-02-19T16:41:46","modified_gmt":"2024-02-19T19:41:46","slug":"ph-mas-en-polvo-nataclor-x-2kg","status":"publish","type":"product","link":"https:\/\/hidrotecni-k.com.ar\/site\/producto\/ph-mas-en-polvo-nataclor-x-2kg\/","title":{"rendered":"PH M\u00e1s en polvo Nataclor x 2kg"},"content":{"rendered":"<p>PH M\u00e1s aumenta el nivel de pH del agua cuando est\u00e1 bajo. El ideal es entre 7,2 y 7,6. Generalmente necesario para aguas blandas. Puede usarse en forma combinada con todo tipo de cloro y es apto para todo tipo de piscinas.<br \/>\nEl PH debe medirse antes de aplicar el cloro ya que optimiza su rendimiento. <\/p>\n<p>Dosificaci\u00f3n cada 40,000 litros: 250 grs para subir 0,1 unidad (ej.: de 7,1 a 7,2).<\/p>\n","protected":false},"excerpt":{"rendered":"<p>PH M\u00e1s aumenta el nivel de pH del agua cuando est\u00e1 bajo. El ideal es entre 7,2 y 7,6. Generalmente necesario para aguas blandas. Puede usarse en forma combinada con todo tipo de cloro y es apto para todo tipo de piscinas.<\/p>\n","protected":false},"featured_media":3665,"comment_status":"open","ping_status":"closed","template":"","meta":[],"product_brand":[],"product_cat":[93,176,105],"product_tag":[],"class_list":{"0":"post-3664","1":"product","2":"type-product","3":"status-publish","4":"has-post-thumbnail","6":"product_cat-piscinas-filtros","7":"product_cat-productos-mantenimiento-piscinas","8":"product_cat-productos-quimicos-piscinas","10":"first","11":"instock","12":"shipping-taxable","13":"product-type-simple"},"_links":{"self":[{"href":"https:\/\/hidrotecni-k.com.ar\/site\/wp-json\/wp\/v2\/product\/3664","targetHints":{"allow":["GET"]}}],"collection":[{"href":"https:\/\/hidrotecni-k.com.ar\/site\/wp-json\/wp\/v2\/product"}],"about":[{"href":"https:\/\/hidrotecni-k.com.ar\/site\/wp-json\/wp\/v2\/types\/product"}],"replies":[{"embeddable":true,"href":"https:\/\/hidrotecni-k.com.ar\/site\/wp-json\/wp\/v2\/comments?post=3664"}],"wp:featuredmedia":[{"embeddable":true,"href":"https:\/\/hidrotecni-k.com.ar\/site\/wp-json\/wp\/v2\/media\/3665"}],"wp:attachment":[{"href":"https:\/\/hidrotecni-k.com.ar\/site\/wp-json\/wp\/v2\/media?parent=3664"}],"wp:term":[{"taxonomy":"product_brand","embeddable":true,"href":"https:\/\/hidrotecni-k.com.ar\/site\/wp-json\/wp\/v2\/product_brand?post=3664"},{"taxonomy":"product_cat","embeddable":true,"href":"https:\/\/hidrotecni-k.com.ar\/site\/wp-json\/wp\/v2\/product_cat?post=3664"},{"taxonomy":"product_tag","embeddable":true,"href":"https:\/\/hidrotecni-k.com.ar\/site\/wp-json\/wp\/v2\/product_tag?post=3664"}],"curies":[{"name":"wp","href":"https:\/\/api.w.org\/{rel}","templated":true}]}}