{"id":3639,"date":"2023-06-06T12:29:38","date_gmt":"2023-06-06T15:29:38","guid":{"rendered":"http:\/\/hidrotecni-k.com.ar\/site\/?post_type=product&#038;p=3639"},"modified":"2023-06-06T12:30:35","modified_gmt":"2023-06-06T15:30:35","slug":"3639","status":"publish","type":"product","link":"https:\/\/hidrotecni-k.com.ar\/site\/producto\/3639\/","title":{"rendered":"Bomba elevadora Rowa Inteligente 20"},"content":{"rendered":"<p>La bomba inteligente es una bomba elevadora que permite abastecer viviendas de 1 a 3 plantas. La misma tiene la particularidad de no quemarse ante la falta de agua ya que posee un sensor que verifica y monitorea en forma peri\u00f3dica el estado de llenado del tanque de destino. Por esto optimiza la capacidad del tanque de destino, y automatiza su llenado.<\/p>\n<p>Este producto posibilita que la instalaci\u00f3n est\u00e9 mucho mejor preparada ante suministros deficientes e irregulares de la red de agua ya que gracias al sensor anteriormente descrito, no necesita de un flotante el\u00e9ctrico en el tanque de destino (elevado o cisterna). Lo que la convierte en un producto ideal para su vivienda siendo totalmente silenciosa y de excelente calidad.<\/p>\n<p><!--more--><\/p>\n<p><strong>Caracter\u00edsticas<\/strong><\/p>\n<ul>\n<li>Apta para tuber\u00edas de succi\u00f3n de \u00bd\u201d, \u00be\u201d y 1\u201d<\/li>\n<li>No requiere instalaci\u00f3n el\u00e9ctrica alguna entre la bomba y el tanque de destino (elevado o cisterna)<\/li>\n<li>Bajo consumo el\u00e9ctrico<\/li>\n<li>Protecci\u00f3n IP 44<\/li>\n<li>Tensiones disponibles: 220v<\/li>\n<li>Temperatura m\u00e1xima del agua: 40\u00baC<\/li>\n<li>Temperatura ambiente: 40\u00baC<\/li>\n<li>Presi\u00f3n m\u00e1xima del sistema: 4Kg\/cm\u00b2<\/li>\n<li>Tipo de aislaci\u00f3n: F<\/li>\n<li>P\u00e9rdida de carga m\u00e1xima en succi\u00f3n: 4 m.c.a.<\/li>\n<li>Bobinado protegido contra funcionamiento en seco, se apaga autom\u00e1ticamente<\/li>\n<li>Posee protector t\u00e9rmico incorporado.<\/li>\n<li>Entrada y salida con rosca de 1\u201d<\/li>\n<li>Conexi\u00f3n el\u00e9ctrica directa a la red<\/li>\n<\/ul>\n","protected":false},"excerpt":{"rendered":"<p>La bomba inteligente es una bomba elevadora que permite abastecer viviendas de 1 a 3 plantas. La misma tiene la particularidad de no quemarse ante la falta de agua ya que posee un sensor que verifica y monitorea en forma peri\u00f3dica el estado de llenado del tanque de destino. Por esto optimiza la capacidad del tanque de destino, y automatiza su llenado.<\/p>\n<p>Este producto posibilita que la instalaci\u00f3n est\u00e9 mucho mejor preparada ante suministros deficientes e irregulares de la red de agua ya que gracias al sensor anteriormente descrito, no necesita de un flotante el\u00e9ctrico en el tanque de destino (elevado o cisterna). Lo que la convierte en un producto ideal para su vivienda siendo totalmente silenciosa y de excelente calidad.<\/p>\n","protected":false},"featured_media":3640,"comment_status":"open","ping_status":"closed","template":"","meta":[],"product_brand":[],"product_cat":[62,72],"product_tag":[],"class_list":{"0":"post-3639","1":"product","2":"type-product","3":"status-publish","4":"has-post-thumbnail","6":"product_cat-bombas","7":"product_cat-equipos-de-presurizacion","9":"first","10":"instock","11":"shipping-taxable","12":"product-type-simple"},"_links":{"self":[{"href":"https:\/\/hidrotecni-k.com.ar\/site\/wp-json\/wp\/v2\/product\/3639","targetHints":{"allow":["GET"]}}],"collection":[{"href":"https:\/\/hidrotecni-k.com.ar\/site\/wp-json\/wp\/v2\/product"}],"about":[{"href":"https:\/\/hidrotecni-k.com.ar\/site\/wp-json\/wp\/v2\/types\/product"}],"replies":[{"embeddable":true,"href":"https:\/\/hidrotecni-k.com.ar\/site\/wp-json\/wp\/v2\/comments?post=3639"}],"wp:featuredmedia":[{"embeddable":true,"href":"https:\/\/hidrotecni-k.com.ar\/site\/wp-json\/wp\/v2\/media\/3640"}],"wp:attachment":[{"href":"https:\/\/hidrotecni-k.com.ar\/site\/wp-json\/wp\/v2\/media?parent=3639"}],"wp:term":[{"taxonomy":"product_brand","embeddable":true,"href":"https:\/\/hidrotecni-k.com.ar\/site\/wp-json\/wp\/v2\/product_brand?post=3639"},{"taxonomy":"product_cat","embeddable":true,"href":"https:\/\/hidrotecni-k.com.ar\/site\/wp-json\/wp\/v2\/product_cat?post=3639"},{"taxonomy":"product_tag","embeddable":true,"href":"https:\/\/hidrotecni-k.com.ar\/site\/wp-json\/wp\/v2\/product_tag?post=3639"}],"curies":[{"name":"wp","href":"https:\/\/api.w.org\/{rel}","templated":true}]}}