{"id":3607,"date":"2023-01-23T16:27:55","date_gmt":"2023-01-23T19:27:55","guid":{"rendered":"http:\/\/hidrotecni-k.com.ar\/site\/?post_type=product&#038;p=3607"},"modified":"2023-01-23T16:27:56","modified_gmt":"2023-01-23T19:27:56","slug":"filtro-fluvial-para-piscinas-de-hasta-40000-lts","status":"publish","type":"product","link":"https:\/\/hidrotecni-k.com.ar\/site\/producto\/filtro-fluvial-para-piscinas-de-hasta-40000-lts\/","title":{"rendered":"Filtro Fluvial para piscinas de hasta 40000 lts"},"content":{"rendered":"<p>El filtro es un elemento fundamental para el mantenimiento y limpieza de su piscina. Quita las impurezas y suciedades que quedan en el agua, dej\u00e1ndola lista para su uso. Posee una multiv\u00e1lvula de 6 v\u00edas que permite ejecutar diferentes funciones, las cuales son: Filtrado \u2013 retrolavado \u2013 enjuague \u2013 recirculado \u2013 desagote \u2013 cerrado. La misma, est\u00e1 se sujeta por medio de un zuncho a un tanque inyectado en pl\u00e1sticos de ingenier\u00eda, con protecci\u00f3n UV.<br \/>\nLa utilizaci\u00f3n de este filtro es recomendado para uso residencial y para piscinas de hasta 40000 lts. Se debe tener en cuenta el filtro a la hora de la elecci\u00f3n de la bomba que conforma el equipo de filtrado.<\/p>\n","protected":false},"excerpt":{"rendered":"<p>El filtro es un elemento fundamental para el mantenimiento y limpieza de su piscina. Quita las impurezas y suciedades que quedan en el agua, dej\u00e1ndola lista para su uso. Posee una multiv\u00e1lvula de 6 v\u00edas que permite ejecutar diferentes funciones, las cuales son: Filtrado \u2013 retrolavado \u2013 enjuague \u2013 recirculado \u2013 desagote \u2013 cerrado. La misma, est\u00e1 se sujeta por medio de un zuncho a un tanque inyectado en pl\u00e1sticos de ingenier\u00eda, con protecci\u00f3n UV.<br \/>\nLa utilizaci\u00f3n de este filtro es recomendado para uso residencial y para piscinas de hasta 40000 lts. Se debe tener en cuenta el filtro a la hora de la elecci\u00f3n de la bomba que conforma el equipo de filtrado.<\/p>\n","protected":false},"featured_media":3608,"comment_status":"open","ping_status":"closed","template":"","meta":[],"product_brand":[],"product_cat":[95,93],"product_tag":[],"class_list":{"0":"post-3607","1":"product","2":"type-product","3":"status-publish","4":"has-post-thumbnail","6":"product_cat-filtros-piscinas","7":"product_cat-piscinas-filtros","9":"first","10":"instock","11":"shipping-taxable","12":"product-type-simple"},"_links":{"self":[{"href":"https:\/\/hidrotecni-k.com.ar\/site\/wp-json\/wp\/v2\/product\/3607","targetHints":{"allow":["GET"]}}],"collection":[{"href":"https:\/\/hidrotecni-k.com.ar\/site\/wp-json\/wp\/v2\/product"}],"about":[{"href":"https:\/\/hidrotecni-k.com.ar\/site\/wp-json\/wp\/v2\/types\/product"}],"replies":[{"embeddable":true,"href":"https:\/\/hidrotecni-k.com.ar\/site\/wp-json\/wp\/v2\/comments?post=3607"}],"wp:featuredmedia":[{"embeddable":true,"href":"https:\/\/hidrotecni-k.com.ar\/site\/wp-json\/wp\/v2\/media\/3608"}],"wp:attachment":[{"href":"https:\/\/hidrotecni-k.com.ar\/site\/wp-json\/wp\/v2\/media?parent=3607"}],"wp:term":[{"taxonomy":"product_brand","embeddable":true,"href":"https:\/\/hidrotecni-k.com.ar\/site\/wp-json\/wp\/v2\/product_brand?post=3607"},{"taxonomy":"product_cat","embeddable":true,"href":"https:\/\/hidrotecni-k.com.ar\/site\/wp-json\/wp\/v2\/product_cat?post=3607"},{"taxonomy":"product_tag","embeddable":true,"href":"https:\/\/hidrotecni-k.com.ar\/site\/wp-json\/wp\/v2\/product_tag?post=3607"}],"curies":[{"name":"wp","href":"https:\/\/api.w.org\/{rel}","templated":true}]}}