{"id":3594,"date":"2023-01-20T12:56:13","date_gmt":"2023-01-20T15:56:13","guid":{"rendered":"http:\/\/hidrotecni-k.com.ar\/site\/?post_type=product&#038;p=3594"},"modified":"2023-01-20T12:57:30","modified_gmt":"2023-01-20T15:57:30","slug":"filtro-portatil-fluvial-para-60000-lts","status":"publish","type":"product","link":"https:\/\/hidrotecni-k.com.ar\/site\/producto\/filtro-portatil-fluvial-para-60000-lts\/","title":{"rendered":"Filtro port\u00e1til Fluvial para 60000 lts."},"content":{"rendered":"<p>Equipo de filtrado port\u00e1til ideal para la limpieza de piscinas de hasta 60000 lts. Posee una carga filtrante de pompones, lo que facilita el traslado del mismo.<br \/>\nSe compone por una bomba Plata de 1\/2 hp con tecla ON\/OFF sujeto a un carro de f\u00e1cil manejo. Adem\u00e1s es de dise\u00f1o compacto, silencioso, y de bajo consumo de energ\u00eda, siendo perfecto para el funcionamiento de su piscina.<\/p>\n<p><strong><br \/>\nCaracter\u00edsticas:<br \/>\nEl Filtro es de pl\u00e1stico inyectado con multiv\u00e1lvula de 6 v\u00edas y posee tres uniones dobles colocadas.<br \/>\nManguera autoflotante de 1 1\/2 reforzada de conexi\u00f3n filtro \u2013 bomba.<br \/>\nCarro reforzado.<br \/>\nMotor: construido bajo normas de seguridad el\u00e9ctrica, carcasa aletada que mejora la disipaci\u00f3n del calor.<br \/>\nBomba autocebante Plata 2.<\/p>\n","protected":false},"excerpt":{"rendered":"<p>Equipo de filtrado port\u00e1til ideal para la limpieza de piscinas de hasta 60000 lts. Posee una carga filtrante de pompones, lo que facilita el traslado del mismo.<br \/>\nSe compone por una bomba Plata de 1\/2 hp con tecla ON\/OFF sujeto a un carro de f\u00e1cil manejo. Adem\u00e1s es de dise\u00f1o compacto, silencioso, y de bajo consumo de energ\u00eda, siendo perfecto para el funcionamiento de su piscina.<\/p>\n","protected":false},"featured_media":3595,"comment_status":"open","ping_status":"closed","template":"","meta":[],"product_brand":[],"product_cat":[95,93],"product_tag":[],"class_list":{"0":"post-3594","1":"product","2":"type-product","3":"status-publish","4":"has-post-thumbnail","6":"product_cat-filtros-piscinas","7":"product_cat-piscinas-filtros","9":"first","10":"instock","11":"shipping-taxable","12":"product-type-simple"},"_links":{"self":[{"href":"https:\/\/hidrotecni-k.com.ar\/site\/wp-json\/wp\/v2\/product\/3594","targetHints":{"allow":["GET"]}}],"collection":[{"href":"https:\/\/hidrotecni-k.com.ar\/site\/wp-json\/wp\/v2\/product"}],"about":[{"href":"https:\/\/hidrotecni-k.com.ar\/site\/wp-json\/wp\/v2\/types\/product"}],"replies":[{"embeddable":true,"href":"https:\/\/hidrotecni-k.com.ar\/site\/wp-json\/wp\/v2\/comments?post=3594"}],"wp:featuredmedia":[{"embeddable":true,"href":"https:\/\/hidrotecni-k.com.ar\/site\/wp-json\/wp\/v2\/media\/3595"}],"wp:attachment":[{"href":"https:\/\/hidrotecni-k.com.ar\/site\/wp-json\/wp\/v2\/media?parent=3594"}],"wp:term":[{"taxonomy":"product_brand","embeddable":true,"href":"https:\/\/hidrotecni-k.com.ar\/site\/wp-json\/wp\/v2\/product_brand?post=3594"},{"taxonomy":"product_cat","embeddable":true,"href":"https:\/\/hidrotecni-k.com.ar\/site\/wp-json\/wp\/v2\/product_cat?post=3594"},{"taxonomy":"product_tag","embeddable":true,"href":"https:\/\/hidrotecni-k.com.ar\/site\/wp-json\/wp\/v2\/product_tag?post=3594"}],"curies":[{"name":"wp","href":"https:\/\/api.w.org\/{rel}","templated":true}]}}