{"id":3579,"date":"2023-01-19T15:10:31","date_gmt":"2023-01-19T18:10:31","guid":{"rendered":"http:\/\/hidrotecni-k.com.ar\/site\/?post_type=product&#038;p=3579"},"modified":"2023-01-19T15:10:48","modified_gmt":"2023-01-19T18:10:48","slug":"bomba-con-filtro-fluvial-para-piletas-de-lona-hasta-12000lts","status":"publish","type":"product","link":"https:\/\/hidrotecni-k.com.ar\/site\/producto\/bomba-con-filtro-fluvial-para-piletas-de-lona-hasta-12000lts\/","title":{"rendered":"Bomba con filtro Fluvial para piletas de lona hasta 12000lts"},"content":{"rendered":"<p>Equipo filtrante hasta 12000 lts. Posee una bomba autocebante de 1\/3hp con tecla on\/off, 4mts de manguera de succi\u00f3n de 1 1\/4 con pico conector, bastidor y ca\u00f1o fijador de manguera a pileta.<br \/>\nEs ideal para el mantenimiento y limpieza de piletas de lona. Adem\u00e1s de ser silencioso, su filtro de tela permite de forma r\u00e1pida y f\u00e1cil lavarlo manualmente.<\/p>\n<p><\/strong>Caracter\u00edsticas<strong> <\/p>\n<p>Marca: Fluvial<br \/>\nTipo de Bomba: Autocebante de 1\/3 hp con Filtro y tecla ON\/OFF.<br \/>\n* Turbina: Noryl<br \/>\n* Eje: Acero Inoxidable<br \/>\n* Material Cuerpo: Polipropileno Reforzado<br \/>\n* Motor: Bobinado de Cobre con Protector T\u00e9rmico (2850 r.p.m.)<br \/>\n* Caudal M\u00e1xima: 12000 (litros\/hora)<br \/>\n* Altura M\u00e1xima: 13 metros<br \/>\n* Succi\u00f3n M\u00e1xima: 5 metros<br \/>\n* Presi\u00f3n M\u00e1xima: 1.3 kg\/cm2<br \/>\n* Presi\u00f3n de Trabajo: 1.3 (bar)<br \/>\n* Conexi\u00f3n de Entrada: \u00d81.1\/2&#8243; pulgada.<br \/>\n* Conexi\u00f3n de Salida: \u00d81.1\/2&#8243; pulgada.<br \/>\n* Alimentaci\u00f3n: 220V. &#8211; 50Hz (monof\u00e1sica)<\/p>\n","protected":false},"excerpt":{"rendered":"<p>Equipo filtrante hasta 12000 lts. Posee una bomba autocebante de 1\/3hp con tecla on\/off, 4mts de manguera de succi\u00f3n de 1 1\/4 con pico conector, bastidor y ca\u00f1o fijador de manguera a pileta.<br \/>\nEs ideal para el mantenimiento y limpieza de piletas de lona. Adem\u00e1s de ser silencioso, su filtro de tela permite de forma r\u00e1pida y f\u00e1cil lavarlo manualmente.<\/p>\n","protected":false},"featured_media":3580,"comment_status":"open","ping_status":"closed","template":"","meta":[],"product_brand":[],"product_cat":[95,93],"product_tag":[],"class_list":{"0":"post-3579","1":"product","2":"type-product","3":"status-publish","4":"has-post-thumbnail","6":"product_cat-filtros-piscinas","7":"product_cat-piscinas-filtros","9":"first","10":"instock","11":"shipping-taxable","12":"product-type-simple"},"_links":{"self":[{"href":"https:\/\/hidrotecni-k.com.ar\/site\/wp-json\/wp\/v2\/product\/3579","targetHints":{"allow":["GET"]}}],"collection":[{"href":"https:\/\/hidrotecni-k.com.ar\/site\/wp-json\/wp\/v2\/product"}],"about":[{"href":"https:\/\/hidrotecni-k.com.ar\/site\/wp-json\/wp\/v2\/types\/product"}],"replies":[{"embeddable":true,"href":"https:\/\/hidrotecni-k.com.ar\/site\/wp-json\/wp\/v2\/comments?post=3579"}],"wp:featuredmedia":[{"embeddable":true,"href":"https:\/\/hidrotecni-k.com.ar\/site\/wp-json\/wp\/v2\/media\/3580"}],"wp:attachment":[{"href":"https:\/\/hidrotecni-k.com.ar\/site\/wp-json\/wp\/v2\/media?parent=3579"}],"wp:term":[{"taxonomy":"product_brand","embeddable":true,"href":"https:\/\/hidrotecni-k.com.ar\/site\/wp-json\/wp\/v2\/product_brand?post=3579"},{"taxonomy":"product_cat","embeddable":true,"href":"https:\/\/hidrotecni-k.com.ar\/site\/wp-json\/wp\/v2\/product_cat?post=3579"},{"taxonomy":"product_tag","embeddable":true,"href":"https:\/\/hidrotecni-k.com.ar\/site\/wp-json\/wp\/v2\/product_tag?post=3579"}],"curies":[{"name":"wp","href":"https:\/\/api.w.org\/{rel}","templated":true}]}}