{"id":3572,"date":"2023-01-17T12:12:09","date_gmt":"2023-01-17T15:12:09","guid":{"rendered":"http:\/\/hidrotecni-k.com.ar\/site\/?post_type=product&#038;p=3572"},"modified":"2023-01-17T15:06:43","modified_gmt":"2023-01-17T18:06:43","slug":"alguicida-x-1lt","status":"publish","type":"product","link":"https:\/\/hidrotecni-k.com.ar\/site\/producto\/alguicida-x-1lt\/","title":{"rendered":"Alguicida x 1lt"},"content":{"rendered":"<p>Este producto cumple la funci\u00f3n de evitar, prevenir y combatir  la aparici\u00f3n de algas o el llamado &#8220;verd\u00edn&#8221; que se genera en las piscinas. Es ideal para el mantenimiento de la misma.<\/p>\n<p><strong>Dosis<\/strong><br \/>\n1 litro  cada 100.000 litros de agua, una vez por  semana.<\/p>\n","protected":false},"excerpt":{"rendered":"<p>Este producto cumple la funci\u00f3n de evitar, prevenir y combatir  la aparici\u00f3n de algas o el llamado &#8220;verd\u00edn&#8221; que se genera en las piscinas. Es ideal para el mantenimiento de la misma.<\/p>\n<p><strong>Dosis<\/strong><br \/>\n1 litro  cada 100.000 litros de agua, una vez por  semana.<\/p>\n","protected":false},"featured_media":3573,"comment_status":"open","ping_status":"closed","template":"","meta":[],"product_brand":[],"product_cat":[93,176,105],"product_tag":[],"class_list":{"0":"post-3572","1":"product","2":"type-product","3":"status-publish","4":"has-post-thumbnail","6":"product_cat-piscinas-filtros","7":"product_cat-productos-mantenimiento-piscinas","8":"product_cat-productos-quimicos-piscinas","10":"first","11":"instock","12":"shipping-taxable","13":"product-type-simple"},"_links":{"self":[{"href":"https:\/\/hidrotecni-k.com.ar\/site\/wp-json\/wp\/v2\/product\/3572","targetHints":{"allow":["GET"]}}],"collection":[{"href":"https:\/\/hidrotecni-k.com.ar\/site\/wp-json\/wp\/v2\/product"}],"about":[{"href":"https:\/\/hidrotecni-k.com.ar\/site\/wp-json\/wp\/v2\/types\/product"}],"replies":[{"embeddable":true,"href":"https:\/\/hidrotecni-k.com.ar\/site\/wp-json\/wp\/v2\/comments?post=3572"}],"wp:featuredmedia":[{"embeddable":true,"href":"https:\/\/hidrotecni-k.com.ar\/site\/wp-json\/wp\/v2\/media\/3573"}],"wp:attachment":[{"href":"https:\/\/hidrotecni-k.com.ar\/site\/wp-json\/wp\/v2\/media?parent=3572"}],"wp:term":[{"taxonomy":"product_brand","embeddable":true,"href":"https:\/\/hidrotecni-k.com.ar\/site\/wp-json\/wp\/v2\/product_brand?post=3572"},{"taxonomy":"product_cat","embeddable":true,"href":"https:\/\/hidrotecni-k.com.ar\/site\/wp-json\/wp\/v2\/product_cat?post=3572"},{"taxonomy":"product_tag","embeddable":true,"href":"https:\/\/hidrotecni-k.com.ar\/site\/wp-json\/wp\/v2\/product_tag?post=3572"}],"curies":[{"name":"wp","href":"https:\/\/api.w.org\/{rel}","templated":true}]}}