{"id":3543,"date":"2022-12-23T16:45:25","date_gmt":"2022-12-23T19:45:25","guid":{"rendered":"http:\/\/hidrotecni-k.com.ar\/site\/?post_type=product&#038;p=3543"},"modified":"2022-12-23T16:45:25","modified_gmt":"2022-12-23T19:45:25","slug":"filtro-portatil-fluvial-para-20000-lts","status":"publish","type":"product","link":"https:\/\/hidrotecni-k.com.ar\/site\/producto\/filtro-portatil-fluvial-para-20000-lts\/","title":{"rendered":"Filtro port\u00e1til Fluvial para 20000 lts"},"content":{"rendered":"<p>Equipo de filtrado port\u00e1til ideal para la limpieza de piscinas de hasta 20000 lts. Posee una carga filtrante de pompones, lo que facilita el traslado del mismo.<br \/>\nSe compone por una bomba Plata de 1\/2 hp con tecla ON\/OFF sujeto a un carro de f\u00e1cil manejo. Adem\u00e1s es de dise\u00f1o compacto, silencioso, y de bajo consumo de energ\u00eda, siendo perfecto para el funcionamiento de su piscina.<\/p>\n<p><strong>Caracteristicas:<\/strong><br \/>\nEl Filtro es de pl\u00e1stico inyectado con multiv\u00e1lvula de 6 v\u00edas y posee tres uniones dobles colocadas.<br \/>\nManguera autoflotante reforzada de conexi\u00f3n filtro &#8211; bomba.<br \/>\nCarro reforzado.<br \/>\nMotor: construido bajo normas de seguridad el\u00e9ctrica, carcasa aletada que mejora la disipaci\u00f3n del calor.<br \/>\nBomba autocebante Plata 2.<\/p>\n","protected":false},"excerpt":{"rendered":"<p>Equipo de filtrado port\u00e1til ideal para la limpieza de piscinas de hasta 20000 lts. Posee una carga filtrante de pompones, lo que facilita el traslado del mismo.<br \/>\nSe compone por una bomba Plata de 1\/2 hp con tecla ON\/OFF sujeto a un carro de f\u00e1cil manejo. Adem\u00e1s es de dise\u00f1o compacto, silencioso, y de bajo consumo de energ\u00eda, siendo perfecto para el funcionamiento de su piscina.<\/p>\n","protected":false},"featured_media":3544,"comment_status":"open","ping_status":"closed","template":"","meta":[],"product_brand":[],"product_cat":[95],"product_tag":[],"class_list":{"0":"post-3543","1":"product","2":"type-product","3":"status-publish","4":"has-post-thumbnail","6":"product_cat-filtros-piscinas","8":"first","9":"instock","10":"shipping-taxable","11":"product-type-simple"},"_links":{"self":[{"href":"https:\/\/hidrotecni-k.com.ar\/site\/wp-json\/wp\/v2\/product\/3543","targetHints":{"allow":["GET"]}}],"collection":[{"href":"https:\/\/hidrotecni-k.com.ar\/site\/wp-json\/wp\/v2\/product"}],"about":[{"href":"https:\/\/hidrotecni-k.com.ar\/site\/wp-json\/wp\/v2\/types\/product"}],"replies":[{"embeddable":true,"href":"https:\/\/hidrotecni-k.com.ar\/site\/wp-json\/wp\/v2\/comments?post=3543"}],"wp:featuredmedia":[{"embeddable":true,"href":"https:\/\/hidrotecni-k.com.ar\/site\/wp-json\/wp\/v2\/media\/3544"}],"wp:attachment":[{"href":"https:\/\/hidrotecni-k.com.ar\/site\/wp-json\/wp\/v2\/media?parent=3543"}],"wp:term":[{"taxonomy":"product_brand","embeddable":true,"href":"https:\/\/hidrotecni-k.com.ar\/site\/wp-json\/wp\/v2\/product_brand?post=3543"},{"taxonomy":"product_cat","embeddable":true,"href":"https:\/\/hidrotecni-k.com.ar\/site\/wp-json\/wp\/v2\/product_cat?post=3543"},{"taxonomy":"product_tag","embeddable":true,"href":"https:\/\/hidrotecni-k.com.ar\/site\/wp-json\/wp\/v2\/product_tag?post=3543"}],"curies":[{"name":"wp","href":"https:\/\/api.w.org\/{rel}","templated":true}]}}