{"id":3540,"date":"2022-12-23T15:22:40","date_gmt":"2022-12-23T18:22:40","guid":{"rendered":"http:\/\/hidrotecni-k.com.ar\/site\/?post_type=product&#038;p=3540"},"modified":"2022-12-23T15:22:40","modified_gmt":"2022-12-23T18:22:40","slug":"equipo-de-filtrado-portatil-niord-para-15000-lts","status":"publish","type":"product","link":"https:\/\/hidrotecni-k.com.ar\/site\/producto\/equipo-de-filtrado-portatil-niord-para-15000-lts\/","title":{"rendered":"EQUIPO DE FILTRADO PORTATIL NIORD PARA 15000 LTS"},"content":{"rendered":"<p>Este equipo de filtraci\u00f3n es perfecto para mantener y cuidar el agua de tu piscina.<br \/>\nPermite transportarlo de manera f\u00e1cil y liviana, ya que est\u00e1 equipado con un carro y en su interior posee una bolsa filtrante de tela, lo que facilita la limpieza. Adem\u00e1s efect\u00faa las 3 operaciones b\u00e1sicas de una pileta: Filtrar \/ vaciar \/ limpiar el fondo.<\/p>\n<p><strong>Especificaciones t\u00e9cnicas<\/strong><br \/>\nCaudal: entre 4.000 y 6.000 litros hora<br \/>\nMotor y filtro incorporado<br \/>\nIncluye barrefondo y manguera<br \/>\nManguera: 3 metros de salida y 5 metros de aspiraci\u00f3n, ambas de 1 pulgada (incluidas)<\/p>\n","protected":false},"excerpt":{"rendered":"<p>Equipo de filtraci\u00f3n perfecto para mantener y cuidar el agua de tu piscina.<br \/>\nPermite transportarlo de manera f\u00e1cil y liviana. Efect\u00faa las 3 operaciones b\u00e1sicas de una pileta: Filtrar \/ vaciar \/ limpiar el fondo.<\/p>\n","protected":false},"featured_media":3541,"comment_status":"open","ping_status":"closed","template":"","meta":[],"product_brand":[],"product_cat":[95],"product_tag":[],"class_list":{"0":"post-3540","1":"product","2":"type-product","3":"status-publish","4":"has-post-thumbnail","6":"product_cat-filtros-piscinas","8":"first","9":"instock","10":"shipping-taxable","11":"product-type-simple"},"_links":{"self":[{"href":"https:\/\/hidrotecni-k.com.ar\/site\/wp-json\/wp\/v2\/product\/3540","targetHints":{"allow":["GET"]}}],"collection":[{"href":"https:\/\/hidrotecni-k.com.ar\/site\/wp-json\/wp\/v2\/product"}],"about":[{"href":"https:\/\/hidrotecni-k.com.ar\/site\/wp-json\/wp\/v2\/types\/product"}],"replies":[{"embeddable":true,"href":"https:\/\/hidrotecni-k.com.ar\/site\/wp-json\/wp\/v2\/comments?post=3540"}],"wp:featuredmedia":[{"embeddable":true,"href":"https:\/\/hidrotecni-k.com.ar\/site\/wp-json\/wp\/v2\/media\/3541"}],"wp:attachment":[{"href":"https:\/\/hidrotecni-k.com.ar\/site\/wp-json\/wp\/v2\/media?parent=3540"}],"wp:term":[{"taxonomy":"product_brand","embeddable":true,"href":"https:\/\/hidrotecni-k.com.ar\/site\/wp-json\/wp\/v2\/product_brand?post=3540"},{"taxonomy":"product_cat","embeddable":true,"href":"https:\/\/hidrotecni-k.com.ar\/site\/wp-json\/wp\/v2\/product_cat?post=3540"},{"taxonomy":"product_tag","embeddable":true,"href":"https:\/\/hidrotecni-k.com.ar\/site\/wp-json\/wp\/v2\/product_tag?post=3540"}],"curies":[{"name":"wp","href":"https:\/\/api.w.org\/{rel}","templated":true}]}}