{"id":3521,"date":"2022-08-10T11:43:51","date_gmt":"2022-08-10T14:43:51","guid":{"rendered":"http:\/\/hidrotecni-k.com.ar\/site\/?post_type=product&#038;p=3521"},"modified":"2022-08-10T11:46:34","modified_gmt":"2022-08-10T14:46:34","slug":"bomba-de-hidromasajes-linea-america","status":"publish","type":"product","link":"https:\/\/hidrotecni-k.com.ar\/site\/producto\/bomba-de-hidromasajes-linea-america\/","title":{"rendered":"Bomba de Hidromasajes Linea America"},"content":{"rendered":"<p>Las bombas de la linea Am\u00e9rica, son aptas para sistemas de hidromasajes, ya que trabaja con elevados caudales asociados a un bajo nivel de ruido.<br \/>\nEsta l\u00ednea abarca 1\/2 HP hasta 2 HP seg\u00fan el modelo. <\/p>\n","protected":false},"excerpt":{"rendered":"<p>Las bombas de la linea Am\u00e9rica, son aptas para sistemas de hidromasajes, ya que trabaja con elevados caudales asociados a un bajo nivel de ruido.<br \/>\n\ufeffLa descarga central facilita el montaje en los reducidos espacios normalmente disponibles debajo de las ba\u00f1eras de hidromasajes. Adem\u00e1s poseen una excelente calidad constructiva, ya que su cuerpo est\u00e1 compuesto por una carcasa aletada inyectada en aluminio y polipropileno reforzado con fibra de vidrio en una sola pieza, lo que evita cualquier inconveniente de pegado posterior a la inyecci\u00f3n.<br \/>\nEsta l\u00ednea abarca 1\/2 HP hasta 2 HP seg\u00fan el modelo. <\/p>\n","protected":false},"featured_media":3524,"comment_status":"open","ping_status":"closed","template":"","meta":[],"product_brand":[],"product_cat":[83],"product_tag":[],"class_list":{"0":"post-3521","1":"product","2":"type-product","3":"status-publish","4":"has-post-thumbnail","6":"product_cat-hidromasajes","8":"first","9":"instock","10":"shipping-taxable","11":"product-type-simple"},"_links":{"self":[{"href":"https:\/\/hidrotecni-k.com.ar\/site\/wp-json\/wp\/v2\/product\/3521","targetHints":{"allow":["GET"]}}],"collection":[{"href":"https:\/\/hidrotecni-k.com.ar\/site\/wp-json\/wp\/v2\/product"}],"about":[{"href":"https:\/\/hidrotecni-k.com.ar\/site\/wp-json\/wp\/v2\/types\/product"}],"replies":[{"embeddable":true,"href":"https:\/\/hidrotecni-k.com.ar\/site\/wp-json\/wp\/v2\/comments?post=3521"}],"wp:featuredmedia":[{"embeddable":true,"href":"https:\/\/hidrotecni-k.com.ar\/site\/wp-json\/wp\/v2\/media\/3524"}],"wp:attachment":[{"href":"https:\/\/hidrotecni-k.com.ar\/site\/wp-json\/wp\/v2\/media?parent=3521"}],"wp:term":[{"taxonomy":"product_brand","embeddable":true,"href":"https:\/\/hidrotecni-k.com.ar\/site\/wp-json\/wp\/v2\/product_brand?post=3521"},{"taxonomy":"product_cat","embeddable":true,"href":"https:\/\/hidrotecni-k.com.ar\/site\/wp-json\/wp\/v2\/product_cat?post=3521"},{"taxonomy":"product_tag","embeddable":true,"href":"https:\/\/hidrotecni-k.com.ar\/site\/wp-json\/wp\/v2\/product_tag?post=3521"}],"curies":[{"name":"wp","href":"https:\/\/api.w.org\/{rel}","templated":true}]}}