{"id":3499,"date":"2021-10-16T11:32:45","date_gmt":"2021-10-16T14:32:45","guid":{"rendered":"http:\/\/hidrotecni-k.com.ar\/site\/?post_type=product&#038;p=3499"},"modified":"2021-10-16T12:19:27","modified_gmt":"2021-10-16T15:19:27","slug":"iluminaria-blanca-para-piscina-compact","status":"publish","type":"product","link":"https:\/\/hidrotecni-k.com.ar\/site\/producto\/iluminaria-blanca-para-piscina-compact\/","title":{"rendered":"Luminaria blanca para piscina acero inox &#8211;  Compact"},"content":{"rendered":"<p>Iluminaci\u00f3n con led de alta luminosidad subacu\u00e1tica. Posee tecnolog\u00eda de iluminaci\u00f3n LED SMD, lo que permite que si se da\u00f1a alg\u00fan led, el resto puede funcionar sin problemas. Adem\u00e1s al no llevar filamentos, son muy resistentes a golpes y movimientos.<br \/>\nLa l\u00e1mpara est\u00e1 encapsulada en doble resina epoxi blanca y transparente, evitando las filtraciones y condensaciones de agua.<br \/>\n<strong><br \/>\nCaracter\u00edsticas:<br \/>\n\u2022 Indice de protecci\u00f3n= IP68<br \/>\n\u2022 Cantidad de Led: 42 led Blanca<br \/>\n\u2022 Tipo de Led: Fleje de sujeci\u00f3n y tornillos de acero inoxidable<br \/>\n\u2022 Colores: doble resina epoxi blanca transparente<br \/>\n\u2022 Diametro: Apertura de 120\u00b0<br \/>\n\u2022 Altura: 25 mm<br \/>\n\u2022 Consumo: Consumo 8,2 W<br \/>\n\u2022 Alimentacion: Alimentaci\u00f3n 12 v<\/p>\n","protected":false},"excerpt":{"rendered":"<p>Iluminaci\u00f3n con led de alta luminosidad subacu\u00e1tica. Posee tecnolog\u00eda de iluminaci\u00f3n LED SMD, lo que permite que si se da\u00f1a alg\u00fan led, el resto puede funcionar sin problemas. Adem\u00e1s al no llevar filamentos, son muy resistentes a golpes y movimientos.<br \/>\nLa l\u00e1mpara est\u00e1 encapsulada en doble resina epoxi blanca y transparente, evitando las filtraciones y condensaciones de agua.<\/p>\n","protected":false},"featured_media":3500,"comment_status":"open","ping_status":"closed","template":"","meta":[],"product_brand":[],"product_cat":[103],"product_tag":[],"class_list":{"0":"post-3499","1":"product","2":"type-product","3":"status-publish","4":"has-post-thumbnail","6":"product_cat-iluminacion","8":"first","9":"instock","10":"shipping-taxable","11":"product-type-simple"},"_links":{"self":[{"href":"https:\/\/hidrotecni-k.com.ar\/site\/wp-json\/wp\/v2\/product\/3499","targetHints":{"allow":["GET"]}}],"collection":[{"href":"https:\/\/hidrotecni-k.com.ar\/site\/wp-json\/wp\/v2\/product"}],"about":[{"href":"https:\/\/hidrotecni-k.com.ar\/site\/wp-json\/wp\/v2\/types\/product"}],"replies":[{"embeddable":true,"href":"https:\/\/hidrotecni-k.com.ar\/site\/wp-json\/wp\/v2\/comments?post=3499"}],"wp:featuredmedia":[{"embeddable":true,"href":"https:\/\/hidrotecni-k.com.ar\/site\/wp-json\/wp\/v2\/media\/3500"}],"wp:attachment":[{"href":"https:\/\/hidrotecni-k.com.ar\/site\/wp-json\/wp\/v2\/media?parent=3499"}],"wp:term":[{"taxonomy":"product_brand","embeddable":true,"href":"https:\/\/hidrotecni-k.com.ar\/site\/wp-json\/wp\/v2\/product_brand?post=3499"},{"taxonomy":"product_cat","embeddable":true,"href":"https:\/\/hidrotecni-k.com.ar\/site\/wp-json\/wp\/v2\/product_cat?post=3499"},{"taxonomy":"product_tag","embeddable":true,"href":"https:\/\/hidrotecni-k.com.ar\/site\/wp-json\/wp\/v2\/product_tag?post=3499"}],"curies":[{"name":"wp","href":"https:\/\/api.w.org\/{rel}","templated":true}]}}