{"id":3494,"date":"2021-10-14T12:10:54","date_gmt":"2021-10-14T15:10:54","guid":{"rendered":"http:\/\/hidrotecni-k.com.ar\/site\/?post_type=product&#038;p=3494"},"modified":"2021-10-14T12:11:17","modified_gmt":"2021-10-14T15:11:17","slug":"luminaria-led-blanca-con-aro-inox-mediano","status":"publish","type":"product","link":"https:\/\/hidrotecni-k.com.ar\/site\/producto\/luminaria-led-blanca-con-aro-inox-mediano\/","title":{"rendered":"Luminaria Led blanca con aro de pl\u00e1stico e inox. Mediano"},"content":{"rendered":"<p>La l\u00e1mpara cuenta con alojamiento de m\u00f3dulo blanco de pl\u00e1stico y un aro embellecedor de acero inoxidable. Posee un \u00e1ngulo de apertura de 60\u00ba y un \u00edndice de protecci\u00f3n = IP68. Vida norminal 50.000hs. Cuenta con un fleje de sujeci\u00f3n y tornillos de acero Inoxidable. Adem\u00e1s est\u00e1 encapsulada en doble resina epoxi blanca y transparente, lo que evita filtraciones o condensaciones de agua.<\/p>\n<p><\/strong>Caracter\u00edsticas<strong><br \/>\n\u2022Cantidad de Led: 45 led Blanca<br \/>\n\u2022Tipo de Led: dfdf<br \/>\n\u2022Colores: doble resina epoxi blanca transparente<br \/>\n\u2022Diametro: Di\u00e1metro de Plat\u00f3n 250mm<br \/>\n\u2022Altura: 50mm<br \/>\n\u2022Consumo: 5w<br \/>\n\u2022Alimentacion: 12V<\/p>\n","protected":false},"excerpt":{"rendered":"<p>La l\u00e1mpara cuenta con alojamiento de m\u00f3dulo blanco de pl\u00e1stico y un aro embellecedor de acero inoxidable. Posee un \u00e1ngulo de apertura de 60\u00ba y un \u00edndice de protecci\u00f3n = IP68. Vida norminal 50.000hs. Cuenta con un fleje de sujeci\u00f3n y tornillos de acero Inoxidable. Adem\u00e1s est\u00e1 encapsulada en doble resina epoxi blanca y transparente, lo que evita filtraciones o condensaciones de agua.<\/p>\n","protected":false},"featured_media":3495,"comment_status":"open","ping_status":"closed","template":"","meta":[],"product_brand":[],"product_cat":[103],"product_tag":[],"class_list":{"0":"post-3494","1":"product","2":"type-product","3":"status-publish","4":"has-post-thumbnail","6":"product_cat-iluminacion","8":"first","9":"instock","10":"shipping-taxable","11":"product-type-simple"},"_links":{"self":[{"href":"https:\/\/hidrotecni-k.com.ar\/site\/wp-json\/wp\/v2\/product\/3494","targetHints":{"allow":["GET"]}}],"collection":[{"href":"https:\/\/hidrotecni-k.com.ar\/site\/wp-json\/wp\/v2\/product"}],"about":[{"href":"https:\/\/hidrotecni-k.com.ar\/site\/wp-json\/wp\/v2\/types\/product"}],"replies":[{"embeddable":true,"href":"https:\/\/hidrotecni-k.com.ar\/site\/wp-json\/wp\/v2\/comments?post=3494"}],"wp:featuredmedia":[{"embeddable":true,"href":"https:\/\/hidrotecni-k.com.ar\/site\/wp-json\/wp\/v2\/media\/3495"}],"wp:attachment":[{"href":"https:\/\/hidrotecni-k.com.ar\/site\/wp-json\/wp\/v2\/media?parent=3494"}],"wp:term":[{"taxonomy":"product_brand","embeddable":true,"href":"https:\/\/hidrotecni-k.com.ar\/site\/wp-json\/wp\/v2\/product_brand?post=3494"},{"taxonomy":"product_cat","embeddable":true,"href":"https:\/\/hidrotecni-k.com.ar\/site\/wp-json\/wp\/v2\/product_cat?post=3494"},{"taxonomy":"product_tag","embeddable":true,"href":"https:\/\/hidrotecni-k.com.ar\/site\/wp-json\/wp\/v2\/product_tag?post=3494"}],"curies":[{"name":"wp","href":"https:\/\/api.w.org\/{rel}","templated":true}]}}