{"id":3488,"date":"2021-10-13T12:32:51","date_gmt":"2021-10-13T15:32:51","guid":{"rendered":"http:\/\/hidrotecni-k.com.ar\/site\/?post_type=product&#038;p=3488"},"modified":"2022-12-24T15:31:49","modified_gmt":"2022-12-24T18:31:49","slug":"luminaria-con-tecnologia-nano-led-de-acero-inox-blanca","status":"publish","type":"product","link":"https:\/\/hidrotecni-k.com.ar\/site\/producto\/luminaria-con-tecnologia-nano-led-de-acero-inox-blanca\/","title":{"rendered":"Luminaria con tecnolog\u00eda Nano Led de acero inox. blanca"},"content":{"rendered":"<p>Iluminaci\u00f3n con led subacu\u00e1tica y con tecnolog\u00eda NANO LED. Cuenta con un aro embellecedor de acero inoxidable, calidad AISI 304, 128 mm de di\u00e1metro y 23 mm de altura. Adem\u00e1s la l\u00e1mpara est\u00e1 encapsulada en doble resina epoxi blanca y transparente. Lo que evita que se produzcan filtraciones o condensaciones de agua.<br \/>\nPosee un fleje de sujeci\u00f3n y tornillos de acero inoxidable.<br \/>\nTienen un rendimiento lum\u00ednico de hasta 120 l\u00famenes\/vatio, dos veces m\u00e1s que un SMD \u00c1ngulo de apertura de hasta 160\u00ba. La intensidad lum\u00ednica es mayor sin necesidad de concentrar tanto el haz de luz, posee mayor durabilidad al no necesitar un circuito el\u00e9ctrico para su funcionamiento y su luz es multidireccional sin deslumbramiento, lo que genera mejor gesti\u00f3n de las fluctuaciones el\u00e9ctricas.<\/p>\n<p><strong>Caracter\u00edsticas<\/strong><br \/>\n\u2022Indice de protecci\u00f3n= IP68<br \/>\n\u2022Cantidad de Led: L\u00e1mpara de 1 NANO LED Blanca.<br \/>\n\u2022Tipo de Led: Consumo 10 W<br \/>\n\u2022Diametro: L\u00famenes\/Mts 1000 lm<br \/>\n\u2022Altura: Vida nominal 20.000hs<br \/>\n\u2022Alimentacion: Alimentaci\u00f3n 12 v<\/p>\n","protected":false},"excerpt":{"rendered":"<p>Iluminaci\u00f3n con led subacu\u00e1tica y con tecnolog\u00eda NANO LED. Cuenta con un aro embellecedor de acero inoxidable, calidad AISI 304, 128 mm de di\u00e1metro y 23 mm de altura. Adem\u00e1s la l\u00e1mpara est\u00e1 encapsulada en doble resina epoxi blanca y transparente. Lo que evita que se produzcan filtraciones o condensaciones de agua.<br \/>\nPosee un fleje de sujeci\u00f3n y tornillos de acero inoxidable.<br \/>\nTienen un rendimiento lum\u00ednico de hasta 120 l\u00famenes\/vatio. La intensidad lum\u00ednica es mayor sin necesidad de concentrar tanto el haz de luz, posee mayor durabilidad al no necesitar un circuito el\u00e9ctrico para su funcionamiento y su luz es multidireccional sin deslumbramiento, lo que genera mejor gesti\u00f3n de las fluctuaciones el\u00e9ctricas.<\/p>\n","protected":false},"featured_media":3489,"comment_status":"open","ping_status":"closed","template":"","meta":[],"product_brand":[],"product_cat":[103],"product_tag":[],"class_list":{"0":"post-3488","1":"product","2":"type-product","3":"status-publish","4":"has-post-thumbnail","6":"product_cat-iluminacion","8":"first","9":"instock","10":"shipping-taxable","11":"product-type-simple"},"_links":{"self":[{"href":"https:\/\/hidrotecni-k.com.ar\/site\/wp-json\/wp\/v2\/product\/3488","targetHints":{"allow":["GET"]}}],"collection":[{"href":"https:\/\/hidrotecni-k.com.ar\/site\/wp-json\/wp\/v2\/product"}],"about":[{"href":"https:\/\/hidrotecni-k.com.ar\/site\/wp-json\/wp\/v2\/types\/product"}],"replies":[{"embeddable":true,"href":"https:\/\/hidrotecni-k.com.ar\/site\/wp-json\/wp\/v2\/comments?post=3488"}],"wp:featuredmedia":[{"embeddable":true,"href":"https:\/\/hidrotecni-k.com.ar\/site\/wp-json\/wp\/v2\/media\/3489"}],"wp:attachment":[{"href":"https:\/\/hidrotecni-k.com.ar\/site\/wp-json\/wp\/v2\/media?parent=3488"}],"wp:term":[{"taxonomy":"product_brand","embeddable":true,"href":"https:\/\/hidrotecni-k.com.ar\/site\/wp-json\/wp\/v2\/product_brand?post=3488"},{"taxonomy":"product_cat","embeddable":true,"href":"https:\/\/hidrotecni-k.com.ar\/site\/wp-json\/wp\/v2\/product_cat?post=3488"},{"taxonomy":"product_tag","embeddable":true,"href":"https:\/\/hidrotecni-k.com.ar\/site\/wp-json\/wp\/v2\/product_tag?post=3488"}],"curies":[{"name":"wp","href":"https:\/\/api.w.org\/{rel}","templated":true}]}}