{"id":3482,"date":"2021-10-12T09:34:23","date_gmt":"2021-10-12T12:34:23","guid":{"rendered":"http:\/\/hidrotecni-k.com.ar\/site\/?post_type=product&#038;p=3482"},"modified":"2024-01-02T11:51:49","modified_gmt":"2024-01-02T14:51:49","slug":"luz-rgb-de-acero-inox-modelo-grande","status":"publish","type":"product","link":"https:\/\/hidrotecni-k.com.ar\/site\/producto\/luz-rgb-de-acero-inox-modelo-grande\/","title":{"rendered":"Luz RGB de acero inox &#8211; Modelo grande"},"content":{"rendered":"<p>L\u00e1mpara con led de alta luminosidad subacu\u00e1tica. Cuenta con tecnolog\u00eda de iluminaci\u00f3n LED SMD, un aro embellecedor de acero inoxidable, calidad AISI 304, 290 mm de di\u00e1metro y 40 mm de altura, extra chato. La luz es de 45 led RGB y est\u00e1 encapsulada en doble resina epoxi blanca y transparente para evitar el ingreso de  filtraciones o condensaciones de agua. Posee un fleje de sujeci\u00f3n y tornillos de acero inoxidable.<br \/>\nAdem\u00e1s tiene un rendimiento lum\u00ednico entre 60-70 l\u00famenes\/vatio y los LEDs se pueden distribuir por toda la luminaria. Si se da\u00f1a alg\u00fan LED existe un dispositivo que los suple para que el resto funcione sin problemas. Gracias a la distribuci\u00f3n de LED por la luminaria y combinando los tres LEDs de colores primarios se pueden crear diferentes colores. Adem\u00e1s al no llevar filamentos son muy resistentes a golpes y movimientos, por ello es adecuada para las piscinas.<\/p>\n<p><strong>Caracter\u00edsticas<\/strong><br \/>\n\u2022 Cantidad de Led: Extra chato, l\u00e1mpara de 45 led RGB<br \/>\n\u2022 Tipo de Led: Consumo 5 W<br \/>\n\u2022 Apertura: 60\u00ba<br \/>\n\u2022 Di\u00e1metro: L\u00famenes\/Mts 1520 lm<br \/>\n\u2022 Colores: doble resina epoxi blanca transparente<br \/>\n\u2022 Alimentaci\u00f3n: Alimentaci\u00f3n 12 v<\/p>\n","protected":false},"excerpt":{"rendered":"<p>Iluminaci\u00f3n con led de alta luminosidad subacu\u00e1tica. Cuenta con tecnolog\u00eda de iluminaci\u00f3n LED SMD, un aro embellecedor de acero inoxidable, calidad AISI 304, 290 mm de di\u00e1metro y 40 mm de altura, extra chato. La lampara es de 45 led RGB y est\u00e1 encapsulada en doble resina epoxi blanca y transparente para evitar el ingreso de  filtraciones o condensaciones de agua. Posee un fleje de sujeci\u00f3n y tornillos de acero inoxidable.<br \/>\nGracias a la distribuci\u00f3n de LED por la luminaria y combinando los tres LEDs de colores primarios se pueden crear diferentes colores. Adem\u00e1s al no llevar filamentos son muy resistentes a golpes y movimientos, por ello es adecuada para las piscinas.<\/p>\n","protected":false},"featured_media":3485,"comment_status":"open","ping_status":"closed","template":"","meta":[],"product_brand":[],"product_cat":[103,93,15],"product_tag":[],"class_list":{"0":"post-3482","1":"product","2":"type-product","3":"status-publish","4":"has-post-thumbnail","6":"product_cat-iluminacion","7":"product_cat-piscinas-filtros","8":"product_cat-sin-categoria","10":"first","11":"instock","12":"shipping-taxable","13":"product-type-simple"},"_links":{"self":[{"href":"https:\/\/hidrotecni-k.com.ar\/site\/wp-json\/wp\/v2\/product\/3482","targetHints":{"allow":["GET"]}}],"collection":[{"href":"https:\/\/hidrotecni-k.com.ar\/site\/wp-json\/wp\/v2\/product"}],"about":[{"href":"https:\/\/hidrotecni-k.com.ar\/site\/wp-json\/wp\/v2\/types\/product"}],"replies":[{"embeddable":true,"href":"https:\/\/hidrotecni-k.com.ar\/site\/wp-json\/wp\/v2\/comments?post=3482"}],"wp:featuredmedia":[{"embeddable":true,"href":"https:\/\/hidrotecni-k.com.ar\/site\/wp-json\/wp\/v2\/media\/3485"}],"wp:attachment":[{"href":"https:\/\/hidrotecni-k.com.ar\/site\/wp-json\/wp\/v2\/media?parent=3482"}],"wp:term":[{"taxonomy":"product_brand","embeddable":true,"href":"https:\/\/hidrotecni-k.com.ar\/site\/wp-json\/wp\/v2\/product_brand?post=3482"},{"taxonomy":"product_cat","embeddable":true,"href":"https:\/\/hidrotecni-k.com.ar\/site\/wp-json\/wp\/v2\/product_cat?post=3482"},{"taxonomy":"product_tag","embeddable":true,"href":"https:\/\/hidrotecni-k.com.ar\/site\/wp-json\/wp\/v2\/product_tag?post=3482"}],"curies":[{"name":"wp","href":"https:\/\/api.w.org\/{rel}","templated":true}]}}