{"id":3477,"date":"2021-10-09T12:08:47","date_gmt":"2021-10-09T15:08:47","guid":{"rendered":"http:\/\/hidrotecni-k.com.ar\/site\/?post_type=product&#038;p=3477"},"modified":"2021-10-09T12:08:47","modified_gmt":"2021-10-09T15:08:47","slug":"luz-blanca-de-acero-inox-modelo-grande","status":"publish","type":"product","link":"https:\/\/hidrotecni-k.com.ar\/site\/producto\/luz-blanca-de-acero-inox-modelo-grande\/","title":{"rendered":"Luz blanca de acero inox &#8211; Modelo grande"},"content":{"rendered":"<p>Iluminaci\u00f3n con led de alta luminosidad subacu\u00e1tica. Cuenta con tecnolog\u00eda de iluminaci\u00f3n LED SMD, un aro embellecedor de acero inoxidable, calidad AISI 304, 290 mm de di\u00e1metro y 40 mm de altura, extra chato. La lampara es de 45 led blanca y est\u00e1 encapsulada en doble resina epoxi blanca y transparente para evitar el ingreso de  filtraciones o condensaciones de agua. Posee un prensador de cable de bronce, fleje de sujeci\u00f3n y tornillos de acero inoxidable.<br \/>\nAdem\u00e1s tiene un rendimiento lum\u00ednico entre 60-70 l\u00famenes\/vatio y los LEDs se pueden distribuir por toda la luminaria. Si se da\u00f1a alg\u00fan LED existe un dispositivo que los suple para que el resto funcione sin problemas.<\/p>\n<p><strong>Caracter\u00edsticas<\/strong><br \/>\n\u2022 Cantidad de Led: Extra chato, l\u00e1mpara de 42 led Blanca<br \/>\n\u2022 Tipo de Led: Consumo 8,2 W<br \/>\n\u2022 Colores: doble resina epoxi blanca transparente<br \/>\n\u2022 Alimentacion: Alimentaci\u00f3n 12 v<\/p>\n","protected":false},"excerpt":{"rendered":"<p>Iluminaci\u00f3n con led de alta luminosidad subacu\u00e1tica. Cuenta con tecnolog\u00eda de iluminaci\u00f3n LED SMD, un aro embellecedor de acero inoxidable, calidad AISI 304, 290 mm de di\u00e1metro y 40 mm de altura, extra chato. La lampara es de 45 led blanca y est\u00e1 encapsulada en doble resina epoxi blanca y transparente para evitar el ingreso de  filtraciones o condensaciones de agua. Posee un prensador de cable de bronce, fleje de sujeci\u00f3n y tornillos de acero inoxidable.<br \/>\nAdem\u00e1s tiene un rendimiento lum\u00ednico entre 60-70 l\u00famenes\/vatio y los LEDs se pueden distribuir por toda la luminaria. Si se da\u00f1a alg\u00fan LED existe un dispositivo que los suple para que el resto funcione sin problemas.<\/p>\n","protected":false},"featured_media":3481,"comment_status":"open","ping_status":"closed","template":"","meta":[],"product_brand":[],"product_cat":[103],"product_tag":[],"class_list":{"0":"post-3477","1":"product","2":"type-product","3":"status-publish","4":"has-post-thumbnail","6":"product_cat-iluminacion","8":"first","9":"instock","10":"shipping-taxable","11":"product-type-simple"},"_links":{"self":[{"href":"https:\/\/hidrotecni-k.com.ar\/site\/wp-json\/wp\/v2\/product\/3477","targetHints":{"allow":["GET"]}}],"collection":[{"href":"https:\/\/hidrotecni-k.com.ar\/site\/wp-json\/wp\/v2\/product"}],"about":[{"href":"https:\/\/hidrotecni-k.com.ar\/site\/wp-json\/wp\/v2\/types\/product"}],"replies":[{"embeddable":true,"href":"https:\/\/hidrotecni-k.com.ar\/site\/wp-json\/wp\/v2\/comments?post=3477"}],"wp:featuredmedia":[{"embeddable":true,"href":"https:\/\/hidrotecni-k.com.ar\/site\/wp-json\/wp\/v2\/media\/3481"}],"wp:attachment":[{"href":"https:\/\/hidrotecni-k.com.ar\/site\/wp-json\/wp\/v2\/media?parent=3477"}],"wp:term":[{"taxonomy":"product_brand","embeddable":true,"href":"https:\/\/hidrotecni-k.com.ar\/site\/wp-json\/wp\/v2\/product_brand?post=3477"},{"taxonomy":"product_cat","embeddable":true,"href":"https:\/\/hidrotecni-k.com.ar\/site\/wp-json\/wp\/v2\/product_cat?post=3477"},{"taxonomy":"product_tag","embeddable":true,"href":"https:\/\/hidrotecni-k.com.ar\/site\/wp-json\/wp\/v2\/product_tag?post=3477"}],"curies":[{"name":"wp","href":"https:\/\/api.w.org\/{rel}","templated":true}]}}