{"id":3465,"date":"2021-10-07T12:17:13","date_gmt":"2021-10-07T15:17:13","guid":{"rendered":"http:\/\/hidrotecni-k.com.ar\/site\/?post_type=product&#038;p=3465"},"modified":"2021-10-07T12:45:00","modified_gmt":"2021-10-07T15:45:00","slug":"luz-blanca-para-pileta-de-acero-inoxidable","status":"publish","type":"product","link":"https:\/\/hidrotecni-k.com.ar\/site\/producto\/luz-blanca-para-pileta-de-acero-inoxidable\/","title":{"rendered":"Luz blanca para pileta de acero inoxidable"},"content":{"rendered":"<p>La iluminaci\u00f3n con leds blancos para piscina cuenta con un aro embellecedor de acero inoxidable calidad AISI 304, 130 mm de di\u00e1metro y 26 mm de altura. Tiene un \u00e1ngulo de apertura de hasta 360\u00ba ya que los LEDs se pueden distribuir por toda la luminaria. Si se da\u00f1a alg\u00fan LED existe un dispositivo que los suple para que el resto funcione sin problemas.<br \/>\nLa luz presenta un fleje de sujeci\u00f3n y tornillos de acero inoxidable. Adem\u00e1s la lampara est\u00e1 encapsulada en doble resina epoxi blanca y transparente, lo que evita filtraciones y condensaciones de agua. Debido a que no posee filamentos, son muy resistentes a golpes y movimientos. Es por ello que es adecuada para las piletas, ya que emite una luz unidireccional.<\/p>\n<p><strong>Caracter\u00edsticas:<\/strong><br \/>\n\u2022 Cantidad de Led: Extra chato, l\u00e1mpara de 15 led RGB \/Blanc<br \/>\n\u2022 L\u00famenes\/Mts 350lm 1520 lm (Blanca)<br \/>\n\u2022 Tipo de Led: Consumo 3,3W<br \/>\n\u2022 Colores: Apertura de 120\u00b0<br \/>\n\u2022 Diametro: Indice de protecci\u00f3n= IP68<br \/>\n\u2022 Altura: Vida nominal 50.000hs<br \/>\n\u2022 Alimentacion: Alimentaci\u00f3n 12 v<\/p>\n","protected":false},"excerpt":{"rendered":"<p>La iluminaci\u00f3n con leds blancos para piscina cuenta con un aro embellecedor de acero inoxidable calidad AISI 304, 130 mm de di\u00e1metro y 26 mm de altura. Tiene un \u00e1ngulo de apertura de hasta 360\u00ba ya que los LEDs se pueden distribuir por toda la luminaria. Si se da\u00f1a alg\u00fan LED existe un dispositivo que los suple para que el resto funcione sin problemas.<br \/>\nLa luz presenta un fleje de sujeci\u00f3n y tornillos de acero inoxidable. Adem\u00e1s la lampara est\u00e1 encapsulada en doble resina epoxi blanca y transparente, lo que evita filtraciones y condensaciones de agua. Debido a que no posee filamentos, son muy resistentes a golpes y movimientos. Es por ello que es adecuada para las piletas, ya que emite una luz unidireccional.<\/p>\n","protected":false},"featured_media":3466,"comment_status":"open","ping_status":"closed","template":"","meta":[],"product_brand":[],"product_cat":[103],"product_tag":[],"class_list":{"0":"post-3465","1":"product","2":"type-product","3":"status-publish","4":"has-post-thumbnail","6":"product_cat-iluminacion","8":"first","9":"instock","10":"shipping-taxable","11":"product-type-simple"},"_links":{"self":[{"href":"https:\/\/hidrotecni-k.com.ar\/site\/wp-json\/wp\/v2\/product\/3465","targetHints":{"allow":["GET"]}}],"collection":[{"href":"https:\/\/hidrotecni-k.com.ar\/site\/wp-json\/wp\/v2\/product"}],"about":[{"href":"https:\/\/hidrotecni-k.com.ar\/site\/wp-json\/wp\/v2\/types\/product"}],"replies":[{"embeddable":true,"href":"https:\/\/hidrotecni-k.com.ar\/site\/wp-json\/wp\/v2\/comments?post=3465"}],"wp:featuredmedia":[{"embeddable":true,"href":"https:\/\/hidrotecni-k.com.ar\/site\/wp-json\/wp\/v2\/media\/3466"}],"wp:attachment":[{"href":"https:\/\/hidrotecni-k.com.ar\/site\/wp-json\/wp\/v2\/media?parent=3465"}],"wp:term":[{"taxonomy":"product_brand","embeddable":true,"href":"https:\/\/hidrotecni-k.com.ar\/site\/wp-json\/wp\/v2\/product_brand?post=3465"},{"taxonomy":"product_cat","embeddable":true,"href":"https:\/\/hidrotecni-k.com.ar\/site\/wp-json\/wp\/v2\/product_cat?post=3465"},{"taxonomy":"product_tag","embeddable":true,"href":"https:\/\/hidrotecni-k.com.ar\/site\/wp-json\/wp\/v2\/product_tag?post=3465"}],"curies":[{"name":"wp","href":"https:\/\/api.w.org\/{rel}","templated":true}]}}