{"id":3452,"date":"2021-08-11T11:19:48","date_gmt":"2021-08-11T14:19:48","guid":{"rendered":"http:\/\/hidrotecni-k.com.ar\/site\/?post_type=product&#038;p=3452"},"modified":"2021-08-11T11:19:48","modified_gmt":"2021-08-11T14:19:48","slug":"equipo-presurizador-press-270-e","status":"publish","type":"product","link":"https:\/\/hidrotecni-k.com.ar\/site\/producto\/equipo-presurizador-press-270-e\/","title":{"rendered":"Equipo presurizador PRESS 270 E"},"content":{"rendered":"<p>La bomba posee la funci\u00f3n de aumentar la presi\u00f3n desde cisterna o tanque elevado. Posee un tanque hidroneum\u00e1tico lo que permite tener una reserva de agua. Cuenta con un sistema de CONTROL \u201cPRESS E\u201d Electr\u00f3nico, dispone de una plaqueta electr\u00f3nica y un sensor de presi\u00f3n que soporta un n\u00famero mayor de encendidos. El cual est\u00e1 programado con protecci\u00f3n ante la falta de agua. El sensor se comunica con la plaqueta electr\u00f3nica de la bomba monitoreando constantemente el sistema, lo que permite un mejor funcionamiento del producto. El equipo se enciende cuando la presi\u00f3n del sistema baja debido a la apertura de un grifo o ducha, manteniendo la presi\u00f3n de agua constante en la ca\u00f1er\u00eda. Al cerrar los consumos, el equipo se detiene. Adem\u00e1s posee un protector t\u00e9rmico incorporado, lo que evita que se queme ante la falta de agua.<br \/>\nEs completamente silenciosa al trabajar y de bajo consumo, por lo que es adecuada para colocarla en viviendas residenciales de hasta 20 duchas\/ba\u00f1os. Cuenta con una presi\u00f3n m\u00e1xima de 24 m.c.a y un caudal m\u00e1ximo de 22000 l\/h.<\/p>\n<p><strong>Caracter\u00edsticas<\/strong><br \/>\nTensiones disponibles: 220V<br \/>\nTemperatura m\u00e1xima del agua: 40\u00baC<br \/>\nTemperatura ambiente: 40\u00baC<br \/>\nP\u00e9rdida de carga m\u00e1xima en succi\u00f3n: 4 m.c.a.<br \/>\nEntrada y salida con rosca de 1 1\/2 &#8216;<br \/>\n2 v\u00e1lvulas esf\u00e9ricas con uniones dobles (bronce)<br \/>\nConexi\u00f3n el\u00e9ctrica directa a la red<\/p>\n","protected":false},"excerpt":{"rendered":"<p>La bomba posee la funci\u00f3n de aumentar la presi\u00f3n desde cisterna o tanque elevado. Posee un tanque hidroneum\u00e1tico lo que permite tener una reserva de agua. Cuenta con un sistema de CONTROL \u201cPRESS E\u201d Electr\u00f3nico, dispone de una plaqueta electr\u00f3nica y un sensor de presi\u00f3n que soporta un n\u00famero mayor de encendidos. El cual est\u00e1 programado con protecci\u00f3n ante la falta de agua.El equipo se enciende cuando la presi\u00f3n del sistema baja debido a la apertura de un grifo o ducha, manteniendo la presi\u00f3n de agua constante en la ca\u00f1er\u00eda. Al cerrar los consumos, el equipo se detiene. Adem\u00e1s posee un protector t\u00e9rmico incorporado, lo que evita que se queme ante la falta de agua.<br \/>\nEs completamente silenciosa al trabajar y de bajo consumo, por lo que es adecuada para colocarla en viviendas residenciales de hasta 20 duchas\/ba\u00f1os. Cuenta con una presi\u00f3n m\u00e1xima de 24 m.c.a y un caudal m\u00e1ximo de 22000 l\/h.<\/p>\n","protected":false},"featured_media":3453,"comment_status":"open","ping_status":"closed","template":"","meta":[],"product_brand":[],"product_cat":[62,72],"product_tag":[],"class_list":{"0":"post-3452","1":"product","2":"type-product","3":"status-publish","4":"has-post-thumbnail","6":"product_cat-bombas","7":"product_cat-equipos-de-presurizacion","9":"first","10":"instock","11":"shipping-taxable","12":"product-type-simple"},"_links":{"self":[{"href":"https:\/\/hidrotecni-k.com.ar\/site\/wp-json\/wp\/v2\/product\/3452","targetHints":{"allow":["GET"]}}],"collection":[{"href":"https:\/\/hidrotecni-k.com.ar\/site\/wp-json\/wp\/v2\/product"}],"about":[{"href":"https:\/\/hidrotecni-k.com.ar\/site\/wp-json\/wp\/v2\/types\/product"}],"replies":[{"embeddable":true,"href":"https:\/\/hidrotecni-k.com.ar\/site\/wp-json\/wp\/v2\/comments?post=3452"}],"wp:featuredmedia":[{"embeddable":true,"href":"https:\/\/hidrotecni-k.com.ar\/site\/wp-json\/wp\/v2\/media\/3453"}],"wp:attachment":[{"href":"https:\/\/hidrotecni-k.com.ar\/site\/wp-json\/wp\/v2\/media?parent=3452"}],"wp:term":[{"taxonomy":"product_brand","embeddable":true,"href":"https:\/\/hidrotecni-k.com.ar\/site\/wp-json\/wp\/v2\/product_brand?post=3452"},{"taxonomy":"product_cat","embeddable":true,"href":"https:\/\/hidrotecni-k.com.ar\/site\/wp-json\/wp\/v2\/product_cat?post=3452"},{"taxonomy":"product_tag","embeddable":true,"href":"https:\/\/hidrotecni-k.com.ar\/site\/wp-json\/wp\/v2\/product_tag?post=3452"}],"curies":[{"name":"wp","href":"https:\/\/api.w.org\/{rel}","templated":true}]}}