{"id":3433,"date":"2021-07-29T10:12:45","date_gmt":"2021-07-29T13:12:45","guid":{"rendered":"http:\/\/hidrotecni-k.com.ar\/site\/?post_type=product&#038;p=3433"},"modified":"2021-07-30T15:34:18","modified_gmt":"2021-07-30T18:34:18","slug":"presurizadora-max-press-30vf","status":"publish","type":"product","link":"https:\/\/hidrotecni-k.com.ar\/site\/producto\/presurizadora-max-press-30vf\/","title":{"rendered":"Presurizadora MAX PRESS 30VF"},"content":{"rendered":"<p>La bomba posee la funci\u00f3n de aumentar la presi\u00f3n de agua desde el tanque cisterna o tanque elevado, presurizando la instalaci\u00f3n. Cuenta con un variador de frecuencia (VF) que permite regular la presi\u00f3n del agua logrando obtener una presi\u00f3n confortable en toda la casa.<br \/>\nCuando uno o varios consumos son utilizados, el equipo se pone en funcionamiento, a partir de ese instante comienza la modulaci\u00f3n, ajust\u00e1ndose a los consumos abiertos, manteniendo la presi\u00f3n previamente fijada en forma constante. Cuando se cierran los consumos, el equipo se mantiene a la presi\u00f3n m\u00e1xima establecida con caudal m\u00ednimo, y despu\u00e9s de 30 segundos el mismo se mantiene, quedando a la espera de una nueva demanda.<br \/>\nEs completamente silenciosa al trabajar y de bajo consumo, por lo que es adecuada para colocarla en viviendas residenciales de hasta cuatro plantas con un m\u00e1ximo de 8 duchas\/ba\u00f1os o columna de duchas. Cuenta con una presi\u00f3n m\u00e1xima de 29 m.c.a, un caudal m\u00e1ximo de 7000 l\/h.<\/p>\n<p><strong>Caracter\u00edsticas<\/strong><\/p>\n<p>Tensiones disponibles: 220V<br \/>\nPotencia (HP):\t       1,00<\/p>\n","protected":false},"excerpt":{"rendered":"<p>La bomba posee la funci\u00f3n de aumentar la presi\u00f3n de agua desde el tanque cisterna o tanque elevado, presurizando la instalaci\u00f3n. Cuenta con un variador de frecuencia (VF) que permite regular la presi\u00f3n del agua logrando obtener una presi\u00f3n confortable en toda la casa.<br \/>\nEs completamente silenciosa al trabajar y de bajo consumo, por lo que es adecuada para colocarla en viviendas residenciales de hasta cuatro plantas con un m\u00e1ximo de 8 duchas\/ba\u00f1os o columna de duchas. Cuenta con una presi\u00f3n m\u00e1xima de 29 m.c.a, un caudal m\u00e1ximo de 7000 l\/h.<\/p>\n","protected":false},"featured_media":3434,"comment_status":"open","ping_status":"closed","template":"","meta":[],"product_brand":[],"product_cat":[62,184],"product_tag":[],"class_list":{"0":"post-3433","1":"product","2":"type-product","3":"status-publish","4":"has-post-thumbnail","6":"product_cat-bombas","7":"product_cat-velocidad-variable","9":"first","10":"instock","11":"shipping-taxable","12":"product-type-simple"},"_links":{"self":[{"href":"https:\/\/hidrotecni-k.com.ar\/site\/wp-json\/wp\/v2\/product\/3433","targetHints":{"allow":["GET"]}}],"collection":[{"href":"https:\/\/hidrotecni-k.com.ar\/site\/wp-json\/wp\/v2\/product"}],"about":[{"href":"https:\/\/hidrotecni-k.com.ar\/site\/wp-json\/wp\/v2\/types\/product"}],"replies":[{"embeddable":true,"href":"https:\/\/hidrotecni-k.com.ar\/site\/wp-json\/wp\/v2\/comments?post=3433"}],"wp:featuredmedia":[{"embeddable":true,"href":"https:\/\/hidrotecni-k.com.ar\/site\/wp-json\/wp\/v2\/media\/3434"}],"wp:attachment":[{"href":"https:\/\/hidrotecni-k.com.ar\/site\/wp-json\/wp\/v2\/media?parent=3433"}],"wp:term":[{"taxonomy":"product_brand","embeddable":true,"href":"https:\/\/hidrotecni-k.com.ar\/site\/wp-json\/wp\/v2\/product_brand?post=3433"},{"taxonomy":"product_cat","embeddable":true,"href":"https:\/\/hidrotecni-k.com.ar\/site\/wp-json\/wp\/v2\/product_cat?post=3433"},{"taxonomy":"product_tag","embeddable":true,"href":"https:\/\/hidrotecni-k.com.ar\/site\/wp-json\/wp\/v2\/product_tag?post=3433"}],"curies":[{"name":"wp","href":"https:\/\/api.w.org\/{rel}","templated":true}]}}