{"id":3422,"date":"2021-07-27T09:59:47","date_gmt":"2021-07-27T12:59:47","guid":{"rendered":"http:\/\/hidrotecni-k.com.ar\/site\/?post_type=product&#038;p=3422"},"modified":"2021-07-27T10:04:53","modified_gmt":"2021-07-27T13:04:53","slug":"presurizadora-maxpress26e","status":"publish","type":"product","link":"https:\/\/hidrotecni-k.com.ar\/site\/producto\/presurizadora-maxpress26e\/","title":{"rendered":"Presurizadora MAX PRESS 26E"},"content":{"rendered":"<p>La bomba posee la funci\u00f3n de aumentar la presi\u00f3n de agua desde el tanque cisterna o tanque elevado, presurizando la instalaci\u00f3n. Cuenta con un sistema de CONTROL \u201cPRESS E\u201d Electr\u00f3nico, dispone de una plaqueta electr\u00f3nica y un sensor de presi\u00f3n que soporta un n\u00famero mayor de encendidos. El cual est\u00e1 programado con protecci\u00f3n ante la falta de agua. El sensor se comunica con la plaqueta electr\u00f3nica de la bomba monitoreando constantemente el sistema, lo que permite un mejor funcionamiento del producto. El equipo se enciende cuando la presi\u00f3n del sistema baja debido a la apertura de un grifo o ducha, manteniendo la presi\u00f3n de agua constante en la ca\u00f1er\u00eda. Al cerrar los consumos, el equipo se detiene.<br \/>\nEs completamente silenciosa al trabajar y de bajo consumo, por lo que es adecuada para colocarla en viviendas residenciales de hasta tres plantas con un m\u00e1ximo de 5 duchas o columna de duchas. Cuenta con una presi\u00f3n m\u00e1xima de 29 m.c.a, un caudal m\u00e1ximo de 7000 l\/h y un sistema de auto protecci\u00f3n ante un funcionamiento prolongado bajo condiciones extremas de presi\u00f3n y caudal.<\/p>\n<p><strong>Caracter\u00edsticas<\/strong><\/p>\n<p>Tensiones disponibles: 220V<br \/>\nTemperatura m\u00e1xima del agua: 40\u00baC<br \/>\nTemperatura ambiente: 40\u00baC<br \/>\nPresi\u00f3n m\u00e1xima del sistema: 6Kg\/cm\u00b2<br \/>\nTipo de aislaci\u00f3n: F<br \/>\nP\u00e9rdida de carga m\u00e1xima en succi\u00f3n: 4 m.c.a.<br \/>\nBobinado protegido contra funcionamiento en seco, se apaga autom\u00e1ticamente.<br \/>\nPosee protector t\u00e9rmico incorporado.<\/p>\n","protected":false},"excerpt":{"rendered":"<p>La bomba posee la funci\u00f3n de aumentar la presi\u00f3n de agua desde el tanque cisterna o tanque elevado, presurizando la instalaci\u00f3n. Cuenta con un sistema de CONTROL \u201cPRESS E\u201d Electr\u00f3nico, dispone de una plaqueta electr\u00f3nica y un sensor de presi\u00f3n que soporta un n\u00famero mayor de encendidos. El cual est\u00e1 programado con protecci\u00f3n ante la falta de agua. El sensor se comunica con la plaqueta electr\u00f3nica de la bomba monitoreando constantemente el sistema, lo que permite un mejor funcionamiento del producto. El equipo se enciende cuando la presi\u00f3n del sistema baja debido a la apertura de un grifo o ducha, manteniendo la presi\u00f3n de agua constante en la ca\u00f1er\u00eda. Al cerrar los consumos, el equipo se detiene.<br \/>\nEs completamente silenciosa al trabajar y de bajo consumo, por lo que es adecuada para colocarla en viviendas residenciales de hasta tres plantas con un m\u00e1ximo de 5 duchas o columna de duchas. Cuenta con una presi\u00f3n m\u00e1xima de 29 m.c.a, un caudal m\u00e1ximo de 7000 l\/h y un sistema de auto protecci\u00f3n ante un funcionamiento prolongado bajo condiciones extremas de presi\u00f3n y caudal.<\/p>\n","protected":false},"featured_media":3423,"comment_status":"open","ping_status":"closed","template":"","meta":[],"product_brand":[],"product_cat":[62,72],"product_tag":[],"class_list":{"0":"post-3422","1":"product","2":"type-product","3":"status-publish","4":"has-post-thumbnail","6":"product_cat-bombas","7":"product_cat-equipos-de-presurizacion","9":"first","10":"instock","11":"shipping-taxable","12":"product-type-simple"},"_links":{"self":[{"href":"https:\/\/hidrotecni-k.com.ar\/site\/wp-json\/wp\/v2\/product\/3422","targetHints":{"allow":["GET"]}}],"collection":[{"href":"https:\/\/hidrotecni-k.com.ar\/site\/wp-json\/wp\/v2\/product"}],"about":[{"href":"https:\/\/hidrotecni-k.com.ar\/site\/wp-json\/wp\/v2\/types\/product"}],"replies":[{"embeddable":true,"href":"https:\/\/hidrotecni-k.com.ar\/site\/wp-json\/wp\/v2\/comments?post=3422"}],"wp:featuredmedia":[{"embeddable":true,"href":"https:\/\/hidrotecni-k.com.ar\/site\/wp-json\/wp\/v2\/media\/3423"}],"wp:attachment":[{"href":"https:\/\/hidrotecni-k.com.ar\/site\/wp-json\/wp\/v2\/media?parent=3422"}],"wp:term":[{"taxonomy":"product_brand","embeddable":true,"href":"https:\/\/hidrotecni-k.com.ar\/site\/wp-json\/wp\/v2\/product_brand?post=3422"},{"taxonomy":"product_cat","embeddable":true,"href":"https:\/\/hidrotecni-k.com.ar\/site\/wp-json\/wp\/v2\/product_cat?post=3422"},{"taxonomy":"product_tag","embeddable":true,"href":"https:\/\/hidrotecni-k.com.ar\/site\/wp-json\/wp\/v2\/product_tag?post=3422"}],"curies":[{"name":"wp","href":"https:\/\/api.w.org\/{rel}","templated":true}]}}