{"id":3406,"date":"2021-07-23T09:50:29","date_gmt":"2021-07-23T12:50:29","guid":{"rendered":"http:\/\/hidrotecni-k.com.ar\/site\/?post_type=product&#038;p=3406"},"modified":"2021-07-23T10:14:57","modified_gmt":"2021-07-23T13:14:57","slug":"presurizadora-tango-press-20","status":"publish","type":"product","link":"https:\/\/hidrotecni-k.com.ar\/site\/producto\/presurizadora-tango-press-20\/","title":{"rendered":"Presurizadora TANGO PRESS 20"},"content":{"rendered":"<p>La bomba posee la funci\u00f3n de aumentar la presi\u00f3n de agua desde el tanque cisterna, presurizando la instalaci\u00f3n. El equipo se enciende cuando la presi\u00f3n del sistema baja debido a la apertura de un grifo o ducha, manteniendo la presi\u00f3n de agua constante en la ca\u00f1er\u00eda. Al cerrar los consumos, el equipo se detiene.<br \/>\nEs completamente silenciosa al trabajar, por lo que es adecuada para colocarla en viviendas residenciales de hasta dos plantas con un m\u00e1ximo de 2 duchas. Cuenta con una presi\u00f3n m\u00e1xima de 19 m.c.a, un caudal m\u00e1ximo de 4000 l\/h y un protector t\u00e9rmico incorporado.<\/p>\n<p><strong>Caracter\u00edsticas.<\/strong><\/p>\n<p>Tensiones disponibles: 220V<br \/>\nTemperatura m\u00e1xima del agua: 40\u00baC<br \/>\nTemperatura ambiente: 40\u00baC<br \/>\nPresi\u00f3n m\u00e1xima del sistema: 4Kg\/cm\u00b2<br \/>\nTipo de aislaci\u00f3n: F<br \/>\nP\u00e9rdida de carga m\u00e1xima en succi\u00f3n: 4 m.c.a.<\/p>\n","protected":false},"excerpt":{"rendered":"<p>La bomba posee la funci\u00f3n de aumentar la presi\u00f3n de agua desde el tanque cisterna, presurizando la instalaci\u00f3n. El equipo se enciende cuando la presi\u00f3n del sistema baja debido a la apertura de un grifo o ducha, manteniendo la presi\u00f3n de agua constante en la ca\u00f1er\u00eda. Al cerrar los consumos, el equipo se detiene.<br \/>\nEs completamente silenciosa al trabajar, por lo que es adecuada para colocarla en viviendas residenciales de hasta dos plantas con un m\u00e1ximo de 2 duchas. Cuenta con una presi\u00f3n m\u00e1xima de 19 m.c.a, un caudal m\u00e1ximo de 4000 l\/h y un protector t\u00e9rmico incorporado.<\/p>\n","protected":false},"featured_media":3408,"comment_status":"open","ping_status":"closed","template":"","meta":[],"product_brand":[],"product_cat":[62,72],"product_tag":[],"class_list":{"0":"post-3406","1":"product","2":"type-product","3":"status-publish","4":"has-post-thumbnail","6":"product_cat-bombas","7":"product_cat-equipos-de-presurizacion","9":"first","10":"instock","11":"shipping-taxable","12":"product-type-simple"},"_links":{"self":[{"href":"https:\/\/hidrotecni-k.com.ar\/site\/wp-json\/wp\/v2\/product\/3406","targetHints":{"allow":["GET"]}}],"collection":[{"href":"https:\/\/hidrotecni-k.com.ar\/site\/wp-json\/wp\/v2\/product"}],"about":[{"href":"https:\/\/hidrotecni-k.com.ar\/site\/wp-json\/wp\/v2\/types\/product"}],"replies":[{"embeddable":true,"href":"https:\/\/hidrotecni-k.com.ar\/site\/wp-json\/wp\/v2\/comments?post=3406"}],"wp:featuredmedia":[{"embeddable":true,"href":"https:\/\/hidrotecni-k.com.ar\/site\/wp-json\/wp\/v2\/media\/3408"}],"wp:attachment":[{"href":"https:\/\/hidrotecni-k.com.ar\/site\/wp-json\/wp\/v2\/media?parent=3406"}],"wp:term":[{"taxonomy":"product_brand","embeddable":true,"href":"https:\/\/hidrotecni-k.com.ar\/site\/wp-json\/wp\/v2\/product_brand?post=3406"},{"taxonomy":"product_cat","embeddable":true,"href":"https:\/\/hidrotecni-k.com.ar\/site\/wp-json\/wp\/v2\/product_cat?post=3406"},{"taxonomy":"product_tag","embeddable":true,"href":"https:\/\/hidrotecni-k.com.ar\/site\/wp-json\/wp\/v2\/product_tag?post=3406"}],"curies":[{"name":"wp","href":"https:\/\/api.w.org\/{rel}","templated":true}]}}