{"id":3392,"date":"2021-07-22T09:52:49","date_gmt":"2021-07-22T12:52:49","guid":{"rendered":"http:\/\/hidrotecni-k.com.ar\/site\/?post_type=product&#038;p=3392"},"modified":"2021-07-22T10:10:33","modified_gmt":"2021-07-22T13:10:33","slug":"presurizadora-max-sfl-22","status":"publish","type":"product","link":"https:\/\/hidrotecni-k.com.ar\/site\/producto\/presurizadora-max-sfl-22\/","title":{"rendered":"Presurizadora MAX SFL 22"},"content":{"rendered":"<p>La bomba posee la funci\u00f3n de aumentar la presi\u00f3n de agua desde el tanque elevado, presurizando la instalaci\u00f3n, en el momento en que se abre un grifo o ducha, accion\u00e1ndose siempre que se haya consumido m\u00e1s de un litro de agua por minuto. Al cerrar los grifos, el equipo se apaga quedando el sistema SIN PRESURIZACI\u00d3N.<br \/>\nEs completamente silenciosa al trabajar, por lo que es adecuada para colocarla en viviendas residenciales con un m\u00e1ximo de 5 duchas y con una altura agregada al tanque elevado de 21 mts. Cuenta con una presi\u00f3n m\u00e1xima de 6Kg\/cm\u00b2, un caudal m\u00e1ximo de 5500 l\/h, un protector t\u00e9rmico incorporado y no le afectan las p\u00e9rdidas de agua en tuber\u00edas o ca\u00f1er\u00edas.<\/p>\n<p>Caracter\u00edsticas<br \/>\nEntrada y salida de 1&#8243;<br \/>\nBobinado protegido contra funcionamiento en seco, se apaga autom\u00e1ticamente<br \/>\nTensiones disponibles: 220V<br \/>\nTemperatura m\u00e1xima del agua: 40\u00baC<br \/>\nTemperatura ambiente: 40\u00baC<br \/>\nTipo de aislaci\u00f3n: F<br \/>\nP\u00e9rdida de carga m\u00e1xima en succi\u00f3n: 4 m.c.a.<br \/>\n2 v\u00e1lvulas esf\u00e9ricas con uniones dobles (polipropileno)<br \/>\nConexi\u00f3n el\u00e9ctrica directa a la red<\/p>\n","protected":false},"excerpt":{"rendered":"<p>La bomba posee la funci\u00f3n de aumentar la presi\u00f3n de agua desde el tanque elevado, presurizando la instalaci\u00f3n, en el momento en que se abre un grifo o ducha, accion\u00e1ndose siempre que se haya consumido m\u00e1s de un litro de agua por minuto. Al cerrar los grifos, el equipo se apaga quedando el sistema SIN PRESURIZACI\u00d3N.<br \/>\nEs completamente silenciosa al trabajar, por lo que es adecuada para colocarla en viviendas residenciales con un m\u00e1ximo de 5 duchas y con una altura agregada al tanque elevado de 21 mts. Cuenta con una presi\u00f3n m\u00e1xima de 6Kg\/cm\u00b2, un caudal m\u00e1ximo de 5500 l\/h, un protector t\u00e9rmico incorporado y no le afectan las p\u00e9rdidas de agua en tuber\u00edas o ca\u00f1er\u00edas.<\/p>\n","protected":false},"featured_media":3395,"comment_status":"open","ping_status":"closed","template":"","meta":[],"product_brand":[],"product_cat":[62,72],"product_tag":[],"class_list":{"0":"post-3392","1":"product","2":"type-product","3":"status-publish","4":"has-post-thumbnail","6":"product_cat-bombas","7":"product_cat-equipos-de-presurizacion","9":"first","10":"instock","11":"shipping-taxable","12":"product-type-simple"},"_links":{"self":[{"href":"https:\/\/hidrotecni-k.com.ar\/site\/wp-json\/wp\/v2\/product\/3392","targetHints":{"allow":["GET"]}}],"collection":[{"href":"https:\/\/hidrotecni-k.com.ar\/site\/wp-json\/wp\/v2\/product"}],"about":[{"href":"https:\/\/hidrotecni-k.com.ar\/site\/wp-json\/wp\/v2\/types\/product"}],"replies":[{"embeddable":true,"href":"https:\/\/hidrotecni-k.com.ar\/site\/wp-json\/wp\/v2\/comments?post=3392"}],"wp:featuredmedia":[{"embeddable":true,"href":"https:\/\/hidrotecni-k.com.ar\/site\/wp-json\/wp\/v2\/media\/3395"}],"wp:attachment":[{"href":"https:\/\/hidrotecni-k.com.ar\/site\/wp-json\/wp\/v2\/media?parent=3392"}],"wp:term":[{"taxonomy":"product_brand","embeddable":true,"href":"https:\/\/hidrotecni-k.com.ar\/site\/wp-json\/wp\/v2\/product_brand?post=3392"},{"taxonomy":"product_cat","embeddable":true,"href":"https:\/\/hidrotecni-k.com.ar\/site\/wp-json\/wp\/v2\/product_cat?post=3392"},{"taxonomy":"product_tag","embeddable":true,"href":"https:\/\/hidrotecni-k.com.ar\/site\/wp-json\/wp\/v2\/product_tag?post=3392"}],"curies":[{"name":"wp","href":"https:\/\/api.w.org\/{rel}","templated":true}]}}