{"id":3365,"date":"2020-09-19T12:44:27","date_gmt":"2020-09-19T15:44:27","guid":{"rendered":"http:\/\/hidrotecni-k.com.ar\/site\/?post_type=product&#038;p=3365"},"modified":"2020-09-19T12:44:27","modified_gmt":"2020-09-19T15:44:27","slug":"extractor-para-cocina-cromado","status":"publish","type":"product","link":"https:\/\/hidrotecni-k.com.ar\/site\/producto\/extractor-para-cocina-cromado\/","title":{"rendered":"Extractor para cocina cromado"},"content":{"rendered":"<p>Dise\u00f1ados b\u00e1sicamente para uso familiar. S\u00f3lidamente construidos, constan de un cuerpo de acero inoxidable, frente pl\u00e1stico de alto impacto metalizado y persiana fija de igual material en color gris. El motor est\u00e1 montado sobre bujes de bronce fosforoso autolubricados, que garantizan un suave andar y una muy alta vida \u00fatil del mismo, es del tipo polo de sombra o sea que trabaja sin capacitor, se conecta a la red a trav\u00e9s de una ficha tripolar, con conexi\u00f3n a tierra, que permite una f\u00e1cil y segura desconexi\u00f3n cuando sea necesario retirarlo para su limpieza. La h\u00e9lice es de nylon, del tipo axial, que proporciona un alto caudal de extracci\u00f3n a muy bajo nivel sonoro y un m\u00ednimo consumo de energ\u00eda, resultando muy seguras en el momento de la limpieza ya que no poseen bordes filosos como sus similares met\u00e1licas.<\/p>\n","protected":false},"excerpt":{"rendered":"<p>Dise\u00f1ados b\u00e1sicamente para uso familiar. S\u00f3lidamente construidos, constan de un cuerpo de acero inoxidable, frente pl\u00e1stico de alto impacto metalizado y persiana fija de igual material en color gris. El mismo proporciona un alto caudal de extracci\u00f3n a muy bajo nivel sonoro y un m\u00ednimo consumo de energ\u00eda, resultando muy seguras en el momento de la limpieza ya que no poseen bordes filosos como sus similares met\u00e1licas.<\/p>\n","protected":false},"featured_media":3364,"comment_status":"open","ping_status":"closed","template":"","meta":[],"product_brand":[],"product_cat":[107],"product_tag":[],"class_list":{"0":"post-3365","1":"product","2":"type-product","3":"status-publish","4":"has-post-thumbnail","6":"product_cat-extractores-de-aire","8":"first","9":"instock","10":"shipping-taxable","11":"product-type-simple"},"_links":{"self":[{"href":"https:\/\/hidrotecni-k.com.ar\/site\/wp-json\/wp\/v2\/product\/3365","targetHints":{"allow":["GET"]}}],"collection":[{"href":"https:\/\/hidrotecni-k.com.ar\/site\/wp-json\/wp\/v2\/product"}],"about":[{"href":"https:\/\/hidrotecni-k.com.ar\/site\/wp-json\/wp\/v2\/types\/product"}],"replies":[{"embeddable":true,"href":"https:\/\/hidrotecni-k.com.ar\/site\/wp-json\/wp\/v2\/comments?post=3365"}],"wp:featuredmedia":[{"embeddable":true,"href":"https:\/\/hidrotecni-k.com.ar\/site\/wp-json\/wp\/v2\/media\/3364"}],"wp:attachment":[{"href":"https:\/\/hidrotecni-k.com.ar\/site\/wp-json\/wp\/v2\/media?parent=3365"}],"wp:term":[{"taxonomy":"product_brand","embeddable":true,"href":"https:\/\/hidrotecni-k.com.ar\/site\/wp-json\/wp\/v2\/product_brand?post=3365"},{"taxonomy":"product_cat","embeddable":true,"href":"https:\/\/hidrotecni-k.com.ar\/site\/wp-json\/wp\/v2\/product_cat?post=3365"},{"taxonomy":"product_tag","embeddable":true,"href":"https:\/\/hidrotecni-k.com.ar\/site\/wp-json\/wp\/v2\/product_tag?post=3365"}],"curies":[{"name":"wp","href":"https:\/\/api.w.org\/{rel}","templated":true}]}}