{"id":3362,"date":"2020-09-19T12:38:54","date_gmt":"2020-09-19T15:38:54","guid":{"rendered":"http:\/\/hidrotecni-k.com.ar\/site\/?post_type=product&#038;p=3362"},"modified":"2020-09-19T12:38:54","modified_gmt":"2020-09-19T15:38:54","slug":"extractor-para-cocina","status":"publish","type":"product","link":"https:\/\/hidrotecni-k.com.ar\/site\/producto\/extractor-para-cocina\/","title":{"rendered":"Extractor para cocina"},"content":{"rendered":"<p>Los extractores de pared para cocina extraen el aire del ambiente y  son unidireccionales, pueden ser de color cromado o blanco y dentro de los mismos existen varios modelos de di\u00e1metros y caudales que se adecuan a sus necesidades.<br \/>\nAdem\u00e1s pueden instalarse sobre vidrios, dentro de campanas de cocina, en ambientes interiores con poca ventilaci\u00f3n o bien para intercambiar aire climatizado entre locales (calefacci\u00f3n o refrigeraci\u00f3n).<\/p>\n","protected":false},"excerpt":{"rendered":"<p>Los extractores de pared para cocina extraen el aire del ambiente y  son unidireccionales, pueden ser de color cromado o blanco y dentro de los mismos existen varios modelos de di\u00e1metros y caudales que se adecuan a sus necesidades.<br \/>\nAdem\u00e1s pueden instalarse sobre vidrios, dentro de campanas de cocina, en ambientes interiores con poca ventilaci\u00f3n o bien para intercambiar aire climatizado entre locales (calefacci\u00f3n o refrigeraci\u00f3n).<\/p>\n","protected":false},"featured_media":3363,"comment_status":"open","ping_status":"closed","template":"","meta":[],"product_brand":[],"product_cat":[107],"product_tag":[],"class_list":{"0":"post-3362","1":"product","2":"type-product","3":"status-publish","4":"has-post-thumbnail","6":"product_cat-extractores-de-aire","8":"first","9":"instock","10":"shipping-taxable","11":"product-type-simple"},"_links":{"self":[{"href":"https:\/\/hidrotecni-k.com.ar\/site\/wp-json\/wp\/v2\/product\/3362","targetHints":{"allow":["GET"]}}],"collection":[{"href":"https:\/\/hidrotecni-k.com.ar\/site\/wp-json\/wp\/v2\/product"}],"about":[{"href":"https:\/\/hidrotecni-k.com.ar\/site\/wp-json\/wp\/v2\/types\/product"}],"replies":[{"embeddable":true,"href":"https:\/\/hidrotecni-k.com.ar\/site\/wp-json\/wp\/v2\/comments?post=3362"}],"wp:featuredmedia":[{"embeddable":true,"href":"https:\/\/hidrotecni-k.com.ar\/site\/wp-json\/wp\/v2\/media\/3363"}],"wp:attachment":[{"href":"https:\/\/hidrotecni-k.com.ar\/site\/wp-json\/wp\/v2\/media?parent=3362"}],"wp:term":[{"taxonomy":"product_brand","embeddable":true,"href":"https:\/\/hidrotecni-k.com.ar\/site\/wp-json\/wp\/v2\/product_brand?post=3362"},{"taxonomy":"product_cat","embeddable":true,"href":"https:\/\/hidrotecni-k.com.ar\/site\/wp-json\/wp\/v2\/product_cat?post=3362"},{"taxonomy":"product_tag","embeddable":true,"href":"https:\/\/hidrotecni-k.com.ar\/site\/wp-json\/wp\/v2\/product_tag?post=3362"}],"curies":[{"name":"wp","href":"https:\/\/api.w.org\/{rel}","templated":true}]}}