{"id":3356,"date":"2020-07-03T12:45:16","date_gmt":"2020-07-03T15:45:16","guid":{"rendered":"http:\/\/hidrotecni-k.com.ar\/site\/?post_type=product&#038;p=3356"},"modified":"2020-07-03T12:45:16","modified_gmt":"2020-07-03T15:45:16","slug":"motosierra-elite-gamma","status":"publish","type":"product","link":"https:\/\/hidrotecni-k.com.ar\/site\/producto\/motosierra-elite-gamma\/","title":{"rendered":"Motosierra Elite Gamma"},"content":{"rendered":"<p>El producto posee un dise\u00f1o ergon\u00f3mico para facilitar su uso. Est\u00e1 provisto de freno de cadena, lo cual protege al usuario ante una posible trancada de cadena y su golpe en retroceso.<br \/>\nEs ideal para el mantenimiento de parques y jardines, podas, desrame y corte de le\u00f1a.<br \/>\nPosee un sistema antivibratorio que preserva manos y mu\u00f1ecas de las vibraciones del motor haciendo su uso m\u00e1s confortable y seguro.<\/p>\n<p>Datos T\u00e9cnicos:<br \/>\nMotor: a 2T<br \/>\nPotencia: 50cc<br \/>\nCadena Oregon y carburador Tillotson.<br \/>\nCon pi\u00f1\u00f3n en la espada para asegurar un correcto desplazamiento de la cadena.<br \/>\nPeso:8,5 kg<br \/>\nDi\u00e1m max de corte:100 cm<\/p>\n","protected":false},"excerpt":{"rendered":"<p>El producto posee un dise\u00f1o ergon\u00f3mico para facilitar su uso. Est\u00e1 provisto de freno de cadena, lo cual protege al usuario ante una posible trancada de cadena y su golpe en retroceso.<br \/>\nEs ideal para el mantenimiento de parques y jardines, podas, desrame y corte de le\u00f1a.<br \/>\nPosee un sistema antivibratorio que preserva manos y mu\u00f1ecas de las vibraciones del motor haciendo su uso m\u00e1s confortable y seguro.<\/p>\n","protected":false},"featured_media":3357,"comment_status":"open","ping_status":"closed","template":"","meta":[],"product_brand":[],"product_cat":[122],"product_tag":[],"class_list":{"0":"post-3356","1":"product","2":"type-product","3":"status-publish","4":"has-post-thumbnail","6":"product_cat-motosierras","8":"first","9":"instock","10":"shipping-taxable","11":"product-type-simple"},"_links":{"self":[{"href":"https:\/\/hidrotecni-k.com.ar\/site\/wp-json\/wp\/v2\/product\/3356","targetHints":{"allow":["GET"]}}],"collection":[{"href":"https:\/\/hidrotecni-k.com.ar\/site\/wp-json\/wp\/v2\/product"}],"about":[{"href":"https:\/\/hidrotecni-k.com.ar\/site\/wp-json\/wp\/v2\/types\/product"}],"replies":[{"embeddable":true,"href":"https:\/\/hidrotecni-k.com.ar\/site\/wp-json\/wp\/v2\/comments?post=3356"}],"wp:featuredmedia":[{"embeddable":true,"href":"https:\/\/hidrotecni-k.com.ar\/site\/wp-json\/wp\/v2\/media\/3357"}],"wp:attachment":[{"href":"https:\/\/hidrotecni-k.com.ar\/site\/wp-json\/wp\/v2\/media?parent=3356"}],"wp:term":[{"taxonomy":"product_brand","embeddable":true,"href":"https:\/\/hidrotecni-k.com.ar\/site\/wp-json\/wp\/v2\/product_brand?post=3356"},{"taxonomy":"product_cat","embeddable":true,"href":"https:\/\/hidrotecni-k.com.ar\/site\/wp-json\/wp\/v2\/product_cat?post=3356"},{"taxonomy":"product_tag","embeddable":true,"href":"https:\/\/hidrotecni-k.com.ar\/site\/wp-json\/wp\/v2\/product_tag?post=3356"}],"curies":[{"name":"wp","href":"https:\/\/api.w.org\/{rel}","templated":true}]}}