{"id":3352,"date":"2020-07-03T12:11:29","date_gmt":"2020-07-03T15:11:29","guid":{"rendered":"http:\/\/hidrotecni-k.com.ar\/site\/?post_type=product&#038;p=3352"},"modified":"2020-07-03T12:11:29","modified_gmt":"2020-07-03T15:11:29","slug":"motosierra-20-gamma","status":"publish","type":"product","link":"https:\/\/hidrotecni-k.com.ar\/site\/producto\/motosierra-20-gamma\/","title":{"rendered":"Motosierra 20&#8243; Gamma"},"content":{"rendered":"<p>Producto de calidad de avanzada. Posee un dise\u00f1o ergon\u00f3mico para facilitar su uso.Es ideal para mantenimiento de parques y jardines, podas, desrame y corte de le\u00f1a.<br \/>\nPosee un sistema antivibratorio que preserva manos y mu\u00f1ecas de las vibraciones del motor, haciendo su uso m\u00e1s confortable y seguro.<br \/>\nProporciona protecci\u00f3n al usuario ante una posible trancada de cadena y golpe en retroceso, gracias a que posee un freno de cadena.<br \/>\nTiene aceitador autom\u00e1tico, manteniendo la cadena lubricada correctamente incluso en condiciones severas.<br \/>\nDatos t\u00e9cnicos<br \/>\nMotor: 2T<br \/>\nPotencia &#8211; Cilindrada: 2 kW &#8211; 50 cc<br \/>\nVelocidad: 2800 RPM &#8211; 10000 RPM<br \/>\nLargo de Espada: 20\u201d &#8211; 50 cm<br \/>\nAncho M\u00e1x. De Corte: 100 cm<br \/>\nBarra Gu\u00eda: Punta con pi\u00f1\u00f3n<br \/>\nPeso:8,5 kg<br \/>\nDimensiones: 495 x 260 x 305 m<\/p>\n","protected":false},"excerpt":{"rendered":"<p>Producto de calidad de avanzada. Posee un dise\u00f1o ergon\u00f3mico para facilitar su uso.Es ideal para mantenimiento de parques y jardines, podas, desrame y corte de le\u00f1a.<br \/>\nPosee un sistema antivibratorio que preserva manos y mu\u00f1ecas de las vibraciones del motor, haciendo su uso m\u00e1s confortable y seguro.<br \/>\nProporciona protecci\u00f3n al usuario ante una posible trancada de cadena y golpe en retroceso, gracias a que posee un freno de cadena.<\/p>\n","protected":false},"featured_media":3354,"comment_status":"open","ping_status":"closed","template":"","meta":[],"product_brand":[],"product_cat":[122],"product_tag":[],"class_list":{"0":"post-3352","1":"product","2":"type-product","3":"status-publish","4":"has-post-thumbnail","6":"product_cat-motosierras","8":"first","9":"instock","10":"shipping-taxable","11":"product-type-simple"},"_links":{"self":[{"href":"https:\/\/hidrotecni-k.com.ar\/site\/wp-json\/wp\/v2\/product\/3352","targetHints":{"allow":["GET"]}}],"collection":[{"href":"https:\/\/hidrotecni-k.com.ar\/site\/wp-json\/wp\/v2\/product"}],"about":[{"href":"https:\/\/hidrotecni-k.com.ar\/site\/wp-json\/wp\/v2\/types\/product"}],"replies":[{"embeddable":true,"href":"https:\/\/hidrotecni-k.com.ar\/site\/wp-json\/wp\/v2\/comments?post=3352"}],"wp:featuredmedia":[{"embeddable":true,"href":"https:\/\/hidrotecni-k.com.ar\/site\/wp-json\/wp\/v2\/media\/3354"}],"wp:attachment":[{"href":"https:\/\/hidrotecni-k.com.ar\/site\/wp-json\/wp\/v2\/media?parent=3352"}],"wp:term":[{"taxonomy":"product_brand","embeddable":true,"href":"https:\/\/hidrotecni-k.com.ar\/site\/wp-json\/wp\/v2\/product_brand?post=3352"},{"taxonomy":"product_cat","embeddable":true,"href":"https:\/\/hidrotecni-k.com.ar\/site\/wp-json\/wp\/v2\/product_cat?post=3352"},{"taxonomy":"product_tag","embeddable":true,"href":"https:\/\/hidrotecni-k.com.ar\/site\/wp-json\/wp\/v2\/product_tag?post=3352"}],"curies":[{"name":"wp","href":"https:\/\/api.w.org\/{rel}","templated":true}]}}