{"id":3340,"date":"2019-11-08T13:04:45","date_gmt":"2019-11-08T16:04:45","guid":{"rendered":"http:\/\/hidrotecni-k.com.ar\/site\/?post_type=product&#038;p=3340"},"modified":"2019-11-08T13:04:45","modified_gmt":"2019-11-08T16:04:45","slug":"mini-9-de-bronce","status":"publish","type":"product","link":"https:\/\/hidrotecni-k.com.ar\/site\/producto\/mini-9-de-bronce\/","title":{"rendered":"Mini 9 de bronce"},"content":{"rendered":"<p>La bomba posee la funci\u00f3n de otorgarle la presi\u00f3n necesaria a la ca\u00f1er\u00eda. La misma trabaja a trav\u00e9s de un sensor magn\u00e9tico que le indica el arranque en caso de baja presi\u00f3n, manteniendo la ca\u00f1er\u00eda presurizada. Puede colocarse en la bajada de agua del tanque, en la entrada de agua del calef\u00f3n o en cualquier lugar de la ca\u00f1er\u00eda donde exista una presi\u00f3n m\u00ednima de 40 gramos.<br \/>\nCuenta con una presi\u00f3n m\u00e1xima de 9 m.c.a y un caudal m\u00e1ximo de 1800 l\/h<\/p>\n","protected":false},"excerpt":{"rendered":"<p>La bomba posee la funci\u00f3n de otorgarle la presi\u00f3n necesaria a la ca\u00f1er\u00eda. La misma trabaja a trav\u00e9s de un sensor magn\u00e9tico que le indica el arranque en caso de baja presi\u00f3n, manteniendo la ca\u00f1er\u00eda presurizada. Puede colocarse en la bajada de agua del tanque, en la entrada de agua del calef\u00f3n o en cualquier lugar de la ca\u00f1er\u00eda donde exista una presi\u00f3n m\u00ednima de 40 gramos.<br \/>\nCuenta con una presi\u00f3n m\u00e1xima de 9 m.c.a y un caudal m\u00e1ximo de 1800 l\/h<\/p>\n","protected":false},"featured_media":3341,"comment_status":"open","ping_status":"closed","template":"","meta":[],"product_brand":[],"product_cat":[62,72],"product_tag":[],"class_list":{"0":"post-3340","1":"product","2":"type-product","3":"status-publish","4":"has-post-thumbnail","6":"product_cat-bombas","7":"product_cat-equipos-de-presurizacion","9":"first","10":"instock","11":"shipping-taxable","12":"product-type-simple"},"_links":{"self":[{"href":"https:\/\/hidrotecni-k.com.ar\/site\/wp-json\/wp\/v2\/product\/3340","targetHints":{"allow":["GET"]}}],"collection":[{"href":"https:\/\/hidrotecni-k.com.ar\/site\/wp-json\/wp\/v2\/product"}],"about":[{"href":"https:\/\/hidrotecni-k.com.ar\/site\/wp-json\/wp\/v2\/types\/product"}],"replies":[{"embeddable":true,"href":"https:\/\/hidrotecni-k.com.ar\/site\/wp-json\/wp\/v2\/comments?post=3340"}],"wp:featuredmedia":[{"embeddable":true,"href":"https:\/\/hidrotecni-k.com.ar\/site\/wp-json\/wp\/v2\/media\/3341"}],"wp:attachment":[{"href":"https:\/\/hidrotecni-k.com.ar\/site\/wp-json\/wp\/v2\/media?parent=3340"}],"wp:term":[{"taxonomy":"product_brand","embeddable":true,"href":"https:\/\/hidrotecni-k.com.ar\/site\/wp-json\/wp\/v2\/product_brand?post=3340"},{"taxonomy":"product_cat","embeddable":true,"href":"https:\/\/hidrotecni-k.com.ar\/site\/wp-json\/wp\/v2\/product_cat?post=3340"},{"taxonomy":"product_tag","embeddable":true,"href":"https:\/\/hidrotecni-k.com.ar\/site\/wp-json\/wp\/v2\/product_tag?post=3340"}],"curies":[{"name":"wp","href":"https:\/\/api.w.org\/{rel}","templated":true}]}}