{"id":3333,"date":"2019-11-08T11:11:18","date_gmt":"2019-11-08T14:11:18","guid":{"rendered":"http:\/\/hidrotecni-k.com.ar\/site\/?post_type=product&#038;p=3333"},"modified":"2022-06-08T19:20:30","modified_gmt":"2022-06-08T22:20:30","slug":"filtro-vf-2000","status":"publish","type":"product","link":"https:\/\/hidrotecni-k.com.ar\/site\/producto\/filtro-vf-2000\/","title":{"rendered":"Filtro VF-2000"},"content":{"rendered":"<p>Filtro de \u00d8 430mm con multiv\u00e1lvula de 6 funciones, manual. El equipo puede utilizarse con carga filtrante multimedia, para eliminaci\u00f3n de sedimentos o con carb\u00f3n activado, para eliminar los problemas de mal olor y sabor relacionados con la presencia de cloro residual presente en el suministro de agua potable de red.<br \/>\nGeneralmente es utilizado para el embotellamiento de agua y soda.<br \/>\nPosee un caudal nominal de 2000 lts\/h, una presi\u00f3n de trabajo m\u00ednima de 0,5 kg\/cm2 y una m\u00e1xima de 1,5 kg\/cm2. Su temperatura de trabajo m\u00e1x. es de 37\u00b0C.<\/p>\n","protected":false},"excerpt":{"rendered":"<p>Filtro de \u00d8 430mm con multiv\u00e1lvula de 6 funciones, manual. El equipo puede utilizarse con carga filtrante multimedia, para eliminaci\u00f3n de sedimentos o con carb\u00f3n activado, para eliminar los problemas de mal olor y sabor relacionados con la presencia de cloro residual presente en el suministro de agua potable de red.<\/p>\n","protected":false},"featured_media":3334,"comment_status":"open","ping_status":"closed","template":"","meta":[],"product_brand":[],"product_cat":[96,93],"product_tag":[],"class_list":{"0":"post-3333","1":"product","2":"type-product","3":"status-publish","4":"has-post-thumbnail","6":"product_cat-filtros-de-resina-papel-y-malla","7":"product_cat-piscinas-filtros","9":"first","10":"instock","11":"shipping-taxable","12":"product-type-simple"},"_links":{"self":[{"href":"https:\/\/hidrotecni-k.com.ar\/site\/wp-json\/wp\/v2\/product\/3333","targetHints":{"allow":["GET"]}}],"collection":[{"href":"https:\/\/hidrotecni-k.com.ar\/site\/wp-json\/wp\/v2\/product"}],"about":[{"href":"https:\/\/hidrotecni-k.com.ar\/site\/wp-json\/wp\/v2\/types\/product"}],"replies":[{"embeddable":true,"href":"https:\/\/hidrotecni-k.com.ar\/site\/wp-json\/wp\/v2\/comments?post=3333"}],"wp:featuredmedia":[{"embeddable":true,"href":"https:\/\/hidrotecni-k.com.ar\/site\/wp-json\/wp\/v2\/media\/3334"}],"wp:attachment":[{"href":"https:\/\/hidrotecni-k.com.ar\/site\/wp-json\/wp\/v2\/media?parent=3333"}],"wp:term":[{"taxonomy":"product_brand","embeddable":true,"href":"https:\/\/hidrotecni-k.com.ar\/site\/wp-json\/wp\/v2\/product_brand?post=3333"},{"taxonomy":"product_cat","embeddable":true,"href":"https:\/\/hidrotecni-k.com.ar\/site\/wp-json\/wp\/v2\/product_cat?post=3333"},{"taxonomy":"product_tag","embeddable":true,"href":"https:\/\/hidrotecni-k.com.ar\/site\/wp-json\/wp\/v2\/product_tag?post=3333"}],"curies":[{"name":"wp","href":"https:\/\/api.w.org\/{rel}","templated":true}]}}