{"id":3331,"date":"2019-11-08T11:04:13","date_gmt":"2019-11-08T14:04:13","guid":{"rendered":"http:\/\/hidrotecni-k.com.ar\/site\/?post_type=product&#038;p=3331"},"modified":"2022-10-16T04:32:08","modified_gmt":"2022-10-16T07:32:08","slug":"filtro-para-soderia-vf-1000","status":"publish","type":"product","link":"https:\/\/hidrotecni-k.com.ar\/site\/producto\/filtro-para-soderia-vf-1000\/","title":{"rendered":"Filtro para Soder\u00eda VF-1000"},"content":{"rendered":"<p>El filtro VF-1000, es un filtro rotomoldeado de \u00d8 280mm que cumple la funci\u00f3n de retrolavado autom\u00e1tico. Cuenta con una v\u00e1lvula cronom\u00e9trica de 12 d\u00edas y generalmente es utilizado para el embotellado de agua y soda.<br \/>\nEl equipo puede emplearse con carga filtrante multimedia, para eliminaci\u00f3n de sedimentos o con carb\u00f3n activado, para eliminar los problemas de mal olor y sabor relacionados con la presencia de cloro residual presente en el suministro de agua potable de red.<br \/>\nPosee un caudal nominal de 1000 lts\/h y cuenta con una presi\u00f3n de trabajo m\u00ednima de 1,5 kg\/cm2 y una m\u00e1xima de 4 kg\/cm2.<br \/>\nSoporta una temperatura m\u00e1xima de trabajo de 37\u00b0C.<\/p>\n","protected":false},"excerpt":{"rendered":"<p>El filtro VF-1000, es un filtro rotomoldeado de \u00d8 280mm que cumple la funci\u00f3n de retrolavado autom\u00e1tico. Cuenta con una v\u00e1lvula cronom\u00e9trica de 12 d\u00edas y generalmente es utilizado para el embotellado de agua y soda.<br \/>\nEl equipo puede emplearse con carga filtrante multimedia, para eliminaci\u00f3n de sedimentos o con carb\u00f3n activado, para eliminar los problemas de mal olor y sabor relacionados con la presencia de cloro residual presente en el suministro de agua potable de red.<br \/>\nPosee un caudal nominal de 1000 lts\/h y cuenta con una presi\u00f3n de trabajo m\u00ednima de 1,5 kg\/cm2 y una m\u00e1xima de 4 kg\/cm2.<br \/>\nSoporta una temperatura m\u00e1xima de trabajo de 37\u00b0C.<\/p>\n","protected":false},"featured_media":3332,"comment_status":"open","ping_status":"closed","template":"","meta":[],"product_brand":[],"product_cat":[96,93],"product_tag":[],"class_list":{"0":"post-3331","1":"product","2":"type-product","3":"status-publish","4":"has-post-thumbnail","6":"product_cat-filtros-de-resina-papel-y-malla","7":"product_cat-piscinas-filtros","9":"first","10":"instock","11":"shipping-taxable","12":"product-type-simple"},"_links":{"self":[{"href":"https:\/\/hidrotecni-k.com.ar\/site\/wp-json\/wp\/v2\/product\/3331","targetHints":{"allow":["GET"]}}],"collection":[{"href":"https:\/\/hidrotecni-k.com.ar\/site\/wp-json\/wp\/v2\/product"}],"about":[{"href":"https:\/\/hidrotecni-k.com.ar\/site\/wp-json\/wp\/v2\/types\/product"}],"replies":[{"embeddable":true,"href":"https:\/\/hidrotecni-k.com.ar\/site\/wp-json\/wp\/v2\/comments?post=3331"}],"wp:featuredmedia":[{"embeddable":true,"href":"https:\/\/hidrotecni-k.com.ar\/site\/wp-json\/wp\/v2\/media\/3332"}],"wp:attachment":[{"href":"https:\/\/hidrotecni-k.com.ar\/site\/wp-json\/wp\/v2\/media?parent=3331"}],"wp:term":[{"taxonomy":"product_brand","embeddable":true,"href":"https:\/\/hidrotecni-k.com.ar\/site\/wp-json\/wp\/v2\/product_brand?post=3331"},{"taxonomy":"product_cat","embeddable":true,"href":"https:\/\/hidrotecni-k.com.ar\/site\/wp-json\/wp\/v2\/product_cat?post=3331"},{"taxonomy":"product_tag","embeddable":true,"href":"https:\/\/hidrotecni-k.com.ar\/site\/wp-json\/wp\/v2\/product_tag?post=3331"}],"curies":[{"name":"wp","href":"https:\/\/api.w.org\/{rel}","templated":true}]}}