{"id":3327,"date":"2019-11-07T12:02:47","date_gmt":"2019-11-07T15:02:47","guid":{"rendered":"http:\/\/hidrotecni-k.com.ar\/site\/?post_type=product&#038;p=3327"},"modified":"2019-11-07T12:02:47","modified_gmt":"2019-11-07T15:02:47","slug":"cartucho-filtrante-o-75-mm-2","status":"publish","type":"product","link":"https:\/\/hidrotecni-k.com.ar\/site\/producto\/cartucho-filtrante-o-75-mm-2\/","title":{"rendered":"Cartucho filtrante \u00f8 75 mm"},"content":{"rendered":"<p>Filtro descartable de papal plisado de \u00d8 75 mm. Su min\u00fascula malla, permite un buen flujo del agua, obstruyendo el paso de part\u00edculas incluso muy diminutas, lo que garantiza que el proceso de filtrado resulte en un agua limpia y cristalina.<\/p>\n","protected":false},"excerpt":{"rendered":"<p>Filtro descartable de papal plisado de \u00d8 75 mm. Su min\u00fascula malla, permite un buen flujo del agua, obstruyendo el paso de part\u00edculas incluso muy diminutas, lo que garantiza que el proceso de filtrado resulte en un agua limpia y cristalina.<\/p>\n","protected":false},"featured_media":3328,"comment_status":"open","ping_status":"closed","template":"","meta":[],"product_brand":[],"product_cat":[96,93],"product_tag":[],"class_list":{"0":"post-3327","1":"product","2":"type-product","3":"status-publish","4":"has-post-thumbnail","6":"product_cat-filtros-de-resina-papel-y-malla","7":"product_cat-piscinas-filtros","9":"first","10":"instock","11":"shipping-taxable","12":"product-type-simple"},"_links":{"self":[{"href":"https:\/\/hidrotecni-k.com.ar\/site\/wp-json\/wp\/v2\/product\/3327","targetHints":{"allow":["GET"]}}],"collection":[{"href":"https:\/\/hidrotecni-k.com.ar\/site\/wp-json\/wp\/v2\/product"}],"about":[{"href":"https:\/\/hidrotecni-k.com.ar\/site\/wp-json\/wp\/v2\/types\/product"}],"replies":[{"embeddable":true,"href":"https:\/\/hidrotecni-k.com.ar\/site\/wp-json\/wp\/v2\/comments?post=3327"}],"wp:featuredmedia":[{"embeddable":true,"href":"https:\/\/hidrotecni-k.com.ar\/site\/wp-json\/wp\/v2\/media\/3328"}],"wp:attachment":[{"href":"https:\/\/hidrotecni-k.com.ar\/site\/wp-json\/wp\/v2\/media?parent=3327"}],"wp:term":[{"taxonomy":"product_brand","embeddable":true,"href":"https:\/\/hidrotecni-k.com.ar\/site\/wp-json\/wp\/v2\/product_brand?post=3327"},{"taxonomy":"product_cat","embeddable":true,"href":"https:\/\/hidrotecni-k.com.ar\/site\/wp-json\/wp\/v2\/product_cat?post=3327"},{"taxonomy":"product_tag","embeddable":true,"href":"https:\/\/hidrotecni-k.com.ar\/site\/wp-json\/wp\/v2\/product_tag?post=3327"}],"curies":[{"name":"wp","href":"https:\/\/api.w.org\/{rel}","templated":true}]}}