{"id":3321,"date":"2019-11-07T11:57:31","date_gmt":"2019-11-07T14:57:31","guid":{"rendered":"http:\/\/hidrotecni-k.com.ar\/site\/?post_type=product&#038;p=3321"},"modified":"2022-04-13T22:30:10","modified_gmt":"2022-04-14T01:30:10","slug":"carcasa-para-purificador-de-agua","status":"publish","type":"product","link":"https:\/\/hidrotecni-k.com.ar\/site\/producto\/carcasa-para-purificador-de-agua\/","title":{"rendered":"Carcasa para purificador de agua"},"content":{"rendered":"<p>Carcasa para filtros de 10&#8243;con salida de 1\/4&#8243;. Las mismas se pueden colocar en distintos lugares sobre la ca\u00f1er\u00eda y que seg\u00fan el tipo de cartucho que se le coloque, cumplen diferentes funciones: eliminaci\u00f3n de sedimentos, cloro residual, sarro (dureza total) y otras sustancias qu\u00edmicas t\u00f3xicas, presentes en el agua.<\/p>\n","protected":false},"excerpt":{"rendered":"<p>Carcasa para filtros de 10&#8243;con salida de 1\/4&#8243;. Las mismas se pueden colocar en distintos lugares sobre la ca\u00f1er\u00eda y que seg\u00fan el tipo de cartucho que se le coloque, cumplen diferentes funciones: eliminaci\u00f3n de sedimentos, cloro residual, sarro (dureza total) y otras sustancias qu\u00edmicas t\u00f3xicas, presentes en el agua.<\/p>\n","protected":false},"featured_media":3324,"comment_status":"open","ping_status":"closed","template":"","meta":[],"product_brand":[],"product_cat":[96,93],"product_tag":[],"class_list":{"0":"post-3321","1":"product","2":"type-product","3":"status-publish","4":"has-post-thumbnail","6":"product_cat-filtros-de-resina-papel-y-malla","7":"product_cat-piscinas-filtros","9":"first","10":"instock","11":"shipping-taxable","12":"product-type-simple"},"_links":{"self":[{"href":"https:\/\/hidrotecni-k.com.ar\/site\/wp-json\/wp\/v2\/product\/3321","targetHints":{"allow":["GET"]}}],"collection":[{"href":"https:\/\/hidrotecni-k.com.ar\/site\/wp-json\/wp\/v2\/product"}],"about":[{"href":"https:\/\/hidrotecni-k.com.ar\/site\/wp-json\/wp\/v2\/types\/product"}],"replies":[{"embeddable":true,"href":"https:\/\/hidrotecni-k.com.ar\/site\/wp-json\/wp\/v2\/comments?post=3321"}],"wp:featuredmedia":[{"embeddable":true,"href":"https:\/\/hidrotecni-k.com.ar\/site\/wp-json\/wp\/v2\/media\/3324"}],"wp:attachment":[{"href":"https:\/\/hidrotecni-k.com.ar\/site\/wp-json\/wp\/v2\/media?parent=3321"}],"wp:term":[{"taxonomy":"product_brand","embeddable":true,"href":"https:\/\/hidrotecni-k.com.ar\/site\/wp-json\/wp\/v2\/product_brand?post=3321"},{"taxonomy":"product_cat","embeddable":true,"href":"https:\/\/hidrotecni-k.com.ar\/site\/wp-json\/wp\/v2\/product_cat?post=3321"},{"taxonomy":"product_tag","embeddable":true,"href":"https:\/\/hidrotecni-k.com.ar\/site\/wp-json\/wp\/v2\/product_tag?post=3321"}],"curies":[{"name":"wp","href":"https:\/\/api.w.org\/{rel}","templated":true}]}}