{"id":3319,"date":"2019-11-07T11:49:52","date_gmt":"2019-11-07T14:49:52","guid":{"rendered":"http:\/\/hidrotecni-k.com.ar\/site\/?post_type=product&#038;p=3319"},"modified":"2019-11-07T11:49:53","modified_gmt":"2019-11-07T14:49:53","slug":"carcasa-de-filtracion-10-transparente","status":"publish","type":"product","link":"https:\/\/hidrotecni-k.com.ar\/site\/producto\/carcasa-de-filtracion-10-transparente\/","title":{"rendered":"Carcasa de filtraci\u00f3n 10&#8243; &#8211; Transparente"},"content":{"rendered":"<p>Carcasa de filtraci\u00f3n de polipropileno transparente, para cartuchos filtrantes de 10\u201d y \u00d8 63mm est\u00e1ndar. Conexiones de entrada y salida con rosca hembra 1&#8243; (lat\u00f3n). Dependiendo el tipo de cartucho que se utilice la carcasa puede filtrar sedimentos, olores y sabores o dosificar polifosfato para un efecto anti-incrustante. Los cartuchos se venden por separado.<br \/>\nPermite un pasaje de caudal de 1400 lts\/h junto con una presi\u00f3n m\u00e1xima de 8 bar y una temperatura m\u00e1xima de 30\u00b0C. <\/p>\n","protected":false},"excerpt":{"rendered":"<p>Carcasa de filtraci\u00f3n de polipropileno transparente, para cartuchos filtrantes de 10\u201d y \u00d8 63mm est\u00e1ndar. Conexiones de entrada y salida con rosca hembra 1&#8243; (lat\u00f3n). Dependiendo el tipo de cartucho que se utilice la carcasa puede filtrar sedimentos, olores y sabores o dosificar polifosfato para un efecto anti-incrustante. Los cartuchos se venden por separado.<br \/>\nPermite un pasaje de caudal de 1400 lts\/h junto con una presi\u00f3n m\u00e1xima de 8 bar y una temperatura m\u00e1xima de 30\u00b0C. <\/p>\n","protected":false},"featured_media":3320,"comment_status":"open","ping_status":"closed","template":"","meta":[],"product_brand":[],"product_cat":[96,93],"product_tag":[],"class_list":{"0":"post-3319","1":"product","2":"type-product","3":"status-publish","4":"has-post-thumbnail","6":"product_cat-filtros-de-resina-papel-y-malla","7":"product_cat-piscinas-filtros","9":"first","10":"instock","11":"shipping-taxable","12":"product-type-simple"},"_links":{"self":[{"href":"https:\/\/hidrotecni-k.com.ar\/site\/wp-json\/wp\/v2\/product\/3319","targetHints":{"allow":["GET"]}}],"collection":[{"href":"https:\/\/hidrotecni-k.com.ar\/site\/wp-json\/wp\/v2\/product"}],"about":[{"href":"https:\/\/hidrotecni-k.com.ar\/site\/wp-json\/wp\/v2\/types\/product"}],"replies":[{"embeddable":true,"href":"https:\/\/hidrotecni-k.com.ar\/site\/wp-json\/wp\/v2\/comments?post=3319"}],"wp:featuredmedia":[{"embeddable":true,"href":"https:\/\/hidrotecni-k.com.ar\/site\/wp-json\/wp\/v2\/media\/3320"}],"wp:attachment":[{"href":"https:\/\/hidrotecni-k.com.ar\/site\/wp-json\/wp\/v2\/media?parent=3319"}],"wp:term":[{"taxonomy":"product_brand","embeddable":true,"href":"https:\/\/hidrotecni-k.com.ar\/site\/wp-json\/wp\/v2\/product_brand?post=3319"},{"taxonomy":"product_cat","embeddable":true,"href":"https:\/\/hidrotecni-k.com.ar\/site\/wp-json\/wp\/v2\/product_cat?post=3319"},{"taxonomy":"product_tag","embeddable":true,"href":"https:\/\/hidrotecni-k.com.ar\/site\/wp-json\/wp\/v2\/product_tag?post=3319"}],"curies":[{"name":"wp","href":"https:\/\/api.w.org\/{rel}","templated":true}]}}