{"id":3251,"date":"2019-08-24T10:32:37","date_gmt":"2019-08-24T13:32:37","guid":{"rendered":"http:\/\/hidrotecni-k.com.ar\/site\/?post_type=product&#038;p=3251"},"modified":"2019-08-24T10:32:37","modified_gmt":"2019-08-24T13:32:37","slug":"hidrolavadora-gamma-170-elite-2000w","status":"publish","type":"product","link":"https:\/\/hidrotecni-k.com.ar\/site\/producto\/hidrolavadora-gamma-170-elite-2000w\/","title":{"rendered":"Hidrolavadora Gamma 170 Elite 2000W"},"content":{"rendered":"<p>La hidrolavadora de alta presi\u00f3n, cuenta con un sistema AutoStop, que produce la detenci\u00f3n autom\u00e1tica del motor cuando se deja de presionar el gatillo. Es ideal para limpiar veh\u00edculos, paredes, piletas, etc. Produce un mayor ahorro de agua, gracias a su limpieza r\u00e1pida y efectiva mediante agua limpia y detergentes qu\u00edmicos. Posee un caudal m\u00e1ximo de 6,67 L\/min y una presi\u00f3n admisible de 170 Bar. Cuenta con 24 meses de garant\u00eda y es f\u00e1cil de utilizar y transportar gracias a sus pr\u00e1cticas ruedas.<\/p>\n","protected":false},"excerpt":{"rendered":"<p>La hidrolavadora de alta presi\u00f3n, cuenta con un sistema AutoStop, que produce la detenci\u00f3n autom\u00e1tica del motor cuando se deja de presionar el gatillo. Es ideal para limpiar veh\u00edculos, paredes, piletas, etc. Produce un mayor ahorro de agua, gracias a su limpieza r\u00e1pida y efectiva mediante agua limpia y detergentes qu\u00edmicos. Posee un caudal m\u00e1ximo de 6,67 L\/min y una presi\u00f3n admisible de 170 Bar. Cuenta con 24 meses de garant\u00eda y es f\u00e1cil de utilizar y transportar gracias a sus pr\u00e1cticas ruedas.<\/p>\n","protected":false},"featured_media":3252,"comment_status":"open","ping_status":"closed","template":"","meta":[],"product_brand":[],"product_cat":[75,175],"product_tag":[],"class_list":{"0":"post-3251","1":"product","2":"type-product","3":"status-publish","4":"has-post-thumbnail","6":"product_cat-hidrolavadoras","7":"product_cat-hidrolavadoras-agua-fria","9":"first","10":"instock","11":"shipping-taxable","12":"product-type-simple"},"_links":{"self":[{"href":"https:\/\/hidrotecni-k.com.ar\/site\/wp-json\/wp\/v2\/product\/3251","targetHints":{"allow":["GET"]}}],"collection":[{"href":"https:\/\/hidrotecni-k.com.ar\/site\/wp-json\/wp\/v2\/product"}],"about":[{"href":"https:\/\/hidrotecni-k.com.ar\/site\/wp-json\/wp\/v2\/types\/product"}],"replies":[{"embeddable":true,"href":"https:\/\/hidrotecni-k.com.ar\/site\/wp-json\/wp\/v2\/comments?post=3251"}],"wp:featuredmedia":[{"embeddable":true,"href":"https:\/\/hidrotecni-k.com.ar\/site\/wp-json\/wp\/v2\/media\/3252"}],"wp:attachment":[{"href":"https:\/\/hidrotecni-k.com.ar\/site\/wp-json\/wp\/v2\/media?parent=3251"}],"wp:term":[{"taxonomy":"product_brand","embeddable":true,"href":"https:\/\/hidrotecni-k.com.ar\/site\/wp-json\/wp\/v2\/product_brand?post=3251"},{"taxonomy":"product_cat","embeddable":true,"href":"https:\/\/hidrotecni-k.com.ar\/site\/wp-json\/wp\/v2\/product_cat?post=3251"},{"taxonomy":"product_tag","embeddable":true,"href":"https:\/\/hidrotecni-k.com.ar\/site\/wp-json\/wp\/v2\/product_tag?post=3251"}],"curies":[{"name":"wp","href":"https:\/\/api.w.org\/{rel}","templated":true}]}}