{"id":3247,"date":"2019-08-24T10:16:42","date_gmt":"2019-08-24T13:16:42","guid":{"rendered":"http:\/\/hidrotecni-k.com.ar\/site\/?post_type=product&#038;p=3247"},"modified":"2019-08-24T10:17:46","modified_gmt":"2019-08-24T13:17:46","slug":"hidrolavadora-gamma-127-elite-1400w","status":"publish","type":"product","link":"https:\/\/hidrotecni-k.com.ar\/site\/producto\/hidrolavadora-gamma-127-elite-1400w\/","title":{"rendered":"Hidrolavadora Gamma 127 Elite 1400W"},"content":{"rendered":"<p>La hidrolavadora de alta presi\u00f3n, cuenta con un sistema AutoStop, que produce la detenci\u00f3n autom\u00e1tica del motor cuando se deja de presionar el gatillo. Es ideal para limpiar veh\u00edculos, paredes, muebles de jard\u00edn, etc. Limpia en forma m\u00e1s r\u00e1pida y efectiva con mayor ahorro de agua. Posee un caudal maximo de 5,5 L\/min, un motor de 1400 Watts y una presion admisible de 100 Bar. Cuenta con 24 meses de garant\u00eda.<\/p>\n","protected":false},"excerpt":{"rendered":"<p>La hidrolavadora de alta presi\u00f3n, cuenta con un sistema AutoStop, que produce la detenci\u00f3n autom\u00e1tica del motor cuando se deja de presionar el gatillo. Es ideal para limpiar veh\u00edculos, paredes, muebles de jard\u00edn, etc. Limpia en forma m\u00e1s r\u00e1pida y efectiva con mayor ahorro de agua. Posee un caudal maximo de 5,5 L\/min, un motor de 1400 Watts y una presion admisible de 100 Bar. Cuenta con 24 meses de garant\u00eda.<\/p>\n","protected":false},"featured_media":3248,"comment_status":"open","ping_status":"closed","template":"","meta":[],"product_brand":[],"product_cat":[75,175],"product_tag":[],"class_list":{"0":"post-3247","1":"product","2":"type-product","3":"status-publish","4":"has-post-thumbnail","6":"product_cat-hidrolavadoras","7":"product_cat-hidrolavadoras-agua-fria","9":"first","10":"instock","11":"shipping-taxable","12":"product-type-simple"},"_links":{"self":[{"href":"https:\/\/hidrotecni-k.com.ar\/site\/wp-json\/wp\/v2\/product\/3247","targetHints":{"allow":["GET"]}}],"collection":[{"href":"https:\/\/hidrotecni-k.com.ar\/site\/wp-json\/wp\/v2\/product"}],"about":[{"href":"https:\/\/hidrotecni-k.com.ar\/site\/wp-json\/wp\/v2\/types\/product"}],"replies":[{"embeddable":true,"href":"https:\/\/hidrotecni-k.com.ar\/site\/wp-json\/wp\/v2\/comments?post=3247"}],"wp:featuredmedia":[{"embeddable":true,"href":"https:\/\/hidrotecni-k.com.ar\/site\/wp-json\/wp\/v2\/media\/3248"}],"wp:attachment":[{"href":"https:\/\/hidrotecni-k.com.ar\/site\/wp-json\/wp\/v2\/media?parent=3247"}],"wp:term":[{"taxonomy":"product_brand","embeddable":true,"href":"https:\/\/hidrotecni-k.com.ar\/site\/wp-json\/wp\/v2\/product_brand?post=3247"},{"taxonomy":"product_cat","embeddable":true,"href":"https:\/\/hidrotecni-k.com.ar\/site\/wp-json\/wp\/v2\/product_cat?post=3247"},{"taxonomy":"product_tag","embeddable":true,"href":"https:\/\/hidrotecni-k.com.ar\/site\/wp-json\/wp\/v2\/product_tag?post=3247"}],"curies":[{"name":"wp","href":"https:\/\/api.w.org\/{rel}","templated":true}]}}