{"id":3243,"date":"2019-08-24T09:50:11","date_gmt":"2019-08-24T12:50:11","guid":{"rendered":"http:\/\/hidrotecni-k.com.ar\/site\/?post_type=product&#038;p=3243"},"modified":"2022-04-19T02:19:04","modified_gmt":"2022-04-19T05:19:04","slug":"hidrolavadora-gamma-100-blue-line-1200w","status":"publish","type":"product","link":"https:\/\/hidrotecni-k.com.ar\/site\/producto\/hidrolavadora-gamma-100-blue-line-1200w\/","title":{"rendered":"Hidrolavadora Gamma 100 Blue Line 1200W"},"content":{"rendered":"<p>La hidrolavadora de alta presi\u00f3n, cuenta con un sistema AutoStop, que produce la detenci\u00f3n autom\u00e1tica del motor cuando se deja de presionar el gatillo. Es ideal para limpiar veh\u00edculos, paredes, muebles de jard\u00edn, etc. Limpia en forma m\u00e1s r\u00e1pida y efectiva con mayor ahorro de agua. Posee un caudal maximo de 5,2 L\/min, un motor de 1200 Watts y una presion admisible de 90 Bar. Posee 24 meses de garant\u00eda<\/p>\n<p>&nbsp;<\/p>\n","protected":false},"excerpt":{"rendered":"<p>La hidrolavadora de alta presi\u00f3n, cuenta con un sistema AutoStop, que produce la detenci\u00f3n autom\u00e1tica del motor cuando se deja de presionar el gatillo. Es ideal para limpiar veh\u00edculos, paredes, muebles de jard\u00edn, etc. Limpia en forma m\u00e1s r\u00e1pida y efectiva con mayor ahorro de agua. Posee un caudal maximo de 5,2 L\/min, un motor de 1200 Watts y una presion admisible de 90 Bar. Posee 24 meses de garant\u00eda<\/p>\n","protected":false},"featured_media":3244,"comment_status":"open","ping_status":"closed","template":"","meta":[],"product_brand":[],"product_cat":[75,175],"product_tag":[],"class_list":{"0":"post-3243","1":"product","2":"type-product","3":"status-publish","4":"has-post-thumbnail","6":"product_cat-hidrolavadoras","7":"product_cat-hidrolavadoras-agua-fria","9":"first","10":"instock","11":"shipping-taxable","12":"product-type-simple"},"_links":{"self":[{"href":"https:\/\/hidrotecni-k.com.ar\/site\/wp-json\/wp\/v2\/product\/3243","targetHints":{"allow":["GET"]}}],"collection":[{"href":"https:\/\/hidrotecni-k.com.ar\/site\/wp-json\/wp\/v2\/product"}],"about":[{"href":"https:\/\/hidrotecni-k.com.ar\/site\/wp-json\/wp\/v2\/types\/product"}],"replies":[{"embeddable":true,"href":"https:\/\/hidrotecni-k.com.ar\/site\/wp-json\/wp\/v2\/comments?post=3243"}],"wp:featuredmedia":[{"embeddable":true,"href":"https:\/\/hidrotecni-k.com.ar\/site\/wp-json\/wp\/v2\/media\/3244"}],"wp:attachment":[{"href":"https:\/\/hidrotecni-k.com.ar\/site\/wp-json\/wp\/v2\/media?parent=3243"}],"wp:term":[{"taxonomy":"product_brand","embeddable":true,"href":"https:\/\/hidrotecni-k.com.ar\/site\/wp-json\/wp\/v2\/product_brand?post=3243"},{"taxonomy":"product_cat","embeddable":true,"href":"https:\/\/hidrotecni-k.com.ar\/site\/wp-json\/wp\/v2\/product_cat?post=3243"},{"taxonomy":"product_tag","embeddable":true,"href":"https:\/\/hidrotecni-k.com.ar\/site\/wp-json\/wp\/v2\/product_tag?post=3243"}],"curies":[{"name":"wp","href":"https:\/\/api.w.org\/{rel}","templated":true}]}}