{"id":3239,"date":"2019-08-24T09:25:05","date_gmt":"2019-08-24T12:25:05","guid":{"rendered":"http:\/\/hidrotecni-k.com.ar\/site\/?post_type=product&#038;p=3239"},"modified":"2019-08-24T10:18:56","modified_gmt":"2019-08-24T13:18:56","slug":"hidrolavadora-electrica-hl-120","status":"publish","type":"product","link":"https:\/\/hidrotecni-k.com.ar\/site\/producto\/hidrolavadora-electrica-hl-120\/","title":{"rendered":"Hidrolavadora el\u00e9ctrica HL-120 Lusqtoff"},"content":{"rendered":"<p>Hidrolavadora con sistema AUTOSTOP. Permite que el motor se detenga al dejar de accionar el gatillo de la pistola. Ideal para limpiar todos los espacios de la casa, como as\u00ed tambi\u00e9n veh\u00edculos, embarcaciones o suciedad adherida. Cuenta con una presi\u00f3n m\u00e1xima de 105 Bar, un caudal nominal de 5.5L\/min y una garant\u00eda de dos a\u00f1os. Incluye lanza, ruedas port\u00e1tiles, botella aplicadora y manguera de alta presi\u00f3n (5 metros).<\/p>\n<p>&nbsp;<\/p>\n<p>&nbsp;<\/p>\n","protected":false},"excerpt":{"rendered":"<p>Hidrolavadora con sistema AUTOSTOP. Permite que el motor se detenga al dejar de accionar el gatillo de la pistola. Ideal para limpiar todos los espacios de la casa, como as\u00ed tambi\u00e9n veh\u00edculos, embarcaciones o suciedad adherida. Cuenta con una presi\u00f3n m\u00e1xima de 105 Bar, un caudal nominal de 5.5L\/min y una garant\u00eda de dos a\u00f1os. Incluye lanza, ruedas port\u00e1tiles, botella aplicadora y manguera de alta presi\u00f3n (5 metros).<\/p>\n<p>&nbsp;<\/p>\n","protected":false},"featured_media":3240,"comment_status":"open","ping_status":"closed","template":"","meta":[],"product_brand":[],"product_cat":[75,175],"product_tag":[],"class_list":{"0":"post-3239","1":"product","2":"type-product","3":"status-publish","4":"has-post-thumbnail","6":"product_cat-hidrolavadoras","7":"product_cat-hidrolavadoras-agua-fria","9":"first","10":"instock","11":"shipping-taxable","12":"product-type-simple"},"_links":{"self":[{"href":"https:\/\/hidrotecni-k.com.ar\/site\/wp-json\/wp\/v2\/product\/3239","targetHints":{"allow":["GET"]}}],"collection":[{"href":"https:\/\/hidrotecni-k.com.ar\/site\/wp-json\/wp\/v2\/product"}],"about":[{"href":"https:\/\/hidrotecni-k.com.ar\/site\/wp-json\/wp\/v2\/types\/product"}],"replies":[{"embeddable":true,"href":"https:\/\/hidrotecni-k.com.ar\/site\/wp-json\/wp\/v2\/comments?post=3239"}],"wp:featuredmedia":[{"embeddable":true,"href":"https:\/\/hidrotecni-k.com.ar\/site\/wp-json\/wp\/v2\/media\/3240"}],"wp:attachment":[{"href":"https:\/\/hidrotecni-k.com.ar\/site\/wp-json\/wp\/v2\/media?parent=3239"}],"wp:term":[{"taxonomy":"product_brand","embeddable":true,"href":"https:\/\/hidrotecni-k.com.ar\/site\/wp-json\/wp\/v2\/product_brand?post=3239"},{"taxonomy":"product_cat","embeddable":true,"href":"https:\/\/hidrotecni-k.com.ar\/site\/wp-json\/wp\/v2\/product_cat?post=3239"},{"taxonomy":"product_tag","embeddable":true,"href":"https:\/\/hidrotecni-k.com.ar\/site\/wp-json\/wp\/v2\/product_tag?post=3239"}],"curies":[{"name":"wp","href":"https:\/\/api.w.org\/{rel}","templated":true}]}}