{"id":3224,"date":"2019-08-10T11:28:35","date_gmt":"2019-08-10T14:28:35","guid":{"rendered":"http:\/\/hidrotecni-k.com.ar\/site\/?post_type=product&#038;p=3224"},"modified":"2019-08-10T11:28:35","modified_gmt":"2019-08-10T14:28:35","slug":"cascada-arrecife-79","status":"publish","type":"product","link":"https:\/\/hidrotecni-k.com.ar\/site\/producto\/cascada-arrecife-79\/","title":{"rendered":"Cascada Arrecife 79"},"content":{"rendered":"<p>Cascada volum\u00e9trica Arrecife 79, para vereda con altura de 79 cm.Fabricada en AISI 304, genera una l\u00e1mina de agua vistosa y continua de 40 cm. de ancho hasta el espejo de agua. Su terminaci\u00f3n en pulido brillante destaca y ofrece un distintivo ornamental para su piscina.<\/p>\n","protected":false},"excerpt":{"rendered":"<p>Cascada volum\u00e9trica Arrecife 79, para vereda con altura de 79 cm.Fabricada en AISI 304, genera una l\u00e1mina de agua vistosa y continua de 40 cm. de ancho hasta el espejo de agua. Su terminaci\u00f3n en pulido brillante destaca y ofrece un distintivo ornamental para su piscina.<\/p>\n","protected":false},"featured_media":3225,"comment_status":"open","ping_status":"closed","template":"","meta":[],"product_brand":[],"product_cat":[62,84],"product_tag":[],"class_list":{"0":"post-3224","1":"product","2":"type-product","3":"status-publish","4":"has-post-thumbnail","6":"product_cat-bombas","7":"product_cat-fuentes-y-cascadas","9":"first","10":"instock","11":"shipping-taxable","12":"product-type-simple"},"_links":{"self":[{"href":"https:\/\/hidrotecni-k.com.ar\/site\/wp-json\/wp\/v2\/product\/3224","targetHints":{"allow":["GET"]}}],"collection":[{"href":"https:\/\/hidrotecni-k.com.ar\/site\/wp-json\/wp\/v2\/product"}],"about":[{"href":"https:\/\/hidrotecni-k.com.ar\/site\/wp-json\/wp\/v2\/types\/product"}],"replies":[{"embeddable":true,"href":"https:\/\/hidrotecni-k.com.ar\/site\/wp-json\/wp\/v2\/comments?post=3224"}],"wp:featuredmedia":[{"embeddable":true,"href":"https:\/\/hidrotecni-k.com.ar\/site\/wp-json\/wp\/v2\/media\/3225"}],"wp:attachment":[{"href":"https:\/\/hidrotecni-k.com.ar\/site\/wp-json\/wp\/v2\/media?parent=3224"}],"wp:term":[{"taxonomy":"product_brand","embeddable":true,"href":"https:\/\/hidrotecni-k.com.ar\/site\/wp-json\/wp\/v2\/product_brand?post=3224"},{"taxonomy":"product_cat","embeddable":true,"href":"https:\/\/hidrotecni-k.com.ar\/site\/wp-json\/wp\/v2\/product_cat?post=3224"},{"taxonomy":"product_tag","embeddable":true,"href":"https:\/\/hidrotecni-k.com.ar\/site\/wp-json\/wp\/v2\/product_tag?post=3224"}],"curies":[{"name":"wp","href":"https:\/\/api.w.org\/{rel}","templated":true}]}}