{"id":3207,"date":"2019-08-10T10:32:51","date_gmt":"2019-08-10T13:32:51","guid":{"rendered":"http:\/\/hidrotecni-k.com.ar\/site\/?post_type=product&#038;p=3207"},"modified":"2019-08-10T10:32:51","modified_gmt":"2019-08-10T13:32:51","slug":"cascada-abs-de-1-20-o-50","status":"publish","type":"product","link":"https:\/\/hidrotecni-k.com.ar\/site\/producto\/cascada-abs-de-1-20-o-50\/","title":{"rendered":"Cascada ABS de 1.20 (\u00f8 50)"},"content":{"rendered":"<p>Cascada pl\u00e1stica ornamental, fabricada en ABS, que genera una l\u00e1mina uniforme de agua de 120 cm. de ancho, y de hasta 40 cm. de distancia, desde los labios de salida hasta el nivel del espejo de agua.<\/p>\n","protected":false},"excerpt":{"rendered":"<p>Cascada pl\u00e1stica ornamental, fabricada en ABS, que genera una l\u00e1mina uniforme de agua de 120 cm. de ancho, y de hasta 40 cm. de distancia, desde los labios de salida hasta el nivel del espejo de agua.<\/p>\n","protected":false},"featured_media":3208,"comment_status":"open","ping_status":"closed","template":"","meta":[],"product_brand":[],"product_cat":[62,84],"product_tag":[],"class_list":{"0":"post-3207","1":"product","2":"type-product","3":"status-publish","4":"has-post-thumbnail","6":"product_cat-bombas","7":"product_cat-fuentes-y-cascadas","9":"first","10":"instock","11":"shipping-taxable","12":"product-type-simple"},"_links":{"self":[{"href":"https:\/\/hidrotecni-k.com.ar\/site\/wp-json\/wp\/v2\/product\/3207","targetHints":{"allow":["GET"]}}],"collection":[{"href":"https:\/\/hidrotecni-k.com.ar\/site\/wp-json\/wp\/v2\/product"}],"about":[{"href":"https:\/\/hidrotecni-k.com.ar\/site\/wp-json\/wp\/v2\/types\/product"}],"replies":[{"embeddable":true,"href":"https:\/\/hidrotecni-k.com.ar\/site\/wp-json\/wp\/v2\/comments?post=3207"}],"wp:featuredmedia":[{"embeddable":true,"href":"https:\/\/hidrotecni-k.com.ar\/site\/wp-json\/wp\/v2\/media\/3208"}],"wp:attachment":[{"href":"https:\/\/hidrotecni-k.com.ar\/site\/wp-json\/wp\/v2\/media?parent=3207"}],"wp:term":[{"taxonomy":"product_brand","embeddable":true,"href":"https:\/\/hidrotecni-k.com.ar\/site\/wp-json\/wp\/v2\/product_brand?post=3207"},{"taxonomy":"product_cat","embeddable":true,"href":"https:\/\/hidrotecni-k.com.ar\/site\/wp-json\/wp\/v2\/product_cat?post=3207"},{"taxonomy":"product_tag","embeddable":true,"href":"https:\/\/hidrotecni-k.com.ar\/site\/wp-json\/wp\/v2\/product_tag?post=3207"}],"curies":[{"name":"wp","href":"https:\/\/api.w.org\/{rel}","templated":true}]}}