{"id":3181,"date":"2019-07-24T10:56:17","date_gmt":"2019-07-24T13:56:17","guid":{"rendered":"http:\/\/hidrotecni-k.com.ar\/site\/?post_type=product&#038;p=3181"},"modified":"2019-07-24T10:56:17","modified_gmt":"2019-07-24T13:56:17","slug":"carro-porta-bomba-blanco","status":"publish","type":"product","link":"https:\/\/hidrotecni-k.com.ar\/site\/producto\/carro-porta-bomba-blanco\/","title":{"rendered":"Carro porta bomba &#8211; Blanco"},"content":{"rendered":"<p>Equipo con ruedas, de asa de ca\u00f1o de acero pintado de \u00d8 1 1\/4 y 1,2 mm de espesor, con base de hierro para sujeci\u00f3n de bomba. Los carros Vulcano est\u00e1n fabricados con materiales de primera calidad, son robustos y est\u00e1n pensados para exigentes condiciones de uso y durabilidad.<\/p>\n","protected":false},"excerpt":{"rendered":"<p>Equipo con ruedas, de asa de ca\u00f1o de acero pintado de \u00d8 1 1\/4 y 1,2 mm de espesor, con base de hierro para sujeci\u00f3n de bomba. Los carros Vulcano est\u00e1n fabricados con materiales de primera calidad, son robustos y est\u00e1n pensados para exigentes condiciones de uso y durabilidad.<\/p>\n","protected":false},"featured_media":3182,"comment_status":"open","ping_status":"closed","template":"","meta":[],"product_brand":[],"product_cat":[95,93],"product_tag":[],"class_list":{"0":"post-3181","1":"product","2":"type-product","3":"status-publish","4":"has-post-thumbnail","6":"product_cat-filtros-piscinas","7":"product_cat-piscinas-filtros","9":"first","10":"instock","11":"shipping-taxable","12":"product-type-simple"},"_links":{"self":[{"href":"https:\/\/hidrotecni-k.com.ar\/site\/wp-json\/wp\/v2\/product\/3181","targetHints":{"allow":["GET"]}}],"collection":[{"href":"https:\/\/hidrotecni-k.com.ar\/site\/wp-json\/wp\/v2\/product"}],"about":[{"href":"https:\/\/hidrotecni-k.com.ar\/site\/wp-json\/wp\/v2\/types\/product"}],"replies":[{"embeddable":true,"href":"https:\/\/hidrotecni-k.com.ar\/site\/wp-json\/wp\/v2\/comments?post=3181"}],"wp:featuredmedia":[{"embeddable":true,"href":"https:\/\/hidrotecni-k.com.ar\/site\/wp-json\/wp\/v2\/media\/3182"}],"wp:attachment":[{"href":"https:\/\/hidrotecni-k.com.ar\/site\/wp-json\/wp\/v2\/media?parent=3181"}],"wp:term":[{"taxonomy":"product_brand","embeddable":true,"href":"https:\/\/hidrotecni-k.com.ar\/site\/wp-json\/wp\/v2\/product_brand?post=3181"},{"taxonomy":"product_cat","embeddable":true,"href":"https:\/\/hidrotecni-k.com.ar\/site\/wp-json\/wp\/v2\/product_cat?post=3181"},{"taxonomy":"product_tag","embeddable":true,"href":"https:\/\/hidrotecni-k.com.ar\/site\/wp-json\/wp\/v2\/product_tag?post=3181"}],"curies":[{"name":"wp","href":"https:\/\/api.w.org\/{rel}","templated":true}]}}