{"id":3168,"date":"2019-07-24T10:09:23","date_gmt":"2019-07-24T13:09:23","guid":{"rendered":"http:\/\/hidrotecni-k.com.ar\/site\/?post_type=product&#038;p=3168"},"modified":"2019-07-24T10:09:23","modified_gmt":"2019-07-24T13:09:23","slug":"multivalvula-2-vias-p-pegar","status":"publish","type":"product","link":"https:\/\/hidrotecni-k.com.ar\/site\/producto\/multivalvula-2-vias-p-pegar\/","title":{"rendered":"Multiv\u00e1lvula 2 v\u00edas p\/ pegar"},"content":{"rendered":"<p>Multiv\u00e1lvula selectora de 2 v\u00edas, y cuerpo de \u00d8 50mm para pegar. Fabricadas en materiales de primera calidad con controles de proceso que aseguran un excelente funcionamiento, estos elementos fueron pensados para simplificar la operatoria del sistema ya que reemplazan varias maniobras por una sola.<\/p>\n","protected":false},"excerpt":{"rendered":"<p>Multiv\u00e1lvula selectora de 2 v\u00edas, y cuerpo de \u00d8 50mm para pegar. Fabricadas en materiales de primera calidad con controles de proceso que aseguran un excelente funcionamiento, estos elementos fueron pensados para simplificar la operatoria del sistema ya que reemplazan varias maniobras por una sola.<\/p>\n","protected":false},"featured_media":3169,"comment_status":"open","ping_status":"closed","template":"","meta":[],"product_brand":[],"product_cat":[180,93],"product_tag":[],"class_list":{"0":"post-3168","1":"product","2":"type-product","3":"status-publish","4":"has-post-thumbnail","6":"product_cat-accesorios-piscinas","7":"product_cat-piscinas-filtros","9":"first","10":"instock","11":"shipping-taxable","12":"product-type-simple"},"_links":{"self":[{"href":"https:\/\/hidrotecni-k.com.ar\/site\/wp-json\/wp\/v2\/product\/3168","targetHints":{"allow":["GET"]}}],"collection":[{"href":"https:\/\/hidrotecni-k.com.ar\/site\/wp-json\/wp\/v2\/product"}],"about":[{"href":"https:\/\/hidrotecni-k.com.ar\/site\/wp-json\/wp\/v2\/types\/product"}],"replies":[{"embeddable":true,"href":"https:\/\/hidrotecni-k.com.ar\/site\/wp-json\/wp\/v2\/comments?post=3168"}],"wp:featuredmedia":[{"embeddable":true,"href":"https:\/\/hidrotecni-k.com.ar\/site\/wp-json\/wp\/v2\/media\/3169"}],"wp:attachment":[{"href":"https:\/\/hidrotecni-k.com.ar\/site\/wp-json\/wp\/v2\/media?parent=3168"}],"wp:term":[{"taxonomy":"product_brand","embeddable":true,"href":"https:\/\/hidrotecni-k.com.ar\/site\/wp-json\/wp\/v2\/product_brand?post=3168"},{"taxonomy":"product_cat","embeddable":true,"href":"https:\/\/hidrotecni-k.com.ar\/site\/wp-json\/wp\/v2\/product_cat?post=3168"},{"taxonomy":"product_tag","embeddable":true,"href":"https:\/\/hidrotecni-k.com.ar\/site\/wp-json\/wp\/v2\/product_tag?post=3168"}],"curies":[{"name":"wp","href":"https:\/\/api.w.org\/{rel}","templated":true}]}}