{"id":3119,"date":"2019-07-23T09:06:15","date_gmt":"2019-07-23T12:06:15","guid":{"rendered":"http:\/\/hidrotecni-k.com.ar\/site\/?post_type=product&#038;p=3119"},"modified":"2019-07-23T09:06:15","modified_gmt":"2019-07-23T12:06:15","slug":"pasamanos-p-escalera-corto","status":"publish","type":"product","link":"https:\/\/hidrotecni-k.com.ar\/site\/producto\/pasamanos-p-escalera-corto\/","title":{"rendered":"Pasamanos p\/escalera corto"},"content":{"rendered":"<p>Pasamano corto, de acero inoxidable 304 de di\u00e1metro \u00d8 38,1mm, con terminaci\u00f3n pulido brillante. Ideal para colocar en escaleras de 2 escalones. S\u00f3lo para piscinas de hormig\u00f3n.<\/p>\n","protected":false},"excerpt":{"rendered":"<p>Pasamano corto, de acero inoxidable 304 de di\u00e1metro \u00d8 38,1mm, con terminaci\u00f3n pulido brillante. Ideal para colocar en escaleras de 2 escalones. S\u00f3lo para piscinas de hormig\u00f3n.<\/p>\n","protected":false},"featured_media":3120,"comment_status":"open","ping_status":"closed","template":"","meta":[],"product_brand":[],"product_cat":[106,93],"product_tag":[],"class_list":{"0":"post-3119","1":"product","2":"type-product","3":"status-publish","4":"has-post-thumbnail","6":"product_cat-escaleras-barandas","7":"product_cat-piscinas-filtros","9":"first","10":"instock","11":"shipping-taxable","12":"product-type-simple"},"_links":{"self":[{"href":"https:\/\/hidrotecni-k.com.ar\/site\/wp-json\/wp\/v2\/product\/3119","targetHints":{"allow":["GET"]}}],"collection":[{"href":"https:\/\/hidrotecni-k.com.ar\/site\/wp-json\/wp\/v2\/product"}],"about":[{"href":"https:\/\/hidrotecni-k.com.ar\/site\/wp-json\/wp\/v2\/types\/product"}],"replies":[{"embeddable":true,"href":"https:\/\/hidrotecni-k.com.ar\/site\/wp-json\/wp\/v2\/comments?post=3119"}],"wp:featuredmedia":[{"embeddable":true,"href":"https:\/\/hidrotecni-k.com.ar\/site\/wp-json\/wp\/v2\/media\/3120"}],"wp:attachment":[{"href":"https:\/\/hidrotecni-k.com.ar\/site\/wp-json\/wp\/v2\/media?parent=3119"}],"wp:term":[{"taxonomy":"product_brand","embeddable":true,"href":"https:\/\/hidrotecni-k.com.ar\/site\/wp-json\/wp\/v2\/product_brand?post=3119"},{"taxonomy":"product_cat","embeddable":true,"href":"https:\/\/hidrotecni-k.com.ar\/site\/wp-json\/wp\/v2\/product_cat?post=3119"},{"taxonomy":"product_tag","embeddable":true,"href":"https:\/\/hidrotecni-k.com.ar\/site\/wp-json\/wp\/v2\/product_tag?post=3119"}],"curies":[{"name":"wp","href":"https:\/\/api.w.org\/{rel}","templated":true}]}}