{"id":3107,"date":"2019-07-20T11:46:58","date_gmt":"2019-07-20T14:46:58","guid":{"rendered":"http:\/\/hidrotecni-k.com.ar\/site\/?post_type=product&#038;p=3107"},"modified":"2019-07-20T11:46:58","modified_gmt":"2019-07-20T14:46:58","slug":"filtro-vc-200-r","status":"publish","type":"product","link":"https:\/\/hidrotecni-k.com.ar\/site\/producto\/filtro-vc-200-r\/","title":{"rendered":"Filtro VC-200 R"},"content":{"rendered":"<div class=\"product-essential row\">\n<form id=\"product_addtocart_form\" class=\"col-lg-8 col-md-7 col-sm-6 col-xs-12\" action=\"https:\/\/www.vulcano-sa.com\/ar\/checkout\/cart\/add\/uenc\/aHR0cHM6Ly93d3cudnVsY2Fuby1zYS5jb20vYXIvcGlzY2luYXMvZmlsdHJhY2lvbi9jb21lcmNpYWxlcy8xMzk5MDMv\/product\/231\/form_key\/QX5mJSh2LiTIepZk\/\" method=\"post\">\n<div class=\"product-shop\">\n<div class=\"short-description\">\n<div class=\"std\">Filtro rotomoldeado VC-200 R Vulcano de \u00d8 780mm, para piletas de hasta 180m\u00b3, con multiv\u00e1lvula 2\u201d de 6 v\u00edas y montaje lateral; con las funciones de Filtrar, Retrolavar, Desagotar, Enjuagar, Recircular y Cerrar. Fabricados en una sola pieza y con materiales de alta resistencia a la corrosi\u00f3n, \u00e9stos equipos de filtrado garantizan una larga vida \u00fatil de \u00f3ptimo funcionamiento.<\/div>\n<\/div>\n<div class=\"add-to-box actions\"><\/div>\n<\/div>\n<\/form>\n<\/div>\n","protected":false},"excerpt":{"rendered":"<div class=\"product-essential row\">\n<form id=\"product_addtocart_form\" class=\"col-lg-8 col-md-7 col-sm-6 col-xs-12\" action=\"https:\/\/www.vulcano-sa.com\/ar\/checkout\/cart\/add\/uenc\/aHR0cHM6Ly93d3cudnVsY2Fuby1zYS5jb20vYXIvcGlzY2luYXMvZmlsdHJhY2lvbi9jb21lcmNpYWxlcy8xMzk5MDMv\/product\/231\/form_key\/QX5mJSh2LiTIepZk\/\" method=\"post\">\n<div class=\"product-shop\">\n<div class=\"short-description\">\n<div class=\"std\">Filtro rotomoldeado VC-200 R Vulcano de \u00d8 780mm, para piletas de hasta 180m\u00b3, con multiv\u00e1lvula 2\u201d de 6 v\u00edas y montaje lateral; con las funciones de Filtrar, Retrolavar, Desagotar, Enjuagar, Recircular y Cerrar. Fabricados en una sola pieza y con materiales de alta resistencia a la corrosi\u00f3n, \u00e9stos equipos de filtrado garantizan una larga vida \u00fatil de \u00f3ptimo funcionamiento.<\/div>\n<\/div>\n<div class=\"add-to-box actions\"><\/div>\n<\/div>\n<\/form>\n<\/div>\n","protected":false},"featured_media":3108,"comment_status":"open","ping_status":"closed","template":"","meta":[],"product_brand":[],"product_cat":[95,93],"product_tag":[],"class_list":{"0":"post-3107","1":"product","2":"type-product","3":"status-publish","4":"has-post-thumbnail","6":"product_cat-filtros-piscinas","7":"product_cat-piscinas-filtros","9":"first","10":"instock","11":"shipping-taxable","12":"product-type-simple"},"_links":{"self":[{"href":"https:\/\/hidrotecni-k.com.ar\/site\/wp-json\/wp\/v2\/product\/3107","targetHints":{"allow":["GET"]}}],"collection":[{"href":"https:\/\/hidrotecni-k.com.ar\/site\/wp-json\/wp\/v2\/product"}],"about":[{"href":"https:\/\/hidrotecni-k.com.ar\/site\/wp-json\/wp\/v2\/types\/product"}],"replies":[{"embeddable":true,"href":"https:\/\/hidrotecni-k.com.ar\/site\/wp-json\/wp\/v2\/comments?post=3107"}],"wp:featuredmedia":[{"embeddable":true,"href":"https:\/\/hidrotecni-k.com.ar\/site\/wp-json\/wp\/v2\/media\/3108"}],"wp:attachment":[{"href":"https:\/\/hidrotecni-k.com.ar\/site\/wp-json\/wp\/v2\/media?parent=3107"}],"wp:term":[{"taxonomy":"product_brand","embeddable":true,"href":"https:\/\/hidrotecni-k.com.ar\/site\/wp-json\/wp\/v2\/product_brand?post=3107"},{"taxonomy":"product_cat","embeddable":true,"href":"https:\/\/hidrotecni-k.com.ar\/site\/wp-json\/wp\/v2\/product_cat?post=3107"},{"taxonomy":"product_tag","embeddable":true,"href":"https:\/\/hidrotecni-k.com.ar\/site\/wp-json\/wp\/v2\/product_tag?post=3107"}],"curies":[{"name":"wp","href":"https:\/\/api.w.org\/{rel}","templated":true}]}}