{"id":3048,"date":"2019-07-15T10:33:14","date_gmt":"2019-07-15T13:33:14","guid":{"rendered":"http:\/\/hidrotecni-k.com.ar\/site\/?post_type=product&#038;p=3048"},"modified":"2022-10-13T23:51:46","modified_gmt":"2022-10-14T02:51:46","slug":"limpiafondo-medialuna-liviano","status":"publish","type":"product","link":"https:\/\/hidrotecni-k.com.ar\/site\/producto\/limpiafondo-medialuna-liviano\/","title":{"rendered":"Limpiafondo Medialuna liviano"},"content":{"rendered":"<p>Contamos con una amplia gama de limpiafondos para mejorar la limpieza de su pileta. Este modelo, Medialuna Liviano, cuenta con cepillos de polipropileno fijos. Su dise\u00f1o y peso lo transforman en la mejor opci\u00f3n para limpiar escaleras y formas irregulares. Econ\u00f3mico, ideal para piletas chicas.\u00a0Para su uso, se conecta la manguera flotante al acople de aspiraci\u00f3n y un mango fijo o telesc\u00f3pico.<\/p>\n","protected":false},"excerpt":{"rendered":"<p>Contamos con una amplia gama de limpiafondos para mejorar la limpieza de su pileta. Este modelo, Medialuna Liviano, cuenta con cepillos de polipropileno fijos. Su dise\u00f1o y peso lo transforman en la mejor opci\u00f3n para limpiar escaleras y formas irregulares. Econ\u00f3mico, ideal para piletas chicas.<\/p>\n","protected":false},"featured_media":3049,"comment_status":"open","ping_status":"closed","template":"","meta":[],"product_brand":[],"product_cat":[93,176],"product_tag":[],"class_list":{"0":"post-3048","1":"product","2":"type-product","3":"status-publish","4":"has-post-thumbnail","6":"product_cat-piscinas-filtros","7":"product_cat-productos-mantenimiento-piscinas","9":"first","10":"instock","11":"shipping-taxable","12":"product-type-simple"},"_links":{"self":[{"href":"https:\/\/hidrotecni-k.com.ar\/site\/wp-json\/wp\/v2\/product\/3048","targetHints":{"allow":["GET"]}}],"collection":[{"href":"https:\/\/hidrotecni-k.com.ar\/site\/wp-json\/wp\/v2\/product"}],"about":[{"href":"https:\/\/hidrotecni-k.com.ar\/site\/wp-json\/wp\/v2\/types\/product"}],"replies":[{"embeddable":true,"href":"https:\/\/hidrotecni-k.com.ar\/site\/wp-json\/wp\/v2\/comments?post=3048"}],"wp:featuredmedia":[{"embeddable":true,"href":"https:\/\/hidrotecni-k.com.ar\/site\/wp-json\/wp\/v2\/media\/3049"}],"wp:attachment":[{"href":"https:\/\/hidrotecni-k.com.ar\/site\/wp-json\/wp\/v2\/media?parent=3048"}],"wp:term":[{"taxonomy":"product_brand","embeddable":true,"href":"https:\/\/hidrotecni-k.com.ar\/site\/wp-json\/wp\/v2\/product_brand?post=3048"},{"taxonomy":"product_cat","embeddable":true,"href":"https:\/\/hidrotecni-k.com.ar\/site\/wp-json\/wp\/v2\/product_cat?post=3048"},{"taxonomy":"product_tag","embeddable":true,"href":"https:\/\/hidrotecni-k.com.ar\/site\/wp-json\/wp\/v2\/product_tag?post=3048"}],"curies":[{"name":"wp","href":"https:\/\/api.w.org\/{rel}","templated":true}]}}