{"id":3015,"date":"2019-07-13T09:38:41","date_gmt":"2019-07-13T12:38:41","guid":{"rendered":"http:\/\/hidrotecni-k.com.ar\/site\/?post_type=product&#038;p=3015"},"modified":"2019-07-13T09:38:41","modified_gmt":"2019-07-13T12:38:41","slug":"powerled-45w-luz-blanca-26m","status":"publish","type":"product","link":"https:\/\/hidrotecni-k.com.ar\/site\/producto\/powerled-45w-luz-blanca-26m\/","title":{"rendered":"PowerLED 4,5W luz blanca 2,6m"},"content":{"rendered":"<p>Luminaria subacu\u00e1tica POWERLED 4,5W luz blanca 12 VCA. Con un \u00e1ngulo de apertura de 150\u00b0 y un \u00e1rea de iluminaci\u00f3n de 12 m2, brinda una excelente potencia de iluminaci\u00f3n para su piscina, con niveles muy bajos de consumo de energ\u00eda. Estas luces led para pileta son compactas y muy f\u00e1ciles de instalar gracias a su sistema de encastre a presi\u00f3n en pasamuro. Fabricadas en policarbonato de alta calidad ofrecen un grado de protecci\u00f3n IP68.<\/p>\n","protected":false},"excerpt":{"rendered":"<p>Luminaria subacu\u00e1tica POWERLED 4,5W luz blanca 12 VCA. Brinda una excelente potencia de iluminaci\u00f3n para su piscina, con niveles muy bajos de consumo de energ\u00eda. Estas luces led para pileta son compactas y muy f\u00e1ciles de instalar gracias a su sistema de encastre a presi\u00f3n en pasamuro.<\/p>\n","protected":false},"featured_media":3016,"comment_status":"open","ping_status":"closed","template":"","meta":[],"product_brand":[],"product_cat":[103,93],"product_tag":[],"class_list":{"0":"post-3015","1":"product","2":"type-product","3":"status-publish","4":"has-post-thumbnail","6":"product_cat-iluminacion","7":"product_cat-piscinas-filtros","9":"first","10":"instock","11":"shipping-taxable","12":"product-type-simple"},"_links":{"self":[{"href":"https:\/\/hidrotecni-k.com.ar\/site\/wp-json\/wp\/v2\/product\/3015","targetHints":{"allow":["GET"]}}],"collection":[{"href":"https:\/\/hidrotecni-k.com.ar\/site\/wp-json\/wp\/v2\/product"}],"about":[{"href":"https:\/\/hidrotecni-k.com.ar\/site\/wp-json\/wp\/v2\/types\/product"}],"replies":[{"embeddable":true,"href":"https:\/\/hidrotecni-k.com.ar\/site\/wp-json\/wp\/v2\/comments?post=3015"}],"wp:featuredmedia":[{"embeddable":true,"href":"https:\/\/hidrotecni-k.com.ar\/site\/wp-json\/wp\/v2\/media\/3016"}],"wp:attachment":[{"href":"https:\/\/hidrotecni-k.com.ar\/site\/wp-json\/wp\/v2\/media?parent=3015"}],"wp:term":[{"taxonomy":"product_brand","embeddable":true,"href":"https:\/\/hidrotecni-k.com.ar\/site\/wp-json\/wp\/v2\/product_brand?post=3015"},{"taxonomy":"product_cat","embeddable":true,"href":"https:\/\/hidrotecni-k.com.ar\/site\/wp-json\/wp\/v2\/product_cat?post=3015"},{"taxonomy":"product_tag","embeddable":true,"href":"https:\/\/hidrotecni-k.com.ar\/site\/wp-json\/wp\/v2\/product_tag?post=3015"}],"curies":[{"name":"wp","href":"https:\/\/api.w.org\/{rel}","templated":true}]}}