{"id":2964,"date":"2019-06-25T15:19:10","date_gmt":"2019-06-25T18:19:10","guid":{"rendered":"http:\/\/hidrotecni-k.com.ar\/site\/?post_type=product&#038;p=2964"},"modified":"2019-10-05T11:44:15","modified_gmt":"2019-10-05T14:44:15","slug":"bomba-sumergible-q2501","status":"publish","type":"product","link":"https:\/\/hidrotecni-k.com.ar\/site\/producto\/bomba-sumergible-q2501\/","title":{"rendered":"Bomba sumergible Q2501"},"content":{"rendered":"<p>Bomba sumergible de achique Q2501 Vulcano de 250W de potencia y tensi\u00f3n monof\u00e1sica de 230V-50HZ, que permite succionar agua limpia con part\u00edculas de hasta 5mm. \u00c9sta electrobomba impermeabilizada, permite sumergirse hasta 7 mts de profundidad. Su excelencia, radica en su perfecto funcionamiento siendo pr\u00e1cticamente libre de mantenimiento.<\/p>\n","protected":false},"excerpt":{"rendered":"<p>Bomba sumergible de achique Q2501 Vulcano de 250W de potencia y tensi\u00f3n monof\u00e1sica de 230V-50HZ, que permite succionar agua limpia con part\u00edculas de hasta 5mm. \u00c9sta electrobomba impermeabilizada, permite sumergirse hasta 7 mts de profundidad. Su excelencia, radica en su perfecto funcionamiento siendo pr\u00e1cticamente libre de mantenimiento.<\/p>\n","protected":false},"featured_media":2965,"comment_status":"open","ping_status":"closed","template":"","meta":[],"product_brand":[],"product_cat":[62,89],"product_tag":[],"class_list":{"0":"post-2964","1":"product","2":"type-product","3":"status-publish","4":"has-post-thumbnail","6":"product_cat-bombas","7":"product_cat-sumergibles-cloacales-pluviales-trituradoras","9":"first","10":"instock","11":"shipping-taxable","12":"product-type-simple"},"_links":{"self":[{"href":"https:\/\/hidrotecni-k.com.ar\/site\/wp-json\/wp\/v2\/product\/2964","targetHints":{"allow":["GET"]}}],"collection":[{"href":"https:\/\/hidrotecni-k.com.ar\/site\/wp-json\/wp\/v2\/product"}],"about":[{"href":"https:\/\/hidrotecni-k.com.ar\/site\/wp-json\/wp\/v2\/types\/product"}],"replies":[{"embeddable":true,"href":"https:\/\/hidrotecni-k.com.ar\/site\/wp-json\/wp\/v2\/comments?post=2964"}],"wp:featuredmedia":[{"embeddable":true,"href":"https:\/\/hidrotecni-k.com.ar\/site\/wp-json\/wp\/v2\/media\/2965"}],"wp:attachment":[{"href":"https:\/\/hidrotecni-k.com.ar\/site\/wp-json\/wp\/v2\/media?parent=2964"}],"wp:term":[{"taxonomy":"product_brand","embeddable":true,"href":"https:\/\/hidrotecni-k.com.ar\/site\/wp-json\/wp\/v2\/product_brand?post=2964"},{"taxonomy":"product_cat","embeddable":true,"href":"https:\/\/hidrotecni-k.com.ar\/site\/wp-json\/wp\/v2\/product_cat?post=2964"},{"taxonomy":"product_tag","embeddable":true,"href":"https:\/\/hidrotecni-k.com.ar\/site\/wp-json\/wp\/v2\/product_tag?post=2964"}],"curies":[{"name":"wp","href":"https:\/\/api.w.org\/{rel}","templated":true}]}}