{"id":2946,"date":"2019-06-25T10:32:30","date_gmt":"2019-06-25T13:32:30","guid":{"rendered":"http:\/\/hidrotecni-k.com.ar\/site\/?post_type=product&#038;p=2946"},"modified":"2019-06-25T10:32:31","modified_gmt":"2019-06-25T13:32:31","slug":"equipo-presurizador-epm-075","status":"publish","type":"product","link":"https:\/\/hidrotecni-k.com.ar\/site\/producto\/equipo-presurizador-epm-075\/","title":{"rendered":"Equipo presurizador EPM 075"},"content":{"rendered":"<p>Bomba presurizadora EPM-075 Vulcano de 0.75 HP y tensi\u00f3n monof\u00e1sica de 220V-50HZ, con una presi\u00f3n de arranque de 1.5 kg\/cm\u00b2. \u00c9ste equipo, optimiza, regula y controla la presi\u00f3n de las tuber\u00edas en instalaciones, provisto con &#8220;presscontrol&#8221; para automatizar su funcionamiento. Su f\u00e1cil instalaci\u00f3n, larga vida \u00fatil y bajo mantenimiento, hacen de este producto un referente dentro del mercado.<\/p>\n","protected":false},"excerpt":{"rendered":"<p>Bomba presurizadora EPM-075 Vulcano de 0.75 HP y tensi\u00f3n monof\u00e1sica de 220V-50HZ, con una presi\u00f3n de arranque de 1.5 kg\/cm\u00b2. \u00c9ste equipo, optimiza, regula y controla la presi\u00f3n de las tuber\u00edas en instalaciones, provisto con &#8220;presscontrol&#8221; para automatizar su funcionamiento. Su f\u00e1cil instalaci\u00f3n, larga vida \u00fatil y bajo mantenimiento, hacen de este producto un referente dentro del mercado.<\/p>\n","protected":false},"featured_media":2947,"comment_status":"open","ping_status":"closed","template":"","meta":[],"product_brand":[],"product_cat":[62,72],"product_tag":[],"class_list":{"0":"post-2946","1":"product","2":"type-product","3":"status-publish","4":"has-post-thumbnail","6":"product_cat-bombas","7":"product_cat-equipos-de-presurizacion","9":"first","10":"instock","11":"shipping-taxable","12":"product-type-simple"},"_links":{"self":[{"href":"https:\/\/hidrotecni-k.com.ar\/site\/wp-json\/wp\/v2\/product\/2946","targetHints":{"allow":["GET"]}}],"collection":[{"href":"https:\/\/hidrotecni-k.com.ar\/site\/wp-json\/wp\/v2\/product"}],"about":[{"href":"https:\/\/hidrotecni-k.com.ar\/site\/wp-json\/wp\/v2\/types\/product"}],"replies":[{"embeddable":true,"href":"https:\/\/hidrotecni-k.com.ar\/site\/wp-json\/wp\/v2\/comments?post=2946"}],"wp:featuredmedia":[{"embeddable":true,"href":"https:\/\/hidrotecni-k.com.ar\/site\/wp-json\/wp\/v2\/media\/2947"}],"wp:attachment":[{"href":"https:\/\/hidrotecni-k.com.ar\/site\/wp-json\/wp\/v2\/media?parent=2946"}],"wp:term":[{"taxonomy":"product_brand","embeddable":true,"href":"https:\/\/hidrotecni-k.com.ar\/site\/wp-json\/wp\/v2\/product_brand?post=2946"},{"taxonomy":"product_cat","embeddable":true,"href":"https:\/\/hidrotecni-k.com.ar\/site\/wp-json\/wp\/v2\/product_cat?post=2946"},{"taxonomy":"product_tag","embeddable":true,"href":"https:\/\/hidrotecni-k.com.ar\/site\/wp-json\/wp\/v2\/product_tag?post=2946"}],"curies":[{"name":"wp","href":"https:\/\/api.w.org\/{rel}","templated":true}]}}