{"id":18968,"date":"2025-02-18T11:02:06","date_gmt":"2025-02-18T14:02:06","guid":{"rendered":"https:\/\/hidrotecni-k.com.ar\/site\/?post_type=product&#038;p=18968"},"modified":"2025-02-18T11:15:34","modified_gmt":"2025-02-18T14:15:34","slug":"aspersor-de-impacto-circular-metalico-de-3-4-alcance-13-a-18-mts","status":"publish","type":"product","link":"https:\/\/hidrotecni-k.com.ar\/site\/producto\/aspersor-de-impacto-circular-metalico-de-3-4-alcance-13-a-18-mts\/","title":{"rendered":"Aspersor de impacto circular met\u00e1lico de 1. Alcance 13.5 a 27 mts."},"content":{"rendered":"<p>Es un aspersor agr\u00edcola circular, fabricado en lat\u00f3n y que cuenta con dos referencias de conexi\u00f3n 1&#8243; macho y hembra. Su eje y muelles est\u00e1n fabricados en acero inoxidable y sus juntas t\u00f3ricas y arandelas en acero inoxidable, tefl\u00f3n y pl\u00e1sticos especiales para resistir al contacto con los fertilizantes mas agresivos del mercado.<br \/>\nLos \u00e1ngulos de la boquillas son de 26\u00ba para la ca\u00f1onera principal (radio largo) y de 26\u00ba para la ca\u00f1onera secundaria (radio corto).<br \/>\nEs utilizado en riegos de cobertura con caudales medio-alto y para cubrir los marcos de cobertura de los laterales y esquinas. El uso m\u00e1s com\u00fan dado a este aspersor es en plantaciones hort\u00edcolas, cereales, tuberculosas, leguminosas, y frutales.<br \/>\nSu gran dise\u00f1o mec\u00e1nico e hidr\u00e1ulico proporciona un ahorro energ\u00e9tico muy importante y un \u00f3ptimo coeficiente de cobertura en su reparto.<\/p>\n<p><strong>Caracter\u00edsticas<\/strong><\/p>\n<li>Alcance: 13,5-27 m<\/li>\n<li>Caudal: 2000- 9400 l\/h.<\/li>\n<li>Presi\u00f3n de trabajo: 2,75 &#8211; 6 BAR.<\/li>\n<li>Altura m\u00e1xima de chorro: 5 m.<\/li>\n<li>Tiempo de rotaci\u00f3n: Dependiendo de la presi\u00f3n y boquillas es  uniforme y continuo.<\/li>\n","protected":false},"excerpt":{"rendered":"<p>Es un aspersor agr\u00edcola circular, fabricado en lat\u00f3n y que cuenta con dos referencias de conexi\u00f3n 1&#8243; macho y hembra. Su eje y muelles est\u00e1n fabricados en acero inoxidable y sus juntas t\u00f3ricas y arandelas en acero inoxidable, tefl\u00f3n y pl\u00e1sticos especiales para resistir al contacto con los fertilizantes mas agresivos del mercado.<br \/>\nEs utilizado en riegos de cobertura con caudales medio-altos. El uso m\u00e1s com\u00fan dado a este aspersor es en plantaciones hort\u00edcolas, cereales, tuberculosas, leguminosas, y frutales.<\/p>\n","protected":false},"featured_media":18969,"comment_status":"open","ping_status":"closed","template":"","meta":[],"product_brand":[],"product_cat":[69,67,65],"product_tag":[],"class_list":{"0":"post-18968","1":"product","2":"type-product","3":"status-publish","4":"has-post-thumbnail","6":"product_cat-agricola","7":"product_cat-aspersion","8":"product_cat-riego","10":"first","11":"instock","12":"shipping-taxable","13":"product-type-simple"},"_links":{"self":[{"href":"https:\/\/hidrotecni-k.com.ar\/site\/wp-json\/wp\/v2\/product\/18968","targetHints":{"allow":["GET"]}}],"collection":[{"href":"https:\/\/hidrotecni-k.com.ar\/site\/wp-json\/wp\/v2\/product"}],"about":[{"href":"https:\/\/hidrotecni-k.com.ar\/site\/wp-json\/wp\/v2\/types\/product"}],"replies":[{"embeddable":true,"href":"https:\/\/hidrotecni-k.com.ar\/site\/wp-json\/wp\/v2\/comments?post=18968"}],"wp:featuredmedia":[{"embeddable":true,"href":"https:\/\/hidrotecni-k.com.ar\/site\/wp-json\/wp\/v2\/media\/18969"}],"wp:attachment":[{"href":"https:\/\/hidrotecni-k.com.ar\/site\/wp-json\/wp\/v2\/media?parent=18968"}],"wp:term":[{"taxonomy":"product_brand","embeddable":true,"href":"https:\/\/hidrotecni-k.com.ar\/site\/wp-json\/wp\/v2\/product_brand?post=18968"},{"taxonomy":"product_cat","embeddable":true,"href":"https:\/\/hidrotecni-k.com.ar\/site\/wp-json\/wp\/v2\/product_cat?post=18968"},{"taxonomy":"product_tag","embeddable":true,"href":"https:\/\/hidrotecni-k.com.ar\/site\/wp-json\/wp\/v2\/product_tag?post=18968"}],"curies":[{"name":"wp","href":"https:\/\/api.w.org\/{rel}","templated":true}]}}