{"id":18965,"date":"2025-02-18T10:07:42","date_gmt":"2025-02-18T13:07:42","guid":{"rendered":"https:\/\/hidrotecni-k.com.ar\/site\/?post_type=product&#038;p=18965"},"modified":"2025-02-18T10:07:44","modified_gmt":"2025-02-18T13:07:44","slug":"aspersor-de-impacto-sectorizado-metalico-de-3-4-alcance-de-12-a-19-mts","status":"publish","type":"product","link":"https:\/\/hidrotecni-k.com.ar\/site\/producto\/aspersor-de-impacto-sectorizado-metalico-de-3-4-alcance-de-12-a-19-mts\/","title":{"rendered":"Aspersor de impacto sectorizado met\u00e1lico de 3\/4. Alcance de 12 a 19 mts."},"content":{"rendered":"<p>Es un aspersor agr\u00edcola sectorial, fabricado en lat\u00f3n y que cuenta con dos referencias de conexi\u00f3n 3\/4&#8243; macho y hembra. Su eje y muelles est\u00e1n fabricados en acero inoxidable, y sus juntas t\u00f3ricas y arandelas en acero inoxidable, tefl\u00f3n y pl\u00e1sticos especiales para resistir al contacto con los fertilizantes m\u00e1s agresivos del mercado.<br \/>\nEs utilizado en riegos de cobertura con caudales medios &#8211; altos y para cubrir los marcos de cobertura de los laterales y esquinas. El uso m\u00e1s com\u00fan dado a este aspersor agr\u00edcola es el riego de cereales, alfalfa, remolacha, hortalizas de hoja robusta, legumbres y tub\u00e9rculos.<br \/>\nPosee un gran dise\u00f1o mec\u00e1nico e hidr\u00e1ulico que nos proporciona un ahorro energ\u00e9tico muy importante y un \u00f3ptimo coeficiente de cobertura en su reparto.<\/p>\n<p><strong>Caracter\u00edsticas<\/strong><\/p>\n<li>Alcance: 12-19 m.<\/li>\n<li>Caudal: 800 &#8211; 3,270 l\/h.<\/li>\n<li>Presi\u00f3n de trabajo: 1,75 &#8211; 5 BAR.<\/li>\n<li>Boquillas: Una principal de largo alcance y otra secundaria deflectora de corto alcance.<\/li>\n<li>\u00c1ngulos de trayectoria: 24\u00ba y 12\u00ba.<\/li>\n<li>Altura m\u00e1xima de chorro: 3,8 m.<\/li>\n<li>Tiempo de rotaci\u00f3n: Dependiendo de la presi\u00f3n y boquillas es uniforme y continuo.<\/li>\n","protected":false},"excerpt":{"rendered":"<p>Es un aspersor agr\u00edcola sectorial, fabricado en lat\u00f3n y que cuenta con dos referencias de conexi\u00f3n 3\/4&#8243; macho y hembra. Su eje y muelles est\u00e1n fabricados en acero inoxidable, y sus juntas t\u00f3ricas y arandelas en acero inoxidable, tefl\u00f3n y pl\u00e1sticos especiales para resistir al contacto con los fertilizantes m\u00e1s agresivos del mercado.<br \/>\nEs utilizado en riegos de cobertura con caudales medios &#8211; altos y para cubrir los marcos de cobertura de los laterales y esquinas.<\/p>\n","protected":false},"featured_media":18966,"comment_status":"open","ping_status":"closed","template":"","meta":[],"product_brand":[],"product_cat":[69,67,65],"product_tag":[],"class_list":{"0":"post-18965","1":"product","2":"type-product","3":"status-publish","4":"has-post-thumbnail","6":"product_cat-agricola","7":"product_cat-aspersion","8":"product_cat-riego","10":"first","11":"instock","12":"shipping-taxable","13":"product-type-simple"},"_links":{"self":[{"href":"https:\/\/hidrotecni-k.com.ar\/site\/wp-json\/wp\/v2\/product\/18965","targetHints":{"allow":["GET"]}}],"collection":[{"href":"https:\/\/hidrotecni-k.com.ar\/site\/wp-json\/wp\/v2\/product"}],"about":[{"href":"https:\/\/hidrotecni-k.com.ar\/site\/wp-json\/wp\/v2\/types\/product"}],"replies":[{"embeddable":true,"href":"https:\/\/hidrotecni-k.com.ar\/site\/wp-json\/wp\/v2\/comments?post=18965"}],"wp:featuredmedia":[{"embeddable":true,"href":"https:\/\/hidrotecni-k.com.ar\/site\/wp-json\/wp\/v2\/media\/18966"}],"wp:attachment":[{"href":"https:\/\/hidrotecni-k.com.ar\/site\/wp-json\/wp\/v2\/media?parent=18965"}],"wp:term":[{"taxonomy":"product_brand","embeddable":true,"href":"https:\/\/hidrotecni-k.com.ar\/site\/wp-json\/wp\/v2\/product_brand?post=18965"},{"taxonomy":"product_cat","embeddable":true,"href":"https:\/\/hidrotecni-k.com.ar\/site\/wp-json\/wp\/v2\/product_cat?post=18965"},{"taxonomy":"product_tag","embeddable":true,"href":"https:\/\/hidrotecni-k.com.ar\/site\/wp-json\/wp\/v2\/product_tag?post=18965"}],"curies":[{"name":"wp","href":"https:\/\/api.w.org\/{rel}","templated":true}]}}