{"id":18962,"date":"2025-02-18T09:35:06","date_gmt":"2025-02-18T12:35:06","guid":{"rendered":"https:\/\/hidrotecni-k.com.ar\/site\/?post_type=product&#038;p=18962"},"modified":"2025-02-18T09:35:08","modified_gmt":"2025-02-18T12:35:08","slug":"aspersor-de-impacto-circular-metalico-antihelada-de-3-4-alcance-de-10-a-13-5mts","status":"publish","type":"product","link":"https:\/\/hidrotecni-k.com.ar\/site\/producto\/aspersor-de-impacto-circular-metalico-antihelada-de-3-4-alcance-de-10-a-13-5mts\/","title":{"rendered":"Aspersor de impacto circular met\u00e1lico ANTIHELADA de 3\/4. Alcance de 10 a 13.5mts"},"content":{"rendered":"<p>Es un modelo ideal para trabajar en plantaciones agr\u00edcolas, hort\u00edcolas, cereales, tuberculosas, leguminosas, frutales y bajo condiciones ANTI-HELADA.<br \/>\nEste aspersor es circular, est\u00e1 fabricado en lat\u00f3n con conexi\u00f3n de 3\/4&#8243;, pudiendo ser macho o hembra. Su eje y muelles est\u00e1n fabricados en acero inoxidable y sus juntas t\u00f3ricas y arandelas en acero inoxidable, tefl\u00f3n y policarbonatos especiales para resistir al contacto con los fertilizantes m\u00e1s agresivos del mercado. Posee una caperuza protectora del muelle, garantizando que el aspersor nunca se pare durante la \u00e9poca de heladas.<br \/>\nPuede trabajar con una o dos boquillas; la boquilla principal tiene 25 grados de inclinaci\u00f3n respecto al plano horizontal y la secundaria 30 grados.<\/p>\n<p><strong>Caracter\u00edsticas<\/strong><\/p>\n<li>Alcance: 10-13,50 m.<\/li>\n<li>Caudal: 900- 2920 l\/h.<\/li>\n<li>Presi\u00f3n de trabajo: 2,5 &#8211; 6,5 BAR.<\/li>\n<li>\u00c1ngulos de trayectoria: 25\u00ba y 30\u00ba.<\/li>\n<li>Altura m\u00e1xima de chorro: 3,7 m.<\/li>\n<li>Tiempo de rotaci\u00f3n: Dependiendo de la presi\u00f3n y boquillas es  uniforme y continuo.<\/li>\n","protected":false},"excerpt":{"rendered":"<p>Es un modelo agr\u00edcola circular anti-helada, fabricado en lat\u00f3n y con conexi\u00f3n de 3\/4&#8243; macho o hembra. Su eje y muelles est\u00e1n fabricados en acero inoxidable y sus juntas t\u00f3ricas y arandelas en acero inoxidable, tefl\u00f3n y policarbonatos especiales para resistir al contacto con los fertilizantes m\u00e1s agresivos del mercado. Posee una caperuza protectora del muelle, garantizando que el aspersor nunca se pare durante la \u00e9poca de heladas.<\/p>\n","protected":false},"featured_media":18963,"comment_status":"open","ping_status":"closed","template":"","meta":[],"product_brand":[],"product_cat":[69,67,70,65],"product_tag":[],"class_list":{"0":"post-18962","1":"product","2":"type-product","3":"status-publish","4":"has-post-thumbnail","6":"product_cat-agricola","7":"product_cat-aspersion","8":"product_cat-parques-y-jardines","9":"product_cat-riego","11":"first","12":"instock","13":"shipping-taxable","14":"product-type-simple"},"_links":{"self":[{"href":"https:\/\/hidrotecni-k.com.ar\/site\/wp-json\/wp\/v2\/product\/18962","targetHints":{"allow":["GET"]}}],"collection":[{"href":"https:\/\/hidrotecni-k.com.ar\/site\/wp-json\/wp\/v2\/product"}],"about":[{"href":"https:\/\/hidrotecni-k.com.ar\/site\/wp-json\/wp\/v2\/types\/product"}],"replies":[{"embeddable":true,"href":"https:\/\/hidrotecni-k.com.ar\/site\/wp-json\/wp\/v2\/comments?post=18962"}],"wp:featuredmedia":[{"embeddable":true,"href":"https:\/\/hidrotecni-k.com.ar\/site\/wp-json\/wp\/v2\/media\/18963"}],"wp:attachment":[{"href":"https:\/\/hidrotecni-k.com.ar\/site\/wp-json\/wp\/v2\/media?parent=18962"}],"wp:term":[{"taxonomy":"product_brand","embeddable":true,"href":"https:\/\/hidrotecni-k.com.ar\/site\/wp-json\/wp\/v2\/product_brand?post=18962"},{"taxonomy":"product_cat","embeddable":true,"href":"https:\/\/hidrotecni-k.com.ar\/site\/wp-json\/wp\/v2\/product_cat?post=18962"},{"taxonomy":"product_tag","embeddable":true,"href":"https:\/\/hidrotecni-k.com.ar\/site\/wp-json\/wp\/v2\/product_tag?post=18962"}],"curies":[{"name":"wp","href":"https:\/\/api.w.org\/{rel}","templated":true}]}}